{"id":176726,"date":"2024-11-26T18:35:58","date_gmt":"2024-11-26T18:35:58","guid":{"rendered":"https:\/\/nbg.eu\/product\/geissele-border-patrol-rifle-16-5-56mm-black\/"},"modified":"2026-04-22T11:20:56","modified_gmt":"2026-04-22T08:20:56","slug":"geissele-rajavartiolaitoksen-kivaeaeri-16-556mm-musta","status":"publish","type":"product","link":"https:\/\/nbg.eu\/fi\/tuote\/geissele-rajavartiolaitoksen-kivaeaeri-16-556mm-musta\/","title":{"rendered":"Geissele Puoliautomaattinen Karabiini Border Patrol 16&#8243; 5.56MM &#8211; Black"},"content":{"rendered":"<h2>Geissele Border Patrol -kiv\u00e4\u00e4ri, 16&#8243;, 5,56MM &#8211; Musta<\/h2>\n<p>Geissele Border Patrol -kiv\u00e4\u00e4ri on t\u00e4ysin varusteltu palveluskiv\u00e4\u00e4ri. T\u00e4m\u00e4 AR-15 on suunniteltu luotettavaksi ja suorituskykyiseksi.<\/p>\n<h2>Ominaisuudet:<\/h2>\n<ul>\n<li>16,25&#8243; kylm\u00e4taottu piippu kromatulla sis\u00e4pinnalla<\/li>\n<li>1:7 rihlannousu ja 5,56x45mm NATO-kammio<\/li>\n<li>Geissele-pituinen kaasuj\u00e4rjestelm\u00e4 17-4 ruostumattomalla kaasuportilla<\/li>\n<li>14,6&#8243; MK 20 Super Modular -kisko M-Lok-kiinnityksill\u00e4<\/li>\n<li>Super Duty taotut 7075 T6 alumiiniset yl\u00e4- ja alarungot<\/li>\n<li>Geissele Government -virityskahva molempik\u00e4tiseen k\u00e4ytt\u00f6\u00f6n<\/li>\n<li>H2-puskuri ja punottu puskurijousi<\/li>\n<li>ALG Defense Advanced Combat -liipaisin parannetuilla pinnoitteilla<\/li>\n<\/ul>\n<h2>Tekniset tiedot:<\/h2>\n<ul>\n<li>Pituus: 82,6 cm (taitettuna) &#8211; 91,4 cm (ojennettuna)<\/li>\n<li>Paino: Noin 3 kg<\/li>\n<li>Kaliiperi: 5,56MM<\/li>\n<li>V\u00e4ri: Musta<\/li>\n<li>Lukkokehys: Mangaanifosfaattipinnoitettu Geissele BCG<\/li>\n<li>Kaasuportin koko: 1,9 mm<\/li>\n<li>Suujarru: A2-liekinvaimennin<\/li>\n<li>Per\u00e4: BCM Mod 0, Musta<\/li>\n<li>Kahva: B5-kahva Geissele-logolla<\/li>\n<\/ul>\n<p>Border Patrol -kiv\u00e4\u00e4ri on kevyt ja ketter\u00e4, mutta kest\u00e4v\u00e4. Jokainen komponentti on valittu pitk\u00e4aikaiseen k\u00e4ytt\u00f6\u00f6n vaativissa olosuhteissa. Kevennetty MK 20 Super Modular -kisko tarjoaa vakaan kiinnitysalustan, ja kiilattu liit\u00e4nt\u00e4j\u00e4rjestelm\u00e4 pit\u00e4\u00e4 k\u00e4densuojan vakaana k\u00e4yt\u00f6n aikana.<\/p>\n<p>Kiv\u00e4\u00e4ri sis\u00e4lt\u00e4\u00e4 laadukkaat komponentit, kuten Geissele Government -virityskahvan, Super 42 -puskurij\u00e4rjestelm\u00e4n ja ALG Advanced Combat -liipaisimen. T\u00e4m\u00e4 kiv\u00e4\u00e4ri soveltuu sek\u00e4 lainvalvonnan ammattilaisille ett\u00e4 siviileille, jotka etsiv\u00e4t korkealaatuista AR-15-kiv\u00e4\u00e4ri\u00e4.<\/p>\n","protected":false},"excerpt":{"rendered":"<p>Luotettava 16 tuuman 5,56 mm:n AR-15 ensiluokkaisilla ominaisuuksilla pitk\u00e4aikaiseen virkak\u00e4ytt\u00f6\u00f6n.<\/p>\n","protected":false},"featured_media":81493,"template":"","meta":{"_acf_changed":false},"product_brand":[11378],"product_cat":[16194,13157,13225,15803],"product_tag":[],"class_list":{"0":"post-176726","1":"product","2":"type-product","3":"status-publish","4":"has-post-thumbnail","6":"product_brand-geissele","7":"product_cat-ar-15-rifles-fi","8":"product_cat-karbiinit","9":"product_cat-kivaeaeri","10":"product_cat-semi-automatic-rifles-fi","12":"first","13":"instock","14":"taxable","15":"shipping-taxable","16":"product-type-simple"},"acf":[],"_links":{"self":[{"href":"https:\/\/nbg.eu\/fi\/wp-json\/wp\/v2\/product\/176726","targetHints":{"allow":["GET"]}}],"collection":[{"href":"https:\/\/nbg.eu\/fi\/wp-json\/wp\/v2\/product"}],"about":[{"href":"https:\/\/nbg.eu\/fi\/wp-json\/wp\/v2\/types\/product"}],"wp:featuredmedia":[{"embeddable":true,"href":"https:\/\/nbg.eu\/fi\/wp-json\/wp\/v2\/media\/81493"}],"wp:attachment":[{"href":"https:\/\/nbg.eu\/fi\/wp-json\/wp\/v2\/media?parent=176726"}],"wp:term":[{"taxonomy":"product_brand","embeddable":true,"href":"https:\/\/nbg.eu\/fi\/wp-json\/wp\/v2\/product_brand?post=176726"},{"taxonomy":"product_cat","embeddable":true,"href":"https:\/\/nbg.eu\/fi\/wp-json\/wp\/v2\/product_cat?post=176726"},{"taxonomy":"product_tag","embeddable":true,"href":"https:\/\/nbg.eu\/fi\/wp-json\/wp\/v2\/product_tag?post=176726"}],"curies":[{"name":"wp","href":"https:\/\/api.w.org\/{rel}","templated":true}]}}