{"id":176856,"date":"2024-11-01T10:30:55","date_gmt":"2024-11-01T07:30:55","guid":{"rendered":"https:\/\/nbg.eu\/product\/ipsc-mini-cardboard-targets\/"},"modified":"2026-01-21T12:16:48","modified_gmt":"2026-01-21T09:16:48","slug":"ipsc-mini-cardboard-targets","status":"publish","type":"product","link":"https:\/\/nbg.eu\/fi\/tuote\/ipsc-mini-cardboard-targets\/","title":{"rendered":"IPSC Mini Cardboard Targets"},"content":{"rendered":"<div class=\"product-description\">\n<h2>IPSC Mini-pahvitaulut &#8211; 100 kappaleen pakkaus<\/h2>\n<p>2\/3 kokoisia (60% alkuper\u00e4isest\u00e4) IPSC pahvitauluja. Jokainen pakkaus sis\u00e4lt\u00e4\u00e4 100 kappaletta.<\/p>\n<ul>\n<li>Selke\u00e4t pistelinjat tarkkaa pisteytyst\u00e4 varten<\/li>\n<li>Kest\u00e4v\u00e4 rakenne<\/li>\n<li>Valkoinen takapuoli k\u00e4ytett\u00e4v\u00e4ksi suojana tai ei-ammuttavina kohteina<\/li>\n<li>Sopiva pidempien et\u00e4isyyksien simulointiin rajoitetussa tilassa<\/li>\n<li>Soveltuu Airsoft-harjoitteluun lyhyemmill\u00e4 et\u00e4isyyksill\u00e4<\/li>\n<\/ul>\n<p>N\u00e4m\u00e4 taulut kest\u00e4v\u00e4t useampia osumia ennen vaihtoa. Pienempi koko mahdollistaa pitk\u00e4n matkan laukausten harjoittelun my\u00f6s pienemmill\u00e4 ampumaradoilla.<\/p>\n<p>IPSC Mini-pahvitaulut ovat monik\u00e4ytt\u00f6isi\u00e4 harjoitteluv\u00e4lineit\u00e4.<\/p>\n<\/div>\n","protected":false},"excerpt":{"rendered":"<p>IPSC Mini-pahvitaulut: Kest\u00e4v\u00e4t, monik\u00e4ytt\u00f6iset, 60 % koossa todenmukaiseen harjoitteluun.<\/p>\n","protected":false},"featured_media":75282,"template":"","meta":{"_acf_changed":false},"product_brand":[11270],"product_cat":[13181,13160,13233],"product_tag":[],"class_list":{"0":"post-176856","1":"product","2":"type-product","3":"status-publish","4":"has-post-thumbnail","6":"product_brand-doublealpha","7":"product_cat-maalit","8":"product_cat-paperimaali","9":"product_cat-varusteet","11":"first","12":"outofstock","13":"taxable","14":"shipping-taxable","15":"purchasable","16":"product-type-simple"},"acf":[],"_links":{"self":[{"href":"https:\/\/nbg.eu\/fi\/wp-json\/wp\/v2\/product\/176856","targetHints":{"allow":["GET"]}}],"collection":[{"href":"https:\/\/nbg.eu\/fi\/wp-json\/wp\/v2\/product"}],"about":[{"href":"https:\/\/nbg.eu\/fi\/wp-json\/wp\/v2\/types\/product"}],"wp:featuredmedia":[{"embeddable":true,"href":"https:\/\/nbg.eu\/fi\/wp-json\/wp\/v2\/media\/75282"}],"wp:attachment":[{"href":"https:\/\/nbg.eu\/fi\/wp-json\/wp\/v2\/media?parent=176856"}],"wp:term":[{"taxonomy":"product_brand","embeddable":true,"href":"https:\/\/nbg.eu\/fi\/wp-json\/wp\/v2\/product_brand?post=176856"},{"taxonomy":"product_cat","embeddable":true,"href":"https:\/\/nbg.eu\/fi\/wp-json\/wp\/v2\/product_cat?post=176856"},{"taxonomy":"product_tag","embeddable":true,"href":"https:\/\/nbg.eu\/fi\/wp-json\/wp\/v2\/product_tag?post=176856"}],"curies":[{"name":"wp","href":"https:\/\/api.w.org\/{rel}","templated":true}]}}