{"id":22541,"date":"2024-08-19T20:28:32","date_gmt":"2024-08-19T17:28:32","guid":{"rendered":"https:\/\/nbg.eu\/product\/tuote-2\/"},"modified":"2026-04-16T16:52:18","modified_gmt":"2026-04-16T13:52:18","slug":"slide-stop-jousitappi-kmr","status":"publish","type":"product","link":"https:\/\/nbg.eu\/fi\/tuote\/slide-stop-jousitappi-kmr\/","title":{"rendered":"KMR Luistin Pys\u00e4yttimen Jousen Tappi"},"content":{"rendered":"<h2>Liukutapin jousipinni KMR<\/h2>\n<p>Paranna ampuma-aseesi toimintaa ja luotettavuutta Liukutapin jousipinni KMR:ll\u00e4. T\u00e4m\u00e4 tarkasti suunniteltu komponentti on suunniteltu pit\u00e4m\u00e4\u00e4n liukutapin tukevasti paikallaan, varmistaen aseesi sujuvan ja johdonmukaisen toiminnan. Korkealaatuisista materiaaleista valmistettu Liukutapin jousipinni KMR on rakennettu kest\u00e4m\u00e4\u00e4n s\u00e4\u00e4nn\u00f6llisen k\u00e4yt\u00f6n ja kareiden ymp\u00e4rist\u00f6jen rasitukset.<\/p>\n<p>Kest\u00e4v\u00e4n jousirakenteen ansiosta Liukutapin jousipinni KMR tarjoaa luotettavan suorituskyvyn ja tukevat istuvuuden, est\u00e4en ei-toivotun liukutapin liikkeen tai irtoamisen. Sen kompakti koko ja saumaton integrointi tekev\u00e4t siit\u00e4 olennaisen lis\u00e4n ampuma-aseesi huolto- ja p\u00e4ivitysvalikoimaan.<\/p>\n<p>Oletpa kokenut ampuja tai aseharrastaja, Liukutapin jousipinni KMR on v\u00e4ltt\u00e4m\u00e4t\u00f6n lis\u00e4varuste aseesi optimaalisen suorituskyvyn yll\u00e4pitoon. P\u00e4ivit\u00e4 ampuma-aseesi t\u00e4ll\u00e4 luotettavalla ja helppok\u00e4ytt\u00f6isell\u00e4 komponentilla ja koe ero ammuntakokemuksessasi.<\/p>\n","protected":false},"excerpt":{"rendered":"<p>Luotettava jousikuormitettu liukutappi turvallista KMR-kiinnityst\u00e4 varten.<\/p>\n","protected":false},"featured_media":60767,"template":"","meta":{"_acf_changed":false},"product_brand":[11494],"product_cat":[13193,13175],"product_tag":[],"class_list":{"0":"post-22541","1":"product","2":"type-product","3":"status-publish","4":"has-post-thumbnail","6":"product_brand-kmr-precision","7":"product_cat-jouset","8":"product_cat-kmr-osat","10":"first","11":"instock","12":"taxable","13":"shipping-taxable","14":"product-type-simple"},"acf":[],"_links":{"self":[{"href":"https:\/\/nbg.eu\/fi\/wp-json\/wp\/v2\/product\/22541","targetHints":{"allow":["GET"]}}],"collection":[{"href":"https:\/\/nbg.eu\/fi\/wp-json\/wp\/v2\/product"}],"about":[{"href":"https:\/\/nbg.eu\/fi\/wp-json\/wp\/v2\/types\/product"}],"wp:featuredmedia":[{"embeddable":true,"href":"https:\/\/nbg.eu\/fi\/wp-json\/wp\/v2\/media\/60767"}],"wp:attachment":[{"href":"https:\/\/nbg.eu\/fi\/wp-json\/wp\/v2\/media?parent=22541"}],"wp:term":[{"taxonomy":"product_brand","embeddable":true,"href":"https:\/\/nbg.eu\/fi\/wp-json\/wp\/v2\/product_brand?post=22541"},{"taxonomy":"product_cat","embeddable":true,"href":"https:\/\/nbg.eu\/fi\/wp-json\/wp\/v2\/product_cat?post=22541"},{"taxonomy":"product_tag","embeddable":true,"href":"https:\/\/nbg.eu\/fi\/wp-json\/wp\/v2\/product_tag?post=22541"}],"curies":[{"name":"wp","href":"https:\/\/api.w.org\/{rel}","templated":true}]}}