{"id":236090,"date":"2025-03-03T23:03:09","date_gmt":"2025-03-03T20:03:09","guid":{"rendered":"https:\/\/nbg.eu\/?post_type=product&#038;p=236090"},"modified":"2026-01-28T15:49:05","modified_gmt":"2026-01-28T12:49:05","slug":"grips-kmr-s-modular-hiekkapaperi-hopea","status":"publish","type":"product","link":"https:\/\/nbg.eu\/fi\/tuote\/grips-kmr-s-modular-hiekkapaperi-hopea\/","title":{"rendered":"GRIPS KMR S MODULAARINEN HIEKKAPAPERI HOPEA"},"content":{"rendered":"<h2>GRIPS KMR S Modulaarinen hiekkapaperi &#8211; Hopea<\/h2>\n<p>Paranna KMR S-02 -pistoolin k\u00e4sittely\u00e4 ja mukavuutta k\u00e4ytt\u00e4m\u00e4ll\u00e4 premium-tasoisia modulaarisia hiekkapaperin kahvoja. N\u00e4m\u00e4 pitk\u00e4t kahvat on valmistettu anodisoitua duralumiinia.<\/p>\n<h2>Ominaisuudet:<\/h2>\n<ul>\n<li>Eksklusiivinen sovitus KMR S-02 .22 LR -malleihin<\/li>\n<li>Kest\u00e4v\u00e4 anodisoitu duralumiininen rakenne<\/li>\n<li>Suunniteltu k\u00e4ytt\u00f6\u00f6n ilman lipastukea<\/li>\n<li>Sis\u00e4lt\u00e4\u00e4 torx-ruuvit helppoon asennukseen<\/li>\n<li>Tyylik\u00e4s musta viimeistely KMR-logolla<\/li>\n<\/ul>\n<p>Huomautus: N\u00e4m\u00e4 kahvat on suunniteltu erityisesti 26 mm:n leve\u00e4lle alumiinikehykselle KMR S-02:ssa, eik\u00e4 ne ole yhteensopivia W-02- tai L-02-kehyskoon kanssa. Paranna otettasi ja tarkkuuttasi ampuessa t\u00e4ll\u00e4 r\u00e4\u00e4t\u00e4l\u00f6idyll\u00e4 ratkaisulla KMR S-02 -pistoolillesi.<\/p>\n<dl class=\"data-sheet\">\n<dt class=\"name\">Aseille KMR<\/dt>\n<dd class=\"value\">KMR S-01 LANCE (OR)<br \/>\nKMR S-02 VUOTEEN 2023 ASTI<\/dd>\n<dt class=\"name\">Valinta aseille CZ<\/dt>\n<dd class=\"value\">CZ SHADOW 1<br \/>\nCZ SHADOW 2<br \/>\nCZ SHADOW 2 (OR)<br \/>\nCZ SP-01<\/dd>\n<\/dl>\n","protected":false},"excerpt":{"rendered":"<p>KMR S-02 hopeinen modulaarinen kahva, alumiininen runko yhteensopiva.<br \/>\n0611-03101-0101<\/p>\n","protected":false},"featured_media":719970,"template":"","meta":{"_acf_changed":false},"product_brand":[11494],"product_cat":[13175,14875],"product_tag":[],"class_list":{"0":"post-236090","1":"product","2":"type-product","3":"status-publish","4":"has-post-thumbnail","6":"product_brand-kmr-precision","7":"product_cat-kmr-osat","8":"product_cat-pistol-grips-fi","10":"first","11":"instock","12":"taxable","13":"shipping-taxable","14":"purchasable","15":"product-type-simple"},"acf":[],"_links":{"self":[{"href":"https:\/\/nbg.eu\/fi\/wp-json\/wp\/v2\/product\/236090","targetHints":{"allow":["GET"]}}],"collection":[{"href":"https:\/\/nbg.eu\/fi\/wp-json\/wp\/v2\/product"}],"about":[{"href":"https:\/\/nbg.eu\/fi\/wp-json\/wp\/v2\/types\/product"}],"wp:featuredmedia":[{"embeddable":true,"href":"https:\/\/nbg.eu\/fi\/wp-json\/wp\/v2\/media\/719970"}],"wp:attachment":[{"href":"https:\/\/nbg.eu\/fi\/wp-json\/wp\/v2\/media?parent=236090"}],"wp:term":[{"taxonomy":"product_brand","embeddable":true,"href":"https:\/\/nbg.eu\/fi\/wp-json\/wp\/v2\/product_brand?post=236090"},{"taxonomy":"product_cat","embeddable":true,"href":"https:\/\/nbg.eu\/fi\/wp-json\/wp\/v2\/product_cat?post=236090"},{"taxonomy":"product_tag","embeddable":true,"href":"https:\/\/nbg.eu\/fi\/wp-json\/wp\/v2\/product_tag?post=236090"}],"curies":[{"name":"wp","href":"https:\/\/api.w.org\/{rel}","templated":true}]}}