{"id":275124,"date":"2025-03-03T12:58:09","date_gmt":"2025-03-03T12:58:09","guid":{"rendered":"https:\/\/nbg.eu\/product\/bore-tech-extreme-grease-hd-10ml\/"},"modified":"2026-01-21T11:38:40","modified_gmt":"2026-01-21T08:38:40","slug":"bore-tech-extreme-hd-rasva-10ml","status":"publish","type":"product","link":"https:\/\/nbg.eu\/fi\/tuote\/bore-tech-extreme-hd-rasva-10ml\/","title":{"rendered":"Bore Tech EXTREME HD rasva 10ml"},"content":{"rendered":"<h2>Bore Tech EXTREME GREASE HD 10ml<\/h2>\n<p>Bore Tech EXTREME GREASE HD on synteettinen rasva aseiden toiminnan parantamiseen.<\/p>\n<ul>\n<li>K\u00e4ytt\u00f6l\u00e4mp\u00f6tila-alue: -65\u00b0C &#8211; +371\u00b0C<\/li>\n<li>Laajennettu l\u00e4mp\u00f6tila-alue: jopa 1093\u00b0C<\/li>\n<li>Ei j\u00e4m\u00e4hd\u00e4 tai valu<\/li>\n<li>Voitelu ja kiinnileikkautumisen esto<\/li>\n<li>Alhainen kitkakerroin<\/li>\n<li>Ruosteenesto<\/li>\n<li>Nanokeraamisia l\u00e4mp\u00f6voiteluaineita<\/li>\n<\/ul>\n<p>Soveltuu lukitusluisteille, rungon kiskoille, saranatapeille ja nokkaimekanismeille. Parantaa toimintaa ja osien kest\u00e4vyytt\u00e4 vaativissa olosuhteissa.<\/p>\n<p>10 ml muoviputkilo annosteluk\u00e4rjell\u00e4 ja kierrekorkilla.<\/p>\n","protected":false},"excerpt":{"rendered":"<p>Eritt\u00e4in tahmeaa synteettist\u00e4 aseiden rasvaa \u00e4\u00e4riolosuhteisiin (-65\u00b0C &#8211; 371\u00b0C)<\/p>\n","protected":false},"featured_media":235471,"template":"","meta":{"_acf_changed":false},"product_brand":[11151],"product_cat":[13167,13180],"product_tag":[],"class_list":{"0":"post-275124","1":"product","2":"type-product","3":"status-publish","4":"has-post-thumbnail","6":"product_brand-boretech","7":"product_cat-aseen-puhdistus","8":"product_cat-voiteluaineet","10":"first","11":"outofstock","12":"taxable","13":"shipping-taxable","14":"purchasable","15":"product-type-simple"},"acf":[],"_links":{"self":[{"href":"https:\/\/nbg.eu\/fi\/wp-json\/wp\/v2\/product\/275124","targetHints":{"allow":["GET"]}}],"collection":[{"href":"https:\/\/nbg.eu\/fi\/wp-json\/wp\/v2\/product"}],"about":[{"href":"https:\/\/nbg.eu\/fi\/wp-json\/wp\/v2\/types\/product"}],"wp:featuredmedia":[{"embeddable":true,"href":"https:\/\/nbg.eu\/fi\/wp-json\/wp\/v2\/media\/235471"}],"wp:attachment":[{"href":"https:\/\/nbg.eu\/fi\/wp-json\/wp\/v2\/media?parent=275124"}],"wp:term":[{"taxonomy":"product_brand","embeddable":true,"href":"https:\/\/nbg.eu\/fi\/wp-json\/wp\/v2\/product_brand?post=275124"},{"taxonomy":"product_cat","embeddable":true,"href":"https:\/\/nbg.eu\/fi\/wp-json\/wp\/v2\/product_cat?post=275124"},{"taxonomy":"product_tag","embeddable":true,"href":"https:\/\/nbg.eu\/fi\/wp-json\/wp\/v2\/product_tag?post=275124"}],"curies":[{"name":"wp","href":"https:\/\/api.w.org\/{rel}","templated":true}]}}