{"id":275964,"date":"2025-03-03T22:22:36","date_gmt":"2025-03-03T19:22:36","guid":{"rendered":"https:\/\/nbg.eu\/product\/qwik-dri-dry-lubricant-1-oz\/"},"modified":"2026-01-21T11:41:29","modified_gmt":"2026-01-21T08:41:29","slug":"qwik-dri-kuivavoiteluaine-1-unssi","status":"publish","type":"product","link":"https:\/\/nbg.eu\/fi\/tuote\/qwik-dri-kuivavoiteluaine-1-unssi\/","title":{"rendered":"QWIK-DRI kuivavoiteluaine 1 unssi"},"content":{"rendered":"<h2>QWIK-DRI KUIVOITUSAINE, 30 ml<\/h2>\n<p>Bore Tech Qwik-Dri\u2122 on kuivavoiteluaine aseiden huoltoon. T\u00e4m\u00e4 30 ml pullo sis\u00e4lt\u00e4\u00e4 PTFE-hiukkasia nopeasti haihtuvassa kantaja-aineessa.<\/p>\n<ul>\n<li>Tunkeutuu metallin huokosiin<\/li>\n<li>Muodostaa kest\u00e4v\u00e4n kuivakalvon<\/li>\n<li>Toimii \u00e4\u00e4rimm\u00e4isiss\u00e4 l\u00e4mp\u00f6tiloissa (-73\u00b0C &#8211; 316\u00b0C)<\/li>\n<li>V\u00e4hent\u00e4\u00e4 kitkaa ja kulumista 95%<\/li>\n<li>Hylkii p\u00f6ly\u00e4 ja likaa<\/li>\n<li>\u00d6ljyt\u00f6n levitys<\/li>\n<\/ul>\n<p>Sopii pistoolin luisteille, liipaisimille, kiv\u00e4\u00e4rin lukoille ja lippaille. Qwik-Dri\u2122 varmistaa sujuvan toiminnan. Sopii koteloiduille aseille, ei tahraa vaatteita. Valmistettu Yhdysvalloissa.<\/p>\n<p><strong>Valitse Bore Tech Qwik-Dri\u2122.<\/strong><\/p>\n","protected":false},"excerpt":{"rendered":"<p>QWIK-DRI: Nopeasti kuivuva PTFE-voiteluaine \u00e4\u00e4rimm\u00e4isiin l\u00e4mp\u00f6tiloihin. Hylkii likaa.<\/p>\n","protected":false},"featured_media":235674,"template":"","meta":{"_acf_changed":false},"product_brand":[11151],"product_cat":[13167,13240,13180],"product_tag":[],"class_list":{"0":"post-275964","1":"product","2":"type-product","3":"status-publish","4":"has-post-thumbnail","6":"product_brand-boretech","7":"product_cat-aseen-puhdistus","8":"product_cat-puhdistusaineet","9":"product_cat-voiteluaineet","11":"first","12":"instock","13":"taxable","14":"shipping-taxable","15":"purchasable","16":"product-type-simple"},"acf":[],"_links":{"self":[{"href":"https:\/\/nbg.eu\/fi\/wp-json\/wp\/v2\/product\/275964","targetHints":{"allow":["GET"]}}],"collection":[{"href":"https:\/\/nbg.eu\/fi\/wp-json\/wp\/v2\/product"}],"about":[{"href":"https:\/\/nbg.eu\/fi\/wp-json\/wp\/v2\/types\/product"}],"wp:featuredmedia":[{"embeddable":true,"href":"https:\/\/nbg.eu\/fi\/wp-json\/wp\/v2\/media\/235674"}],"wp:attachment":[{"href":"https:\/\/nbg.eu\/fi\/wp-json\/wp\/v2\/media?parent=275964"}],"wp:term":[{"taxonomy":"product_brand","embeddable":true,"href":"https:\/\/nbg.eu\/fi\/wp-json\/wp\/v2\/product_brand?post=275964"},{"taxonomy":"product_cat","embeddable":true,"href":"https:\/\/nbg.eu\/fi\/wp-json\/wp\/v2\/product_cat?post=275964"},{"taxonomy":"product_tag","embeddable":true,"href":"https:\/\/nbg.eu\/fi\/wp-json\/wp\/v2\/product_tag?post=275964"}],"curies":[{"name":"wp","href":"https:\/\/api.w.org\/{rel}","templated":true}]}}