{"id":277911,"date":"2025-03-07T22:09:14","date_gmt":"2025-03-07T19:09:14","guid":{"rendered":"https:\/\/nbg.eu\/product\/vortex-strike-eagle-1-8x24-ffp\/"},"modified":"2026-01-21T11:46:17","modified_gmt":"2026-01-21T08:46:17","slug":"vortex-strike-eagle-1-8x24-ffp","status":"publish","type":"product","link":"https:\/\/nbg.eu\/fi\/tuote\/vortex-strike-eagle-1-8x24-ffp\/","title":{"rendered":"Vortex &#8211; Strike Eagle\u00ae &#8211; 1-8&#215;24 FFP"},"content":{"rendered":"<div class=\"product-description\">\n<h1>Vortex &#8211; Strike Eagle\u00ae &#8211; 1-8&#215;24 FFP<\/h1>\n<p>Strike Eagle\u00ae on taktinen kiikarit\u00e4ht\u00e4in, joka tarjoaa monipuolisuutta ja optista suorituskyky\u00e4. Kest\u00e4v\u00e4n rakenteen, laadukkaan lasin ja edistyneiden ominaisuuksien ansiosta t\u00e4ht\u00e4in soveltuu sek\u00e4 nopeisiin tilanteisiin ett\u00e4 pitk\u00e4n matkan ammuntaan 1000 jaardin et\u00e4isyydelle asti.<\/p>\n<h2>T\u00e4rkeimm\u00e4t ominaisuudet:<\/h2>\n<ul>\n<li>Suurennus: 1-8x<\/li>\n<li>Objektiivin halkaisija: 24 mm<\/li>\n<li>Ensimm\u00e4inen polttotaso (FFP)<\/li>\n<li>EBR-8 MOA -ristikko<\/li>\n<li>Silm\u00e4et\u00e4isyys: 3,9&#8243;<\/li>\n<li>N\u00e4k\u00f6kentt\u00e4: 113,6&#8242; &#8211; 14,1&#8242; @ 100 jaardia<\/li>\n<li>30 mm putken koko<\/li>\n<li>1\/4 MOA s\u00e4\u00e4t\u00f6asteikko<\/li>\n<li>145 MOA maksimi korkeus- ja tuulis\u00e4\u00e4t\u00f6<\/li>\n<li>Paino: 23,9 unssia<\/li>\n<\/ul>\n<h2>EBR-8 ristikko:<\/h2>\n<p>EBR-8 MOA ensimm\u00e4isen polttotason, lasiin etsattu, valaistu ristikko mahdollistaa nopean ampumisen l\u00e4hiet\u00e4isyydelt\u00e4 600 jaardiin .223\/5.56mm ja .308\/7.62mm patruunoilla. Ristikkoa voidaan k\u00e4ytt\u00e4\u00e4 my\u00f6s muilla kaliipereilla ja latauksilla BDC-merkkej\u00e4 hy\u00f6dynt\u00e4en.<\/p>\n<h2>Kest\u00e4vyys ja kirkkaus:<\/h2>\n<ul>\n<li>Lentokonealumiinista valmistettu rakenne<\/li>\n<li>ArmorTek\u00ae naarmuuntumista kest\u00e4v\u00e4 pinnoite<\/li>\n<li>T\u00e4ysin monitoimittu linssi optimaaliseen valon l\u00e4p\u00e4isyyn<\/li>\n<li>Iskunkest\u00e4v\u00e4 rakenne<\/li>\n<\/ul>\n<h2>Lis\u00e4ominaisuudet:<\/h2>\n<ul>\n<li>Suojatut s\u00e4\u00e4t\u00f6tornit<\/li>\n<li>25 MOA s\u00e4\u00e4t\u00f6 per kierros<\/li>\n<li>Parallaksiasetus: 125 jaardia<\/li>\n<li>Mukana suurennuksen s\u00e4\u00e4t\u00f6vipu<\/li>\n<\/ul>\n<p>Vortex Strike Eagle\u00ae 1-8&#215;24 FFP on monipuolinen ja suorituskykyinen kiikarit\u00e4ht\u00e4in. Se soveltuu sek\u00e4 l\u00e4hiet\u00e4isyyden ett\u00e4 pitk\u00e4n matkan ammuntaan erilaisissa ampumatilanteissa.<\/p>\n<\/div>\n","protected":false},"excerpt":{"rendered":"<p>Monipuolinen 1-8&#215;24 FFP-kiikarit\u00e4ht\u00e4in EBR-8-ristikolla. Kest\u00e4v\u00e4, suorituskykyinen optiikka taktiseen ampumiseen.<\/p>\n","protected":false},"featured_media":249201,"template":"","meta":{"_acf_changed":false},"product_brand":[11957],"product_cat":[13189,13176],"product_tag":[],"class_list":{"0":"post-277911","1":"product","2":"type-product","3":"status-publish","4":"has-post-thumbnail","6":"product_brand-vortex","7":"product_cat-suurennetut-optiikka","8":"product_cat-taehtaeaeminen","10":"first","11":"outofstock","12":"taxable","13":"shipping-taxable","14":"purchasable","15":"product-type-simple"},"acf":[],"_links":{"self":[{"href":"https:\/\/nbg.eu\/fi\/wp-json\/wp\/v2\/product\/277911","targetHints":{"allow":["GET"]}}],"collection":[{"href":"https:\/\/nbg.eu\/fi\/wp-json\/wp\/v2\/product"}],"about":[{"href":"https:\/\/nbg.eu\/fi\/wp-json\/wp\/v2\/types\/product"}],"wp:featuredmedia":[{"embeddable":true,"href":"https:\/\/nbg.eu\/fi\/wp-json\/wp\/v2\/media\/249201"}],"wp:attachment":[{"href":"https:\/\/nbg.eu\/fi\/wp-json\/wp\/v2\/media?parent=277911"}],"wp:term":[{"taxonomy":"product_brand","embeddable":true,"href":"https:\/\/nbg.eu\/fi\/wp-json\/wp\/v2\/product_brand?post=277911"},{"taxonomy":"product_cat","embeddable":true,"href":"https:\/\/nbg.eu\/fi\/wp-json\/wp\/v2\/product_cat?post=277911"},{"taxonomy":"product_tag","embeddable":true,"href":"https:\/\/nbg.eu\/fi\/wp-json\/wp\/v2\/product_tag?post=277911"}],"curies":[{"name":"wp","href":"https:\/\/api.w.org\/{rel}","templated":true}]}}