{"id":283449,"date":"2025-03-07T20:40:36","date_gmt":"2025-03-07T17:40:36","guid":{"rendered":"https:\/\/nbg.eu\/product\/rusan-adapter-arm52-64-64mm\/"},"modified":"2026-01-21T11:38:39","modified_gmt":"2026-01-21T08:38:39","slug":"rusan-adapter-arm52-64-64mm","status":"publish","type":"product","link":"https:\/\/nbg.eu\/fi\/tuote\/rusan-adapter-arm52-64-64mm\/","title":{"rendered":"Rusan &#8211; Adapter ARM52-64, 64mm"},"content":{"rendered":"<div class=\"product-description\">\n<h1>Rusan &#8211; Adapteri ARM52-64, 64mm<\/h1>\n<h2>Vahva, mukautuva ja tarkasti suunniteltu<\/h2>\n<p>Rusan &#8211; Adapteri ARM52-64 on 64 mm:n kiinnitysratkaisu, joka yhdist\u00e4\u00e4 vahvuuden, mukautuvuuden ja tarkkuuden. Se on suunniteltu optimoimaan asetuksesi eri ampumatilanteisiin.<\/p>\n<h3>Ominaisuudet:<\/h3>\n<ul>\n<li><strong>RRS-Lock\u2122 -j\u00e4rjestelm\u00e4:<\/strong> Sis\u00e4lt\u00e4\u00e4 turvaominaisuuksia sek\u00e4 asennuskiskossa ett\u00e4 pikakiinnityspuristimessa, noudattaen RRS 1.5&#8243; -standardia. Useita pys\u00e4ytyskohtia kiskossa ja sile\u00e4t reunat ergonomisuuden vuoksi.<\/li>\n<li><strong>Helppo yl\u00e4lataus:<\/strong> Siirtyminen suljetusta t\u00e4ysin avoimeen yhdell\u00e4 liikkeell\u00e4, mahdollistaa RRS Dovetail ja Arca-Swiss -yhteensopivien pikakiinnityslevyjen helpon lataamisen.<\/li>\n<li><strong>Lukituksen visuaalinen vahvistus:<\/strong> Vivun asento on helppo havaita &#8211; lukittu, puoliksi auki tai t\u00e4ysin auki.<\/li>\n<li><strong>S\u00e4\u00e4dett\u00e4v\u00e4 kireys:<\/strong> Puristimen kireyden hienos\u00e4\u00e4t\u00f6 parantaa yhteensopivuutta kolmannen osapuolen levyjen ja kiskojen kanssa.<\/li>\n<li><strong>Patentoitu kaksoispuristin:<\/strong> Sopii sek\u00e4 Picatinny- ett\u00e4 Arca-tyylisille kiskoille.<\/li>\n<li><strong>K\u00e4ytt\u00e4j\u00e4yst\u00e4v\u00e4llinen suunnittelu:<\/strong> Taaksep\u00e4in yhteensopiva ei-RRS-Lock\u2122 Arca-tyyppisten kiskojen kanssa.<\/li>\n<\/ul>\n<h3>Yhteensopivat kaksijalat:<\/h3>\n<ul>\n<li>B&amp;T Industries&#8217; Atlas A.R.M.S. 17s kaksijalat<\/li>\n<li>Thunder Beast Arms TBAC<\/li>\n<li>Magpul A.R.M.S. 17s Style<\/li>\n<li>Kaikki muut A.R.M.S. 17s sovellukset<\/li>\n<\/ul>\n<h3>Tekniset tiedot:<\/h3>\n<table>\n<tr>\n<td>Leuan pituus:<\/td>\n<td>1,97&#8243; \/ 50mm<\/td>\n<\/tr>\n<tr>\n<td>Leveys:<\/td>\n<td>2,94&#8243; \/ 74,6mm<\/td>\n<\/tr>\n<tr>\n<td>Korkeus:<\/td>\n<td>0,7&#8243; \/ 17,4mm<\/td>\n<\/tr>\n<tr>\n<td>Paino:<\/td>\n<td>3,8oz \/ 107g (sis\u00e4lt\u00e4en kiinnitystarvikkeet)<\/td>\n<\/tr>\n<\/table>\n<p>Rusan &#8211; Adapteri ARM52-64 on suunniteltu tarkka-ammuntaan. T\u00e4m\u00e4 adapteri varmistaa, ett\u00e4 varusteesi on kiinnitetty luotettavalla puristusj\u00e4rjestelm\u00e4ll\u00e4.<\/p>\n<\/div>\n","protected":false},"excerpt":{"rendered":"<p>Rusan ARM52-64: 64 mm:n sovitin tarkkuusasennukseen. Kest\u00e4v\u00e4, monipuolinen ja suunniteltu optimaaliseen suorituskykyyn.<\/p>\n","protected":false},"featured_media":248362,"template":"","meta":{"_acf_changed":false},"product_brand":[11686],"product_cat":[13196,13176,13201],"product_tag":[],"class_list":{"0":"post-283449","1":"product","2":"type-product","3":"status-publish","4":"has-post-thumbnail","6":"product_brand-rusan","7":"product_cat-laempoekamera","8":"product_cat-taehtaeaeminen","9":"product_cat-taehtaeyksen-lisaevarusteet","11":"first","12":"outofstock","13":"taxable","14":"shipping-taxable","15":"purchasable","16":"product-type-simple"},"acf":[],"_links":{"self":[{"href":"https:\/\/nbg.eu\/fi\/wp-json\/wp\/v2\/product\/283449","targetHints":{"allow":["GET"]}}],"collection":[{"href":"https:\/\/nbg.eu\/fi\/wp-json\/wp\/v2\/product"}],"about":[{"href":"https:\/\/nbg.eu\/fi\/wp-json\/wp\/v2\/types\/product"}],"wp:featuredmedia":[{"embeddable":true,"href":"https:\/\/nbg.eu\/fi\/wp-json\/wp\/v2\/media\/248362"}],"wp:attachment":[{"href":"https:\/\/nbg.eu\/fi\/wp-json\/wp\/v2\/media?parent=283449"}],"wp:term":[{"taxonomy":"product_brand","embeddable":true,"href":"https:\/\/nbg.eu\/fi\/wp-json\/wp\/v2\/product_brand?post=283449"},{"taxonomy":"product_cat","embeddable":true,"href":"https:\/\/nbg.eu\/fi\/wp-json\/wp\/v2\/product_cat?post=283449"},{"taxonomy":"product_tag","embeddable":true,"href":"https:\/\/nbg.eu\/fi\/wp-json\/wp\/v2\/product_tag?post=283449"}],"curies":[{"name":"wp","href":"https:\/\/api.w.org\/{rel}","templated":true}]}}