{"id":284893,"date":"2024-01-30T18:08:20","date_gmt":"2024-01-30T18:08:20","guid":{"rendered":"https:\/\/nbg.eu\/product\/area-419-mini-pad-the-gripchanger\/"},"modified":"2026-01-21T12:04:24","modified_gmt":"2026-01-21T09:04:24","slug":"area-419-mini-pad-gripchanger","status":"publish","type":"product","link":"https:\/\/nbg.eu\/fi\/tuote\/area-419-mini-pad-gripchanger\/","title":{"rendered":"Area 419 &#8211; Mini Pad, GripChanger"},"content":{"rendered":"<div class=\"product-description\">\n<h2>Area 419 &#8211; Mini Pad, GripChanger<\/h2>\n<p>GripChanger on uusin lis\u00e4ys RailChanger-tuotevalikoimaamme. T\u00e4m\u00e4 kompakti, pit\u00e4v\u00e4 ja tihe\u00e4sti t\u00e4ytetty pussi sopii nopeaan asennon rakentamiseen tai k\u00e4ytt\u00f6\u00f6n pieniss\u00e4 aukoissa.<\/p>\n<h3>Ominaisuudet:<\/h3>\n<ul>\n<li>Painaa noin 0,45 kg<\/li>\n<li>Tarttuu mihin tahansa pintaan<\/li>\n<li>Tarjoaa vakaan alustan nopeaan asennukseen<\/li>\n<\/ul>\n<h3>Pakkaus sis\u00e4lt\u00e4\u00e4:<\/h3>\n<ul>\n<li>1 Area 419 GripChanger -pussi<\/li>\n<li>1 ARCALOCK-kiinnitin<\/li>\n<li>1 Area 419 Rail Changer -varsi<\/li>\n<\/ul>\n<h3>Tekniset tiedot:<\/h3>\n<ul>\n<li>Paino: 0,45 kg<\/li>\n<li>Mitat: 25,4 \u00d7 7,6 \u00d7 5,1 cm<\/li>\n<li>Valmistaja: Armageddon Gear<\/li>\n<\/ul>\n<\/div>\n","protected":false},"excerpt":{"rendered":"<p>&#8221;Kompakti, pit\u00e4v\u00e4 450 gramman pussi nopeisiin ja vakaisiin ampuma-asentoihin. Sis\u00e4lt\u00e4\u00e4 puristimen ja varren.&#8221;<\/p>\n","protected":false},"featured_media":233564,"template":"","meta":{"_acf_changed":false},"product_brand":[11033],"product_cat":[13225],"product_tag":[],"class_list":{"0":"post-284893","1":"product","2":"type-product","3":"status-publish","4":"has-post-thumbnail","6":"product_brand-area-419","7":"product_cat-kivaeaeri","9":"first","10":"instock","11":"taxable","12":"shipping-taxable","13":"purchasable","14":"product-type-simple"},"acf":[],"_links":{"self":[{"href":"https:\/\/nbg.eu\/fi\/wp-json\/wp\/v2\/product\/284893","targetHints":{"allow":["GET"]}}],"collection":[{"href":"https:\/\/nbg.eu\/fi\/wp-json\/wp\/v2\/product"}],"about":[{"href":"https:\/\/nbg.eu\/fi\/wp-json\/wp\/v2\/types\/product"}],"wp:featuredmedia":[{"embeddable":true,"href":"https:\/\/nbg.eu\/fi\/wp-json\/wp\/v2\/media\/233564"}],"wp:attachment":[{"href":"https:\/\/nbg.eu\/fi\/wp-json\/wp\/v2\/media?parent=284893"}],"wp:term":[{"taxonomy":"product_brand","embeddable":true,"href":"https:\/\/nbg.eu\/fi\/wp-json\/wp\/v2\/product_brand?post=284893"},{"taxonomy":"product_cat","embeddable":true,"href":"https:\/\/nbg.eu\/fi\/wp-json\/wp\/v2\/product_cat?post=284893"},{"taxonomy":"product_tag","embeddable":true,"href":"https:\/\/nbg.eu\/fi\/wp-json\/wp\/v2\/product_tag?post=284893"}],"curies":[{"name":"wp","href":"https:\/\/api.w.org\/{rel}","templated":true}]}}