{"id":287689,"date":"2025-03-05T11:14:35","date_gmt":"2025-03-05T11:14:35","guid":{"rendered":"https:\/\/nbg.eu\/prodcut\/clawgear-ak47-long-slick-handguard-m-lok\/"},"modified":"2026-01-21T11:48:27","modified_gmt":"2026-01-21T08:48:27","slug":"clawgear-ak47-pitkae-sileae-etutukki-m-lok","status":"publish","type":"product","link":"https:\/\/nbg.eu\/fi\/tuote\/clawgear-ak47-pitkae-sileae-etutukki-m-lok\/","title":{"rendered":"Clawgear AK47 Pitk\u00e4 Sile\u00e4 Etutukki M-LOK"},"content":{"rendered":"<div class=\"product-description\">\n<h2>Clawgear AK47 Pitk\u00e4 Handguard M-LOK<\/h2>\n<p>AK47:n handguard. Ominaisuudet:<\/p>\n<ul>\n<li>Matta musta pinnoite heijastusten v\u00e4hent\u00e4miseksi<\/li>\n<li>QD-hihnan kiinnityspiste takana<\/li>\n<li>M-LOK-kiinnitysj\u00e4rjestelm\u00e4 lis\u00e4varusteille<\/li>\n<li>Yhteensopiva pr\u00e4ss\u00e4ttyjen ja jyrsittyjen runkojen kanssa<\/li>\n<li>6061 alumiininen rakenne, MIL-SPEC tyyppi III anodisointi<\/li>\n<\/ul>\n<p>Mitat: 37,2 cm (P) x 4,8 cm (L) x 4,8 cm (K)<\/p>\n<p>Paino: 0,25 kg<\/p>\n<p>AK47:n handguard toiminnallisuuden ja muokattavuuden parantamiseen.<\/p>\n<\/div>\n","protected":false},"excerpt":{"rendered":"<p>Tyylik\u00e4s M-LOK AK47-etutuki: kevyt, monipuolinen, QD-hihnan kiinnitysvalmiudella.<\/p>\n","protected":false},"featured_media":239366,"template":"","meta":{"_acf_changed":false},"product_brand":[11222],"product_cat":[13161,13239,13225,13186,14969],"product_tag":[],"class_list":{"0":"post-287689","1":"product","2":"type-product","3":"status-publish","4":"has-post-thumbnail","6":"product_brand-clawgear","7":"product_cat-hihnat","8":"product_cat-kiskot","9":"product_cat-kivaeaeri","10":"product_cat-kivaeaerin-viritys","11":"product_cat-m-lok-rail-systems-fi","13":"first","14":"instock","15":"taxable","16":"shipping-taxable","17":"purchasable","18":"product-type-simple"},"acf":[],"_links":{"self":[{"href":"https:\/\/nbg.eu\/fi\/wp-json\/wp\/v2\/product\/287689","targetHints":{"allow":["GET"]}}],"collection":[{"href":"https:\/\/nbg.eu\/fi\/wp-json\/wp\/v2\/product"}],"about":[{"href":"https:\/\/nbg.eu\/fi\/wp-json\/wp\/v2\/types\/product"}],"wp:featuredmedia":[{"embeddable":true,"href":"https:\/\/nbg.eu\/fi\/wp-json\/wp\/v2\/media\/239366"}],"wp:attachment":[{"href":"https:\/\/nbg.eu\/fi\/wp-json\/wp\/v2\/media?parent=287689"}],"wp:term":[{"taxonomy":"product_brand","embeddable":true,"href":"https:\/\/nbg.eu\/fi\/wp-json\/wp\/v2\/product_brand?post=287689"},{"taxonomy":"product_cat","embeddable":true,"href":"https:\/\/nbg.eu\/fi\/wp-json\/wp\/v2\/product_cat?post=287689"},{"taxonomy":"product_tag","embeddable":true,"href":"https:\/\/nbg.eu\/fi\/wp-json\/wp\/v2\/product_tag?post=287689"}],"curies":[{"name":"wp","href":"https:\/\/api.w.org\/{rel}","templated":true}]}}