{"id":289661,"date":"2025-03-01T15:55:52","date_gmt":"2025-03-01T15:55:52","guid":{"rendered":"https:\/\/nbg.eu\/prodcut\/area-419-arcalock-4-25-universal-dovetail-rail\/"},"modified":"2026-05-13T16:56:45","modified_gmt":"2026-05-13T13:56:45","slug":"area-419-arcalock-425-tuuman-yleiskiinnike-hiirenporanputki","status":"publish","type":"product","link":"https:\/\/nbg.eu\/fi\/tuote\/area-419-arcalock-425-tuuman-yleiskiinnike-hiirenporanputki\/","title":{"rendered":"Area 419 ARCALOCK 4.25 tuuman yleiskiinnike hiirenporanputki"},"content":{"rendered":"<h2>Area 419 &#8211; ARCALOCK 4,25&#8243; Yleinen Lohenpyrst\u00f6kisko<\/h2>\n<p>Area 419 ARCALOCK 4,25&#8243; yleinen lohenpyrst\u00f6kisko on valmistettu 6061 alumiinista.<\/p>\n<h2>Ominaisuudet:<\/h2>\n<ul>\n<li>Materiaali: 6061 alumiini<\/li>\n<li>Pintak\u00e4sittely: Musta anodisoitu<\/li>\n<li>Pituus: 4,25 tuumaa<\/li>\n<li>Yleinen lohenpyrst\u00f6rakenne yhteensopivuutta varten<\/li>\n<li>Koneistettu tarkkuutta varten<\/li>\n<\/ul>\n<h2>Tuotetiedot:<\/h2>\n<ul>\n<li>Paino: 0,45 kg<\/li>\n<li>Mitat: 20,3 \u00d7 10,2 \u00d7 2,5 cm<\/li>\n<li>Valmistaja: Area 419<\/li>\n<\/ul>\n<p>T\u00e4m\u00e4 ARCALOCK-kisko tarjoaa kiinnitysalustan lis\u00e4varusteille. Sopii kilpa-ampujille ja harrastajille.<\/p>\n","protected":false},"excerpt":{"rendered":"<p>Area 419 ARCALOCK: Kest\u00e4v\u00e4 4,25 tuuman lohenpyrst\u00f6kisko, mustaksi anodisoitua alumiinia.<\/p>\n","protected":false},"featured_media":232771,"template":"","meta":{"_acf_changed":false},"product_brand":[11033],"product_cat":[15557,16280,13239],"product_tag":[],"class_list":{"0":"post-289661","1":"product","2":"type-product","3":"status-publish","4":"has-post-thumbnail","6":"product_brand-area-419","7":"product_cat-arcalock-systems-fi","8":"product_cat-dovetail-rails-fi","9":"product_cat-kiskot","11":"first","12":"instock","13":"sale","14":"taxable","15":"shipping-taxable","16":"purchasable","17":"product-type-simple"},"acf":[],"_links":{"self":[{"href":"https:\/\/nbg.eu\/fi\/wp-json\/wp\/v2\/product\/289661","targetHints":{"allow":["GET"]}}],"collection":[{"href":"https:\/\/nbg.eu\/fi\/wp-json\/wp\/v2\/product"}],"about":[{"href":"https:\/\/nbg.eu\/fi\/wp-json\/wp\/v2\/types\/product"}],"wp:featuredmedia":[{"embeddable":true,"href":"https:\/\/nbg.eu\/fi\/wp-json\/wp\/v2\/media\/232771"}],"wp:attachment":[{"href":"https:\/\/nbg.eu\/fi\/wp-json\/wp\/v2\/media?parent=289661"}],"wp:term":[{"taxonomy":"product_brand","embeddable":true,"href":"https:\/\/nbg.eu\/fi\/wp-json\/wp\/v2\/product_brand?post=289661"},{"taxonomy":"product_cat","embeddable":true,"href":"https:\/\/nbg.eu\/fi\/wp-json\/wp\/v2\/product_cat?post=289661"},{"taxonomy":"product_tag","embeddable":true,"href":"https:\/\/nbg.eu\/fi\/wp-json\/wp\/v2\/product_tag?post=289661"}],"curies":[{"name":"wp","href":"https:\/\/api.w.org\/{rel}","templated":true}]}}