{"id":31434,"date":"2024-08-18T22:39:34","date_gmt":"2024-08-18T19:39:34","guid":{"rendered":"https:\/\/nbg.eu\/product\/flex-holster-spare-set-of-side-spacers\/"},"modified":"2026-01-21T12:31:33","modified_gmt":"2026-01-21T09:31:33","slug":"flex-kotelo-varasarja-sivuvaelikappaleita","status":"publish","type":"product","link":"https:\/\/nbg.eu\/fi\/tuote\/flex-kotelo-varasarja-sivuvaelikappaleita\/","title":{"rendered":"Flex Kotelo &#8211; Varasarja Sivuv\u00e4likappaleita"},"content":{"rendered":"<div class=\"product-description\">\n<h2>Flex Holster &#8211; Ylim\u00e4\u00e4r\u00e4inen sarja sivuv\u00e4likappaleita<\/h2>\n<p>Paranna Flex Holsterin monipuolisuutta t\u00e4ll\u00e4 ylim\u00e4\u00e4r\u00e4isell\u00e4 sarjalla sivuv\u00e4likappaleita Double Alpha Academylta. N\u00e4m\u00e4 tarkkuusvalmistetut v\u00e4likappaleet mahdollistavat:<\/p>\n<ul>\n<li>Kotelon leveyden s\u00e4\u00e4t\u00e4misen eri asemalleille<\/li>\n<li>Pitopaineen hienos\u00e4\u00e4d\u00f6n<\/li>\n<li>Vetoliikkeen mukauttamisen<\/li>\n<\/ul>\n<p>Kest\u00e4v\u00e4st\u00e4 polymeerist\u00e4 valmistetut v\u00e4likappaleet takaavat pitk\u00e4aikaisen suorituskyvyn. Ne ovat yhteensopivia kaikkien Flex Holster -mallien kanssa ja ovat v\u00e4ltt\u00e4m\u00e4tt\u00f6mi\u00e4 kilpa-ampujille ja harrastajille, jotka vaativat varustukseltaan maksimaalista mukautuvuutta.<\/p>\n<p>P\u00e4ivit\u00e4 Flex Holsterisi t\u00e4n\u00e4\u00e4n optimaalisen suorituskyvyn ja monipuolisuuden saavuttamiseksi!<\/p>\n<\/div>\n","protected":false},"excerpt":{"rendered":"<p>Lis\u00e4sivut\u00e4ytteet Flex-koteloon. Muokkaa istuvuutta ja pysyvyytt\u00e4.<\/p>\n","protected":false},"featured_media":29443,"template":"","meta":{"_acf_changed":false},"product_brand":[11270],"product_cat":[13231,13206,13212],"product_tag":[],"class_list":{"0":"post-31434","1":"product","2":"type-product","3":"status-publish","4":"has-post-thumbnail","6":"product_brand-doublealpha","7":"product_cat-kotelo","8":"product_cat-kotelotarvikkeet","9":"product_cat-urheilukotelot","11":"first","12":"instock","13":"taxable","14":"shipping-taxable","15":"purchasable","16":"product-type-variable","17":"wvs-archive-product-wrapper"},"acf":[],"_links":{"self":[{"href":"https:\/\/nbg.eu\/fi\/wp-json\/wp\/v2\/product\/31434","targetHints":{"allow":["GET"]}}],"collection":[{"href":"https:\/\/nbg.eu\/fi\/wp-json\/wp\/v2\/product"}],"about":[{"href":"https:\/\/nbg.eu\/fi\/wp-json\/wp\/v2\/types\/product"}],"wp:featuredmedia":[{"embeddable":true,"href":"https:\/\/nbg.eu\/fi\/wp-json\/wp\/v2\/media\/29443"}],"wp:attachment":[{"href":"https:\/\/nbg.eu\/fi\/wp-json\/wp\/v2\/media?parent=31434"}],"wp:term":[{"taxonomy":"product_brand","embeddable":true,"href":"https:\/\/nbg.eu\/fi\/wp-json\/wp\/v2\/product_brand?post=31434"},{"taxonomy":"product_cat","embeddable":true,"href":"https:\/\/nbg.eu\/fi\/wp-json\/wp\/v2\/product_cat?post=31434"},{"taxonomy":"product_tag","embeddable":true,"href":"https:\/\/nbg.eu\/fi\/wp-json\/wp\/v2\/product_tag?post=31434"}],"curies":[{"name":"wp","href":"https:\/\/api.w.org\/{rel}","templated":true}]}}