{"id":33855,"date":"2024-07-30T22:32:12","date_gmt":"2024-07-30T19:32:12","guid":{"rendered":"https:\/\/nbg.eu\/product\/single-pistol-mag-pouch\/"},"modified":"2026-01-21T12:35:32","modified_gmt":"2026-01-21T09:35:32","slug":"yksittaeinen-pistoolin-lippaatasku","status":"publish","type":"product","link":"https:\/\/nbg.eu\/fi\/tuote\/yksittaeinen-pistoolin-lippaatasku\/","title":{"rendered":"Yksitt\u00e4inen Pistoolin Lippaatasku"},"content":{"rendered":"<div class=\"product-description\">\n<h2>Blue Force Gear Yksitt\u00e4inen Pistoolin Lipaskotelo<\/h2>\n<p>Paranna taktista varustustasi Blue Force Gear Yksitt\u00e4isell\u00e4 Pistoolin Lipaskotelolla. T\u00e4m\u00e4 kompakti, kevyt kotelo on suunniteltu nopeaan k\u00e4ytt\u00f6\u00f6n ja pistoolimakasiinin turvalliseen kiinnitykseen.<\/p>\n<ul>\n<li>Kest\u00e4v\u00e4 1000D Cordura-rakenne<\/li>\n<li>S\u00e4\u00e4dett\u00e4v\u00e4 j\u00e4nnitys eri kokoisille lipaille<\/li>\n<li>MOLLE-yhteensopiva kiinnitysj\u00e4rjestelm\u00e4<\/li>\n<li>Matalaprofiilinen muotoilu huomaamatonta kantamista varten<\/li>\n<li>Molempik\u00e4tinen konfiguraatio<\/li>\n<li>Saatavana useissa v\u00e4reiss\u00e4<\/li>\n<\/ul>\n<p>T\u00e4ydellinen lainvalvontaan, sotilaalliseen ja siviilk\u00e4ytt\u00f6\u00f6n, t\u00e4m\u00e4 monik\u00e4ytt\u00f6inen kotelo varmistaa, ett\u00e4 varalippaasi on aina k\u00e4den ulottuvilla.<\/p>\n<\/div>\n","protected":false},"excerpt":{"rendered":"<p>Turvallinen, ohut lipastaskukotelo. Nopean vedon muotoilu. Kest\u00e4v\u00e4 rakenne.<\/p>\n","protected":false},"featured_media":33862,"template":"","meta":{"_acf_changed":false},"product_brand":[11127],"product_cat":[13231,13216],"product_tag":[],"class_list":{"0":"post-33855","1":"product","2":"type-product","3":"status-publish","4":"has-post-thumbnail","6":"product_brand-blue-force-gear","7":"product_cat-kotelo","8":"product_cat-lipaspussit","10":"first","11":"instock","12":"taxable","13":"shipping-taxable","14":"purchasable","15":"product-type-variable","16":"wvs-archive-product-wrapper"},"acf":[],"_links":{"self":[{"href":"https:\/\/nbg.eu\/fi\/wp-json\/wp\/v2\/product\/33855","targetHints":{"allow":["GET"]}}],"collection":[{"href":"https:\/\/nbg.eu\/fi\/wp-json\/wp\/v2\/product"}],"about":[{"href":"https:\/\/nbg.eu\/fi\/wp-json\/wp\/v2\/types\/product"}],"wp:featuredmedia":[{"embeddable":true,"href":"https:\/\/nbg.eu\/fi\/wp-json\/wp\/v2\/media\/33862"}],"wp:attachment":[{"href":"https:\/\/nbg.eu\/fi\/wp-json\/wp\/v2\/media?parent=33855"}],"wp:term":[{"taxonomy":"product_brand","embeddable":true,"href":"https:\/\/nbg.eu\/fi\/wp-json\/wp\/v2\/product_brand?post=33855"},{"taxonomy":"product_cat","embeddable":true,"href":"https:\/\/nbg.eu\/fi\/wp-json\/wp\/v2\/product_cat?post=33855"},{"taxonomy":"product_tag","embeddable":true,"href":"https:\/\/nbg.eu\/fi\/wp-json\/wp\/v2\/product_tag?post=33855"}],"curies":[{"name":"wp","href":"https:\/\/api.w.org\/{rel}","templated":true}]}}