{"id":37471,"date":"2024-09-02T19:50:00","date_gmt":"2024-09-02T16:50:00","guid":{"rendered":"https:\/\/nbg.eu\/product\/slr-rifleworks-micro-gas-block-750-set-screw-steel\/"},"modified":"2026-01-21T12:09:56","modified_gmt":"2026-01-21T09:09:56","slug":"slr-rifleworks-micro-gas-block-750-set-screw-steel","status":"publish","type":"product","link":"https:\/\/nbg.eu\/fi\/tuote\/slr-rifleworks-micro-gas-block-750-set-screw-steel\/","title":{"rendered":"SLR RIFLEWORKS Micro Gas Block .750 Set Screw Steel"},"content":{"rendered":"<div class=\"product-description\">\n<h2>SLR RIFLEWORKS Micro kaasuputki .750 S\u00e4\u00e4t\u00f6ruuvi Ter\u00e4s<\/h2>\n<p>P\u00e4ivit\u00e4 kiv\u00e4\u00e4risi SLR RIFLEWORKS GB-7 Micro kaasuputkella, joka on suunniteltu .750 piipuille. T\u00e4m\u00e4 laadukas kaasuputki tarjoaa tarkkuutta ja kest\u00e4vyytt\u00e4 vaativille ampujille.<\/p>\n<ul>\n<li>Valmistettu 4140 bilettiter\u00e4ksest\u00e4 erinomaisen lujuuden ja pitk\u00e4ik\u00e4isyyden takaamiseksi<\/li>\n<li>Melonite QPQ -pintak\u00e4sittely varmistaa erinomaisen korroosionkest\u00e4vyyden ja v\u00e4hent\u00e4\u00e4 kitkaa<\/li>\n<li>.400&#8243; s\u00e4\u00e4t\u00f6ruuvien v\u00e4li takaa turvallisen kiinnityksen<\/li>\n<li>Sis\u00e4lt\u00e4\u00e4 s\u00e4\u00e4t\u00f6ruuvit ja lukitustappi helppoa asennusta varten<\/li>\n<li>Kompakti muotoilu minimoi painon ja profiilin<\/li>\n<\/ul>\n<p>Koe parannettua suorituskyky\u00e4 ja luotettavuutta t\u00e4ll\u00e4 laadukkaalla micro kaasuputkella. SLR RIFLEWORKS GB-7 on t\u00e4ydellinen valinta mukautettuihin kokoonpanoihin ja p\u00e4ivityksiin, ja se sopii erinomaisesti vakavasti otettaville ampujille ja harrastajille.<\/p>\n<\/div>\n","protected":false},"excerpt":{"rendered":"<p>Kompakti, korkealaatuinen .750 kaasupalikka. Valmistettu 4140-ter\u00e4ksest\u00e4, Melonite-pinnoite. Kiinnitysruuvit sis\u00e4ltyv\u00e4t.<\/p>\n","protected":false},"featured_media":37399,"template":"","meta":{"_acf_changed":false},"product_brand":[11731],"product_cat":[13209,13170,13225,13186],"product_tag":[],"class_list":{"0":"post-37471","1":"product","2":"type-product","3":"status-publish","4":"has-post-thumbnail","6":"product_brand-slr-rifleworks","7":"product_cat-ar-viritys","8":"product_cat-kaasupalat","9":"product_cat-kivaeaeri","10":"product_cat-kivaeaerin-viritys","12":"first","13":"outofstock","14":"taxable","15":"shipping-taxable","16":"purchasable","17":"product-type-simple"},"acf":[],"_links":{"self":[{"href":"https:\/\/nbg.eu\/fi\/wp-json\/wp\/v2\/product\/37471","targetHints":{"allow":["GET"]}}],"collection":[{"href":"https:\/\/nbg.eu\/fi\/wp-json\/wp\/v2\/product"}],"about":[{"href":"https:\/\/nbg.eu\/fi\/wp-json\/wp\/v2\/types\/product"}],"wp:featuredmedia":[{"embeddable":true,"href":"https:\/\/nbg.eu\/fi\/wp-json\/wp\/v2\/media\/37399"}],"wp:attachment":[{"href":"https:\/\/nbg.eu\/fi\/wp-json\/wp\/v2\/media?parent=37471"}],"wp:term":[{"taxonomy":"product_brand","embeddable":true,"href":"https:\/\/nbg.eu\/fi\/wp-json\/wp\/v2\/product_brand?post=37471"},{"taxonomy":"product_cat","embeddable":true,"href":"https:\/\/nbg.eu\/fi\/wp-json\/wp\/v2\/product_cat?post=37471"},{"taxonomy":"product_tag","embeddable":true,"href":"https:\/\/nbg.eu\/fi\/wp-json\/wp\/v2\/product_tag?post=37471"}],"curies":[{"name":"wp","href":"https:\/\/api.w.org\/{rel}","templated":true}]}}