{"id":409642,"date":"2025-05-09T10:47:47","date_gmt":"2025-05-09T07:47:47","guid":{"rendered":"https:\/\/nbg.eu\/product\/surefire-m340v-tn-pro-scout-light-pro\/"},"modified":"2026-01-21T11:44:35","modified_gmt":"2026-01-21T08:44:35","slug":"surefire-m340v-tn-pro-scout-light-pro","status":"publish","type":"product","link":"https:\/\/nbg.eu\/fi\/tuote\/surefire-m340v-tn-pro-scout-light-pro\/","title":{"rendered":"Surefire M340V-TN-PRO Scout Light Pro"},"content":{"rendered":"<h2>Surefire M340V-TN-PRO Scout Light Pro<\/h2>\n<p>Mini Infrared Scout Light\u00ae Pro on 3 voltin asevalo, joka on suunniteltu toimimaan kaikissa valaistusolosuhteissa. T\u00e4m\u00e4 monik\u00e4ytt\u00f6inen valoty\u00f6kalu tarjoaa:<\/p>\n<ul>\n<li>250 lumenia valkoista valoa<\/li>\n<li>100 mW n\u00e4kym\u00e4t\u00f6nt\u00e4 infrapunavaloa pime\u00e4n\u00e4k\u00f6laitteille<\/li>\n<li>Ei tarvetta IR-suodattimille tai varalampuille<\/li>\n<li>SureFiren uusi matalaprofiilinen kiinnitys (LPM) monipuolisuutta varten<\/li>\n<li>Helppo vaihtaa valkoisen valon, pois p\u00e4\u00e4lt\u00e4 -tilan ja infrapunatilan v\u00e4lill\u00e4<\/li>\n<li>TIR-linssi kapeaa valokeilaa varten lyhyille ja keskipitkille et\u00e4isyyksille<\/li>\n<\/ul>\n<h3>Kest\u00e4v\u00e4 rakenne<\/h3>\n<p>M340V-TN-PRO on rakennettu kest\u00e4m\u00e4\u00e4n kovaa k\u00e4ytt\u00f6\u00e4:<\/p>\n<ul>\n<li>Korkealujuuksinen ilmailualan alumiinirunko<\/li>\n<li>Sotilasluokan kova anodisointi kest\u00e4vyytt\u00e4 ja korroosionkest\u00e4vyytt\u00e4 varten<\/li>\n<li>Eritt\u00e4in kest\u00e4v\u00e4t IR- ja valkoiset LED-valot<\/li>\n<li>IPX7-vesitiiviysluokitus<\/li>\n<\/ul>\n<h3>Tekniset tiedot<\/h3>\n<ul>\n<li>Teho: 250 lumenia (valkoinen) \/ 100 mW (IR)<\/li>\n<li>K\u00e4ytt\u00f6aika: 1,5 tuntia (valkoinen) \/ 6,0 tuntia (IR)<\/li>\n<li>Valokeilan huipputeho: 9 300 kandelaa<\/li>\n<li>Valokeilan kantama: 190 metri\u00e4<\/li>\n<li>Pituus: 4,1 tuumaa (10,4 cm)<\/li>\n<li>Paino: 3,4 unssia (96,4 g) pariston kanssa<\/li>\n<li>Virtal\u00e4hde: Yksi 123A-litiumparisto (sis\u00e4ltyy)<\/li>\n<\/ul>\n<p>Surefire M340V-TN-PRO Scout Light Pro on monik\u00e4ytt\u00f6inen ja tehokas valo taktisiin tilanteisiin h\u00e4m\u00e4r\u00e4ss\u00e4.<\/p>\n","protected":false},"excerpt":{"rendered":"<p>Monik\u00e4ytt\u00f6inen taktinen valo, jossa 250 lumenia valkoista\/100mW infrapunavaloa, kest\u00e4v\u00e4 rakenne, kiskokiinnitys.<\/p>\n","protected":false},"featured_media":400314,"template":"","meta":{"_acf_changed":false},"product_brand":[11869],"product_cat":[13214,13156],"product_tag":[],"class_list":{"0":"post-409642","1":"product","2":"type-product","3":"status-publish","4":"has-post-thumbnail","6":"product_brand-surefire","7":"product_cat-kivaeaerin-valot","8":"product_cat-valot","10":"first","11":"outofstock","12":"taxable","13":"shipping-taxable","14":"purchasable","15":"product-type-simple"},"acf":[],"_links":{"self":[{"href":"https:\/\/nbg.eu\/fi\/wp-json\/wp\/v2\/product\/409642","targetHints":{"allow":["GET"]}}],"collection":[{"href":"https:\/\/nbg.eu\/fi\/wp-json\/wp\/v2\/product"}],"about":[{"href":"https:\/\/nbg.eu\/fi\/wp-json\/wp\/v2\/types\/product"}],"wp:featuredmedia":[{"embeddable":true,"href":"https:\/\/nbg.eu\/fi\/wp-json\/wp\/v2\/media\/400314"}],"wp:attachment":[{"href":"https:\/\/nbg.eu\/fi\/wp-json\/wp\/v2\/media?parent=409642"}],"wp:term":[{"taxonomy":"product_brand","embeddable":true,"href":"https:\/\/nbg.eu\/fi\/wp-json\/wp\/v2\/product_brand?post=409642"},{"taxonomy":"product_cat","embeddable":true,"href":"https:\/\/nbg.eu\/fi\/wp-json\/wp\/v2\/product_cat?post=409642"},{"taxonomy":"product_tag","embeddable":true,"href":"https:\/\/nbg.eu\/fi\/wp-json\/wp\/v2\/product_tag?post=409642"}],"curies":[{"name":"wp","href":"https:\/\/api.w.org\/{rel}","templated":true}]}}