{"id":44751,"date":"2024-08-18T12:35:48","date_gmt":"2024-08-18T09:35:48","guid":{"rendered":"https:\/\/nbg.eu\/product\/uspsa-metric-cardboard-targets-white-back\/"},"modified":"2026-01-21T11:58:39","modified_gmt":"2026-01-21T08:58:39","slug":"uspsa-metric-cardboard-targets-white-back","status":"publish","type":"product","link":"https:\/\/nbg.eu\/fi\/tuote\/uspsa-metric-cardboard-targets-white-back\/","title":{"rendered":"Uspsa Metric Cardboard Targets White Back"},"content":{"rendered":"<p>\n100 korkealaatuista USPSA\/Metric kartonkitaulua. Ruskea yhdell\u00e4 puolella, valkoinen (no-shoot) toisella puolella. T\u00e4ytt\u00e4\u00e4 tarkalleen USPSA:n mitat ja vaatimukset.<\/p>\n","protected":false},"excerpt":{"rendered":"<p>USPSA-metriset maalitaulut: 100 kaksipuolista pahvitaulua harjoitteluun.<\/p>\n","protected":false},"featured_media":27419,"template":"","meta":{"_acf_changed":false},"product_brand":[],"product_cat":[13181,13160],"product_tag":[],"class_list":{"0":"post-44751","1":"product","2":"type-product","3":"status-publish","4":"has-post-thumbnail","6":"product_cat-maalit","7":"product_cat-paperimaali","9":"first","10":"outofstock","11":"taxable","12":"shipping-taxable","13":"purchasable","14":"product-type-simple"},"acf":[],"_links":{"self":[{"href":"https:\/\/nbg.eu\/fi\/wp-json\/wp\/v2\/product\/44751","targetHints":{"allow":["GET"]}}],"collection":[{"href":"https:\/\/nbg.eu\/fi\/wp-json\/wp\/v2\/product"}],"about":[{"href":"https:\/\/nbg.eu\/fi\/wp-json\/wp\/v2\/types\/product"}],"wp:featuredmedia":[{"embeddable":true,"href":"https:\/\/nbg.eu\/fi\/wp-json\/wp\/v2\/media\/27419"}],"wp:attachment":[{"href":"https:\/\/nbg.eu\/fi\/wp-json\/wp\/v2\/media?parent=44751"}],"wp:term":[{"taxonomy":"product_brand","embeddable":true,"href":"https:\/\/nbg.eu\/fi\/wp-json\/wp\/v2\/product_brand?post=44751"},{"taxonomy":"product_cat","embeddable":true,"href":"https:\/\/nbg.eu\/fi\/wp-json\/wp\/v2\/product_cat?post=44751"},{"taxonomy":"product_tag","embeddable":true,"href":"https:\/\/nbg.eu\/fi\/wp-json\/wp\/v2\/product_tag?post=44751"}],"curies":[{"name":"wp","href":"https:\/\/api.w.org\/{rel}","templated":true}]}}