{"id":44931,"date":"2024-08-18T12:31:43","date_gmt":"2024-08-18T09:31:43","guid":{"rendered":"https:\/\/nbg.eu\/product\/daa-reloading-hex-key-set\/"},"modified":"2026-01-21T12:01:46","modified_gmt":"2026-01-21T09:01:46","slug":"daa-lataus-kuusiokolo-avain-sarja","status":"publish","type":"product","link":"https:\/\/nbg.eu\/fi\/tuote\/daa-lataus-kuusiokolo-avain-sarja\/","title":{"rendered":"Daa Lataus Kuusiokolo Avain Sarja"},"content":{"rendered":"<p>Paranna latauskokemustasi DAA Reloading Hex Key Set -kuusiokoloavainsarjalla. T\u00e4m\u00e4 7-osainen sarja pitki\u00e4, pallop\u00e4isi\u00e4 kuusiokoloavaimia sis\u00e4lt\u00e4\u00e4:<\/p>\n<ul>\n<li>Korkealaatuisen rakenteen<\/li>\n<li>Kirkkaan punaiset vinyylip\u00e4\u00e4llysteiset olkap\u00e4\u00e4t n\u00e4kyvyyden parantamiseksi<\/li>\n<li>T\u00e4ydellinen Dillon- ja muihin yhdysvaltalaisvalmisteisiin puristimiin<\/li>\n<li>Koot: 5\/64&#8243;, 3\/32&#8243;, 1\/8&#8243;, 9\/64&#8243;, 5\/32&#8243;, 3\/16&#8243;, 1\/4&#8243;<\/li>\n<\/ul>\n<p>Ihanteellinen kumppani DAA Reloading-Press Tool Holder -ty\u00f6kalutelineelle.<\/p>\n","protected":false},"excerpt":{"rendered":"<p>7-osainen kuusiokoloavainsarja pallop\u00e4\u00e4ll\u00e4 USA:n patruunoiden latauspuristimille. Punainen vinyyli.<\/p>\n","protected":false},"featured_media":27143,"template":"","meta":{"_acf_changed":false},"product_brand":[11270],"product_cat":[13200,13211],"product_tag":[],"class_list":{"0":"post-44931","1":"product","2":"type-product","3":"status-publish","4":"has-post-thumbnail","6":"product_brand-doublealpha","7":"product_cat-latauksen-lisaevarusteet","8":"product_cat-lataustarvikkeet","10":"first","11":"outofstock","12":"taxable","13":"shipping-taxable","14":"purchasable","15":"product-type-simple"},"acf":[],"_links":{"self":[{"href":"https:\/\/nbg.eu\/fi\/wp-json\/wp\/v2\/product\/44931","targetHints":{"allow":["GET"]}}],"collection":[{"href":"https:\/\/nbg.eu\/fi\/wp-json\/wp\/v2\/product"}],"about":[{"href":"https:\/\/nbg.eu\/fi\/wp-json\/wp\/v2\/types\/product"}],"wp:featuredmedia":[{"embeddable":true,"href":"https:\/\/nbg.eu\/fi\/wp-json\/wp\/v2\/media\/27143"}],"wp:attachment":[{"href":"https:\/\/nbg.eu\/fi\/wp-json\/wp\/v2\/media?parent=44931"}],"wp:term":[{"taxonomy":"product_brand","embeddable":true,"href":"https:\/\/nbg.eu\/fi\/wp-json\/wp\/v2\/product_brand?post=44931"},{"taxonomy":"product_cat","embeddable":true,"href":"https:\/\/nbg.eu\/fi\/wp-json\/wp\/v2\/product_cat?post=44931"},{"taxonomy":"product_tag","embeddable":true,"href":"https:\/\/nbg.eu\/fi\/wp-json\/wp\/v2\/product_tag?post=44931"}],"curies":[{"name":"wp","href":"https:\/\/api.w.org\/{rel}","templated":true}]}}