{"id":44953,"date":"2024-08-18T12:31:20","date_gmt":"2024-08-18T09:31:20","guid":{"rendered":"https:\/\/nbg.eu\/product\/dillon-daa-click-adjustable-powder-knob-v2\/"},"modified":"2026-01-21T12:00:54","modified_gmt":"2026-01-21T09:00:54","slug":"dillon-daa-napsautus-saeaedettaevae-jauhesaeaedin-v2","status":"publish","type":"product","link":"https:\/\/nbg.eu\/fi\/tuote\/dillon-daa-napsautus-saeaedettaevae-jauhesaeaedin-v2\/","title":{"rendered":"Dillon &#8211; Daa Napsautus-S\u00e4\u00e4dett\u00e4v\u00e4 Jauhes\u00e4\u00e4din V2"},"content":{"rendered":"<div class=\"product-description\">\n<h2>Dillon &#8211; DAA Click-S\u00e4\u00e4dett\u00e4v\u00e4 Ruutinappi V2<\/h2>\n<p>P\u00e4ivit\u00e4 latauskokemuksesi DAA Click-S\u00e4\u00e4dett\u00e4v\u00e4ll\u00e4 Ruutinapilla V2, DAA:n parannellulla toisen sukupolven tuotteella. T\u00e4m\u00e4n tarkkuusty\u00f6stetyn napin ominaisuuksia ovat:<\/p>\n<ul>\n<li>Kaksiosainen alumiinirakenne helppoa kokoamista varten<\/li>\n<li>32 mm py\u00f6re\u00e4, koneistettu alumiininappi laserkaiverruksella<\/li>\n<li>Uritettuna ulkoreuna paremman otteen ja hallinnan saamiseksi<\/li>\n<li>Kuuluvat napsahdukset tarkkoja 18 asteen s\u00e4\u00e4t\u00f6j\u00e4 varten<\/li>\n<li>20 napsahdusta kierrosta kohti tarkkaan ruutiannoksen s\u00e4\u00e4t\u00f6\u00f6n<\/li>\n<li>Laserkaiverrettu asteikko, joka osoittaa annoksen lis\u00e4yksen\/v\u00e4hennyksen<\/li>\n<li>Yhteensopiva pienten Dillon-ruutiannostelijoiden kanssa (ei suurille kiv\u00e4\u00e4rin ruutiannostelijoille)<\/li>\n<\/ul>\n<p>Asenna ja s\u00e4\u00e4d\u00e4 ruutiannoksia vaivattomasti t\u00e4ll\u00e4 tyylikk\u00e4\u00e4ll\u00e4, toimivalla ja k\u00e4ytt\u00e4j\u00e4yst\u00e4v\u00e4llisell\u00e4 napilla. Paranna latauskokoonpanoasi jo t\u00e4n\u00e4\u00e4n!<\/p>\n<\/div>\n","protected":false},"excerpt":{"rendered":"<p>Tarkka, helppok\u00e4ytt\u00f6inen ruutiannoksen s\u00e4\u00e4t\u00f6 Dillon-puristimille.<\/p>\n","protected":false},"featured_media":27051,"template":"","meta":{"_acf_changed":false},"product_brand":[11270],"product_cat":[13200,13211],"product_tag":[],"class_list":{"0":"post-44953","1":"product","2":"type-product","3":"status-publish","4":"has-post-thumbnail","6":"product_brand-doublealpha","7":"product_cat-latauksen-lisaevarusteet","8":"product_cat-lataustarvikkeet","10":"first","11":"outofstock","12":"taxable","13":"shipping-taxable","14":"purchasable","15":"product-type-simple"},"acf":[],"_links":{"self":[{"href":"https:\/\/nbg.eu\/fi\/wp-json\/wp\/v2\/product\/44953","targetHints":{"allow":["GET"]}}],"collection":[{"href":"https:\/\/nbg.eu\/fi\/wp-json\/wp\/v2\/product"}],"about":[{"href":"https:\/\/nbg.eu\/fi\/wp-json\/wp\/v2\/types\/product"}],"wp:featuredmedia":[{"embeddable":true,"href":"https:\/\/nbg.eu\/fi\/wp-json\/wp\/v2\/media\/27051"}],"wp:attachment":[{"href":"https:\/\/nbg.eu\/fi\/wp-json\/wp\/v2\/media?parent=44953"}],"wp:term":[{"taxonomy":"product_brand","embeddable":true,"href":"https:\/\/nbg.eu\/fi\/wp-json\/wp\/v2\/product_brand?post=44953"},{"taxonomy":"product_cat","embeddable":true,"href":"https:\/\/nbg.eu\/fi\/wp-json\/wp\/v2\/product_cat?post=44953"},{"taxonomy":"product_tag","embeddable":true,"href":"https:\/\/nbg.eu\/fi\/wp-json\/wp\/v2\/product_tag?post=44953"}],"curies":[{"name":"wp","href":"https:\/\/api.w.org\/{rel}","templated":true}]}}