{"id":45041,"date":"2024-08-18T12:29:43","date_gmt":"2024-08-18T09:29:43","guid":{"rendered":"https:\/\/nbg.eu\/product\/daa-primer-tube-cap-5-pack\/"},"modified":"2026-01-21T11:42:07","modified_gmt":"2026-01-21T08:42:07","slug":"daa-sytytin-putki-korkki-5-pakkaus","status":"publish","type":"product","link":"https:\/\/nbg.eu\/fi\/tuote\/daa-sytytin-putki-korkki-5-pakkaus\/","title":{"rendered":"Daa Sytytin-Putki Korkki, 5-Pakkaus"},"content":{"rendered":"<p>\n<strong>DAA Nallituubin korkki, 5 kpl pakkaus<\/strong><br \/>\nR\u00e4\u00e4t\u00e4l\u00f6idyt silikonikumitulpat 8 mm:n nallituubeille. Est\u00e4\u00e4 roiskeet k\u00e4ytett\u00e4ess\u00e4 pikak\u00e4ytt\u00f6isi\u00e4 t\u00e4ytt\u00f6laitteita. Helppo k\u00e4ytt\u00e4\u00e4: liu&#8217;uta p\u00e4\u00e4lle, aseta tasaisesti. Ei en\u00e4\u00e4 nallien sotkua!<\/p>\n<ul>\n<li>Sopii useimpiin latauspuristimien tuubeihin<\/li>\n<li>Yhteensopiva DAA Primer-Pro:n ja muiden t\u00e4ytt\u00f6laitteiden kanssa<\/li>\n<li>V\u00e4ri: Punainen<\/li>\n<li>5 kappaleen pakkaus<\/li>\n<\/ul>\n<p>Suojaa nallisi n\u00e4ill\u00e4 k\u00e4tevill\u00e4 korkeilla!<\/p>\n","protected":false},"excerpt":{"rendered":"<p>Turvalliset 8 mm:n alokem\u00e4\u00e4r\u00e4t helppok\u00e4ytt\u00f6isill\u00e4, vuotamattomilla silikonikansilla.<\/p>\n","protected":false},"featured_media":26729,"template":"","meta":{"_acf_changed":false},"product_brand":[11270],"product_cat":[13200,13211],"product_tag":[],"class_list":{"0":"post-45041","1":"product","2":"type-product","3":"status-publish","4":"has-post-thumbnail","6":"product_brand-doublealpha","7":"product_cat-latauksen-lisaevarusteet","8":"product_cat-lataustarvikkeet","10":"first","11":"outofstock","12":"taxable","13":"shipping-taxable","14":"purchasable","15":"product-type-simple"},"acf":[],"_links":{"self":[{"href":"https:\/\/nbg.eu\/fi\/wp-json\/wp\/v2\/product\/45041","targetHints":{"allow":["GET"]}}],"collection":[{"href":"https:\/\/nbg.eu\/fi\/wp-json\/wp\/v2\/product"}],"about":[{"href":"https:\/\/nbg.eu\/fi\/wp-json\/wp\/v2\/types\/product"}],"wp:featuredmedia":[{"embeddable":true,"href":"https:\/\/nbg.eu\/fi\/wp-json\/wp\/v2\/media\/26729"}],"wp:attachment":[{"href":"https:\/\/nbg.eu\/fi\/wp-json\/wp\/v2\/media?parent=45041"}],"wp:term":[{"taxonomy":"product_brand","embeddable":true,"href":"https:\/\/nbg.eu\/fi\/wp-json\/wp\/v2\/product_brand?post=45041"},{"taxonomy":"product_cat","embeddable":true,"href":"https:\/\/nbg.eu\/fi\/wp-json\/wp\/v2\/product_cat?post=45041"},{"taxonomy":"product_tag","embeddable":true,"href":"https:\/\/nbg.eu\/fi\/wp-json\/wp\/v2\/product_tag?post=45041"}],"curies":[{"name":"wp","href":"https:\/\/api.w.org\/{rel}","templated":true}]}}