{"id":45492,"date":"2024-08-16T17:52:19","date_gmt":"2024-08-16T17:52:19","guid":{"rendered":"https:\/\/nbg.eu\/product\/rhh-backpack\/"},"modified":"2026-01-21T12:01:46","modified_gmt":"2026-01-21T09:01:46","slug":"rhh-reppu","status":"publish","type":"product","link":"https:\/\/nbg.eu\/fi\/tuote\/rhh-reppu\/","title":{"rendered":"RHH Reppu"},"content":{"rendered":"<div class=\"product-description\">\n<h2>RHH Ampumareppu<\/h2>\n<p>Ampujien suunnittelema ampujille, RHH-reppu on t\u00e4ydellinen monip\u00e4iv\u00e4isiin kilpailuihin, k\u00e4ytitp\u00e4 sitten yht\u00e4 tai kahta asetta.<\/p>\n<ul>\n<li>P\u00e4\u00e4asetasku lukitusj\u00e4rjestelm\u00e4ll\u00e4 helppoa k\u00e4ytt\u00f6\u00e4 varten<\/li>\n<li>T\u00e4ytt\u00e4\u00e4 IPSC-s\u00e4\u00e4nn\u00f6t<\/li>\n<li>Tarranauha ja MOLLE-kiinnitys lis\u00e4varusteille<\/li>\n<li>Runsaasti s\u00e4ilytystilaa j\u00e4rjestetyiss\u00e4 lokeroissa<\/li>\n<li>Lipastaskuun mahtuu 30 patruunan lippaita jatketulla pohjalla<\/li>\n<li>Irrotettavat hihnat toimivat my\u00f6s ampumapussina<\/li>\n<\/ul>\n<p>Koko: 100cm x 40cm x 20cm<br \/>\n  Kiv\u00e4\u00e4ritasku: jopa 95cm<br \/>\n  Paino: 2,9 kg<\/p>\n<p>Pakkaa \u00e4lykk\u00e4\u00e4sti, ammu paremmin RHH Ampumarepun kanssa!<\/p>\n<\/div>\n","protected":false},"excerpt":{"rendered":"<p>RHH-reppu: Ampujan suunnittelema, monik\u00e4ytt\u00f6inen, useamman p\u00e4iv\u00e4n kilpailuihin valmis.<\/p>\n","protected":false},"featured_media":22670,"template":"","meta":{"_acf_changed":false},"product_brand":[11633],"product_cat":[13169],"product_tag":[],"class_list":{"0":"post-45492","1":"product","2":"type-product","3":"status-publish","4":"has-post-thumbnail","6":"product_brand-rh-holsters","7":"product_cat-reput","9":"first","10":"instock","11":"taxable","12":"shipping-taxable","13":"purchasable","14":"product-type-simple"},"acf":[],"_links":{"self":[{"href":"https:\/\/nbg.eu\/fi\/wp-json\/wp\/v2\/product\/45492","targetHints":{"allow":["GET"]}}],"collection":[{"href":"https:\/\/nbg.eu\/fi\/wp-json\/wp\/v2\/product"}],"about":[{"href":"https:\/\/nbg.eu\/fi\/wp-json\/wp\/v2\/types\/product"}],"wp:featuredmedia":[{"embeddable":true,"href":"https:\/\/nbg.eu\/fi\/wp-json\/wp\/v2\/media\/22670"}],"wp:attachment":[{"href":"https:\/\/nbg.eu\/fi\/wp-json\/wp\/v2\/media?parent=45492"}],"wp:term":[{"taxonomy":"product_brand","embeddable":true,"href":"https:\/\/nbg.eu\/fi\/wp-json\/wp\/v2\/product_brand?post=45492"},{"taxonomy":"product_cat","embeddable":true,"href":"https:\/\/nbg.eu\/fi\/wp-json\/wp\/v2\/product_cat?post=45492"},{"taxonomy":"product_tag","embeddable":true,"href":"https:\/\/nbg.eu\/fi\/wp-json\/wp\/v2\/product_tag?post=45492"}],"curies":[{"name":"wp","href":"https:\/\/api.w.org\/{rel}","templated":true}]}}