{"id":45915,"date":"2024-08-03T17:10:30","date_gmt":"2024-08-03T14:10:30","guid":{"rendered":"https:\/\/nbg.eu\/product\/rh-classic-iwb-holster\/"},"modified":"2026-01-21T12:14:34","modified_gmt":"2026-01-21T09:14:34","slug":"rh-classic-iwb-kotelo","status":"publish","type":"product","link":"https:\/\/nbg.eu\/fi\/tuote\/rh-classic-iwb-kotelo\/","title":{"rendered":"RH Classic IWB Kotelo"},"content":{"rendered":"<p>RH Classic IWB -kotelo tarjoaa mukavan piilokantomahdollisuuden. Ominaisuudet sis\u00e4lt\u00e4v\u00e4t:<\/p>\n<ul>\n<li>Tyhji\u00f6puristettu kydex tarkalle aseen istuvuudelle<\/li>\n<li>S\u00e4\u00e4dett\u00e4v\u00e4 ote ja kallistus<\/li>\n<li>Valinnaiset kynsi- ja ERC-kiinnikkeet<\/li>\n<li>Ohut profiili v\u00e4h\u00e4iselle n\u00e4kyvyydelle<\/li>\n<li>K\u00e4sin leikatut reunat mukavuutta varten<\/li>\n<li>Yksiosanen rakenne<\/li>\n<li>Avoin pohjarakenne monipuolisuutta varten<\/li>\n<\/ul>\n<p>Sopii huomaamattomaan, jokap\u00e4iv\u00e4iseen kantoon.<\/p>\n","protected":false},"excerpt":{"rendered":"<p>Ohut IWB-kotelo: S\u00e4\u00e4dett\u00e4v\u00e4, piilotettu kantaminen kynsi- ja ERC-vaihtoehdoilla.<\/p>\n","protected":false},"featured_media":45917,"template":"","meta":{"_acf_changed":false},"product_brand":[11633],"product_cat":[13231,13198],"product_tag":[],"class_list":{"0":"post-45915","1":"product","2":"type-product","3":"status-publish","4":"has-post-thumbnail","6":"product_brand-rh-holsters","7":"product_cat-kotelo","8":"product_cat-taktinen-kotelo","10":"first","11":"instock","12":"taxable","13":"shipping-taxable","14":"purchasable","15":"product-type-variable","16":"wvs-archive-product-wrapper"},"acf":[],"_links":{"self":[{"href":"https:\/\/nbg.eu\/fi\/wp-json\/wp\/v2\/product\/45915","targetHints":{"allow":["GET"]}}],"collection":[{"href":"https:\/\/nbg.eu\/fi\/wp-json\/wp\/v2\/product"}],"about":[{"href":"https:\/\/nbg.eu\/fi\/wp-json\/wp\/v2\/types\/product"}],"wp:featuredmedia":[{"embeddable":true,"href":"https:\/\/nbg.eu\/fi\/wp-json\/wp\/v2\/media\/45917"}],"wp:attachment":[{"href":"https:\/\/nbg.eu\/fi\/wp-json\/wp\/v2\/media?parent=45915"}],"wp:term":[{"taxonomy":"product_brand","embeddable":true,"href":"https:\/\/nbg.eu\/fi\/wp-json\/wp\/v2\/product_brand?post=45915"},{"taxonomy":"product_cat","embeddable":true,"href":"https:\/\/nbg.eu\/fi\/wp-json\/wp\/v2\/product_cat?post=45915"},{"taxonomy":"product_tag","embeddable":true,"href":"https:\/\/nbg.eu\/fi\/wp-json\/wp\/v2\/product_tag?post=45915"}],"curies":[{"name":"wp","href":"https:\/\/api.w.org\/{rel}","templated":true}]}}