{"id":49566,"date":"2024-07-29T16:10:43","date_gmt":"2024-07-29T13:10:43","guid":{"rendered":"https:\/\/nbg.eu\/product\/cobra-buckle-conversion-kit\/"},"modified":"2026-05-13T17:13:09","modified_gmt":"2026-05-13T14:13:09","slug":"cobra-solki-muunnossarja","status":"publish","type":"product","link":"https:\/\/nbg.eu\/fi\/tuote\/cobra-solki-muunnossarja\/","title":{"rendered":"COBRA Solki Muunnossarja"},"content":{"rendered":"<div class=\"product-description\">\n<h2>COBRA\u00ae Solkimuutossarja GRID\u2122 Vy\u00f6lle<\/h2>\n<p>P\u00e4ivit\u00e4 GRID\u2122 Vy\u00f6si COBRA\u00ae Solkimuutossarjalla, jossa on patentoitu COBRA\u00ae ProStyle solki. T\u00e4m\u00e4 sarja lis\u00e4\u00e4 vy\u00f6h\u00f6n pikavapautustoiminnon.<\/p>\n<h3>Ominaisuudet:<\/h3>\n<ul>\n<li>Muokattu lukitusmekanismi sujuvaan lukitukseen ja tahattoman avautumisen est\u00e4miseen<\/li>\n<li>T\u00e4ytt\u00e4\u00e4 ANSI- ja CSA-standardit<\/li>\n<li>Suolasumu- ja hiekkapuhallustestattu<\/li>\n<li>Pikavapautustoiminto<\/li>\n<\/ul>\n<p><strong>Huomio:<\/strong> T\u00e4m\u00e4 p\u00e4ivityssarja ei lis\u00e4\u00e4 GRID Vy\u00f6n kuormankantokyky\u00e4. Kuormankest\u00e4v\u00e4t vaihtoehdot l\u00f6ytyv\u00e4t CHLK Vy\u00f6 -tuotteestamme.<\/p>\n<\/div>\n","protected":false},"excerpt":{"rendered":"<p>COBRA\u00ae solkisarja: Pikairrotettava p\u00e4ivitys GRID\u2122-vy\u00f6h\u00f6n. Turvallinen, tyylik\u00e4s.<\/p>\n","protected":false},"featured_media":49569,"template":"","meta":{"_acf_changed":false},"product_brand":[14540],"product_cat":[13234,13233],"product_tag":[],"class_list":{"0":"post-49566","1":"product","2":"type-product","3":"status-publish","4":"has-post-thumbnail","6":"product_brand-skedco","7":"product_cat-taktiset-vyoet","8":"product_cat-varusteet","10":"first","11":"instock","12":"taxable","13":"shipping-taxable","14":"purchasable","15":"product-type-variable","16":"wvs-archive-product-wrapper"},"acf":[],"_links":{"self":[{"href":"https:\/\/nbg.eu\/fi\/wp-json\/wp\/v2\/product\/49566","targetHints":{"allow":["GET"]}}],"collection":[{"href":"https:\/\/nbg.eu\/fi\/wp-json\/wp\/v2\/product"}],"about":[{"href":"https:\/\/nbg.eu\/fi\/wp-json\/wp\/v2\/types\/product"}],"wp:featuredmedia":[{"embeddable":true,"href":"https:\/\/nbg.eu\/fi\/wp-json\/wp\/v2\/media\/49569"}],"wp:attachment":[{"href":"https:\/\/nbg.eu\/fi\/wp-json\/wp\/v2\/media?parent=49566"}],"wp:term":[{"taxonomy":"product_brand","embeddable":true,"href":"https:\/\/nbg.eu\/fi\/wp-json\/wp\/v2\/product_brand?post=49566"},{"taxonomy":"product_cat","embeddable":true,"href":"https:\/\/nbg.eu\/fi\/wp-json\/wp\/v2\/product_cat?post=49566"},{"taxonomy":"product_tag","embeddable":true,"href":"https:\/\/nbg.eu\/fi\/wp-json\/wp\/v2\/product_tag?post=49566"}],"curies":[{"name":"wp","href":"https:\/\/api.w.org\/{rel}","templated":true}]}}