{"id":525742,"date":"2025-08-19T20:38:50","date_gmt":"2025-08-19T17:38:50","guid":{"rendered":"https:\/\/nbg.eu\/product\/hographic-sight-eotech-exps3\/"},"modified":"2026-01-21T11:45:40","modified_gmt":"2026-01-21T08:45:40","slug":"hographic-sight-eotech-exps3","status":"publish","type":"product","link":"https:\/\/nbg.eu\/fi\/tuote\/hographic-sight-eotech-exps3\/","title":{"rendered":"Hographic sight EOTECH EXPS3"},"content":{"rendered":"<div class=\"product-description\">\n<h2>EOTECH HWS EXPS3\u2122 Holografinen T\u00e4ht\u00e4in<\/h2>\n<p>EOTECH HWS EXPS3\u2122 on holografinen t\u00e4ht\u00e4in, joka tarjoaa seuraavat ominaisuudet:<\/p>\n<ul>\n<li>Kahden silm\u00e4n ammunta nopeaan t\u00e4ht\u00e4\u00e4miseen<\/li>\n<li>Pime\u00e4n\u00e4k\u00f6yhteensopivuus 10 lis\u00e4asetuksella<\/li>\n<li>7 mm korotettu pikairrotusjalusta rautata\u00e4ht\u00e4inten yhteisk\u00e4ytt\u00f6\u00f6n<\/li>\n<li>Kompakti koko: 3,8&#8243; x 2,3&#8243; x 2,9&#8243;<\/li>\n<li>Paino 11,2 unssia<\/li>\n<li>Vedenkest\u00e4v\u00e4 33 jalan syvyyteen<\/li>\n<li>20 kirkkaustasoa p\u00e4iv\u00e4nvalossa<\/li>\n<li>1 000 tunnin akunkesto normaaliasetuksilla<\/li>\n<\/ul>\n<p>Valmistettu Yhdysvalloissa. EXPS3 kiinnittyy 1&#8243; Weaver tai MIL-STD-1913 -kiskoihin ja toimii -40\u00b0C &#8211; 60\u00b0C l\u00e4mp\u00f6tiloissa. Sis\u00e4lt\u00e4\u00e4 pikaoppaan, takuukortin ja CR123-pariston.<\/p>\n<\/div>\n","protected":false},"excerpt":{"rendered":"<p>Nopea kohteen havaitseminen, yhteensopiva pime\u00e4n\u00e4k\u00f6laitteen kanssa, korotettu pikairrotusjalusta.<\/p>\n","protected":false},"featured_media":466367,"template":"","meta":{"_acf_changed":false},"product_brand":[],"product_cat":[13185,13176],"product_tag":[],"class_list":{"0":"post-525742","1":"product","2":"type-product","3":"status-publish","4":"has-post-thumbnail","6":"product_cat-kivaeaerin-pisteet","7":"product_cat-taehtaeaeminen","9":"first","10":"outofstock","11":"taxable","12":"shipping-taxable","13":"purchasable","14":"product-type-simple"},"acf":[],"_links":{"self":[{"href":"https:\/\/nbg.eu\/fi\/wp-json\/wp\/v2\/product\/525742","targetHints":{"allow":["GET"]}}],"collection":[{"href":"https:\/\/nbg.eu\/fi\/wp-json\/wp\/v2\/product"}],"about":[{"href":"https:\/\/nbg.eu\/fi\/wp-json\/wp\/v2\/types\/product"}],"wp:featuredmedia":[{"embeddable":true,"href":"https:\/\/nbg.eu\/fi\/wp-json\/wp\/v2\/media\/466367"}],"wp:attachment":[{"href":"https:\/\/nbg.eu\/fi\/wp-json\/wp\/v2\/media?parent=525742"}],"wp:term":[{"taxonomy":"product_brand","embeddable":true,"href":"https:\/\/nbg.eu\/fi\/wp-json\/wp\/v2\/product_brand?post=525742"},{"taxonomy":"product_cat","embeddable":true,"href":"https:\/\/nbg.eu\/fi\/wp-json\/wp\/v2\/product_cat?post=525742"},{"taxonomy":"product_tag","embeddable":true,"href":"https:\/\/nbg.eu\/fi\/wp-json\/wp\/v2\/product_tag?post=525742"}],"curies":[{"name":"wp","href":"https:\/\/api.w.org\/{rel}","templated":true}]}}