{"id":526409,"date":"2025-08-20T17:48:48","date_gmt":"2025-08-20T14:48:48","guid":{"rendered":"https:\/\/nbg.eu\/product\/recoil-spring-ismi-15-lb-spring-for-glock-17-gl15\/"},"modified":"2026-01-21T11:39:14","modified_gmt":"2026-01-21T08:39:14","slug":"recoil-spring-ismi-15-lb-spring-for-glock-17-gl15","status":"publish","type":"product","link":"https:\/\/nbg.eu\/fi\/tuote\/recoil-spring-ismi-15-lb-spring-for-glock-17-gl15\/","title":{"rendered":"Recoil spring ISMI 15 lb. Spring for Glock 17 (GL15)"},"content":{"rendered":"<div class=\"product-description\">\n<h2>ISMI 15 lb. Litte\u00e4 jousiter\u00e4sjousi Glock 17:lle (GL15)<\/h2>\n<p>ISMI:n valmistama rekyylijousi Glock 17:lle. T\u00e4m\u00e4 15 lb. litte\u00e4 jousi on valmistettu kromi-vanadiiniseoksesta ja sopii tehtaan ohjaintankoon, jonka halkaisija on 0,250&#8243; tai v\u00e4hemm\u00e4n.<\/p>\n<ul>\n<li>Suunniteltu CAD-ohjelmistolla ja valmistettu ilmailualan m\u00e4\u00e4ritysten mukaisesti<\/li>\n<li>L\u00e4mp\u00f6k\u00e4sitelty, kuulapuhallettu ja j\u00e4nnityspoistettu<\/li>\n<li>Varmistaa johdonmukaisen toiminnan<\/li>\n<li>Yhteensopiva mallien Glock 17, 17L, 20, 21, 22, 24, 31, 35 kanssa<\/li>\n<li>Valmistettu Yhdysvalloissa<\/li>\n<\/ul>\n<p>ISMI:n rekyylijousi Glock-aseeseen parantaa luotettavuutta ja suorituskyky\u00e4 ampumaradalla.<\/p>\n<\/div>\n","protected":false},"excerpt":{"rendered":"<p>Tarkka 15 naulan (6,8 kg) litte\u00e4 jousipalautusjousi Glock 17:lle. Valmistettu USA:ssa, parantaa suorituskyky\u00e4.<\/p>\n","protected":false},"featured_media":470569,"template":"","meta":{"_acf_changed":false},"product_brand":[11404],"product_cat":[13193,13175],"product_tag":[],"class_list":{"0":"post-526409","1":"product","2":"type-product","3":"status-publish","4":"has-post-thumbnail","6":"product_brand-glock","7":"product_cat-jouset","8":"product_cat-kmr-osat","10":"first","11":"outofstock","12":"taxable","13":"shipping-taxable","14":"purchasable","15":"product-type-simple"},"acf":[],"_links":{"self":[{"href":"https:\/\/nbg.eu\/fi\/wp-json\/wp\/v2\/product\/526409","targetHints":{"allow":["GET"]}}],"collection":[{"href":"https:\/\/nbg.eu\/fi\/wp-json\/wp\/v2\/product"}],"about":[{"href":"https:\/\/nbg.eu\/fi\/wp-json\/wp\/v2\/types\/product"}],"wp:featuredmedia":[{"embeddable":true,"href":"https:\/\/nbg.eu\/fi\/wp-json\/wp\/v2\/media\/470569"}],"wp:attachment":[{"href":"https:\/\/nbg.eu\/fi\/wp-json\/wp\/v2\/media?parent=526409"}],"wp:term":[{"taxonomy":"product_brand","embeddable":true,"href":"https:\/\/nbg.eu\/fi\/wp-json\/wp\/v2\/product_brand?post=526409"},{"taxonomy":"product_cat","embeddable":true,"href":"https:\/\/nbg.eu\/fi\/wp-json\/wp\/v2\/product_cat?post=526409"},{"taxonomy":"product_tag","embeddable":true,"href":"https:\/\/nbg.eu\/fi\/wp-json\/wp\/v2\/product_tag?post=526409"}],"curies":[{"name":"wp","href":"https:\/\/api.w.org\/{rel}","templated":true}]}}