{"id":527499,"date":"2025-09-02T20:13:23","date_gmt":"2025-09-02T17:13:23","guid":{"rendered":"https:\/\/nbg.eu\/product\/general-nano-protection-super-nano-grease-synthetic-761034\/"},"modified":"2026-01-21T11:44:39","modified_gmt":"2026-01-21T08:44:39","slug":"general-nano-protection-super-nano-grease-synthetic-761034","status":"publish","type":"product","link":"https:\/\/nbg.eu\/fi\/tuote\/general-nano-protection-super-nano-grease-synthetic-761034\/","title":{"rendered":"General Nano Protection &#8211; Super Nano Grease &#8211; Synthetic &#8211; 761034"},"content":{"rendered":"<h1>General Nano Protection &#8211; Super Nano Rasva &#8211; Synteettinen &#8211; 761034<\/h1>\n<p>Synteettinen ase\u00f6ljy. 200ml pullo Super Nano Rasvaa aseiden suojaukseen ja toimintaan.<\/p>\n<ul>\n<li>Puhdistaa ruutip\u00f6lyn, hiilen ja rasvan<\/li>\n<li>Poistaa kosteuden ja suojaa korroosiolta<\/li>\n<li>V\u00e4hent\u00e4\u00e4 kitkaa ja kulumista eri materiaaleilla<\/li>\n<li>Pident\u00e4\u00e4 aseen k\u00e4ytt\u00f6ik\u00e4\u00e4<\/li>\n<li>Nanohiukkasteknologia parantaa tunkeutumista<\/li>\n<li>Hydrofobinen pinnoite hylkii vett\u00e4<\/li>\n<li>L\u00e4mm\u00f6nkest\u00e4vyys -60\u00b0C &#8211; +250\u00b0C<\/li>\n<li>Sopii metallille, puulle, maalille, kumille ja muoville<\/li>\n<\/ul>\n<p>Soveltuu k\u00e4ytett\u00e4v\u00e4ksi toimintatangoissa, piipun holkeissa, nokkatapeissa ja muissa liikkuvissa osissa.<\/p>\n","protected":false},"excerpt":{"rendered":"<p>Edistynyt nano-ase\u00f6ljy: puhdistaa, voitelee ja suojaa ampuma-aseita.<\/p>\n","protected":false},"featured_media":490516,"template":"","meta":{"_acf_changed":false},"product_brand":[],"product_cat":[13241],"product_tag":[],"class_list":{"0":"post-527499","1":"product","2":"type-product","3":"status-publish","4":"has-post-thumbnail","6":"product_cat-luokittelematon","8":"first","9":"instock","10":"taxable","11":"shipping-taxable","12":"purchasable","13":"product-type-simple"},"acf":[],"_links":{"self":[{"href":"https:\/\/nbg.eu\/fi\/wp-json\/wp\/v2\/product\/527499","targetHints":{"allow":["GET"]}}],"collection":[{"href":"https:\/\/nbg.eu\/fi\/wp-json\/wp\/v2\/product"}],"about":[{"href":"https:\/\/nbg.eu\/fi\/wp-json\/wp\/v2\/types\/product"}],"wp:featuredmedia":[{"embeddable":true,"href":"https:\/\/nbg.eu\/fi\/wp-json\/wp\/v2\/media\/490516"}],"wp:attachment":[{"href":"https:\/\/nbg.eu\/fi\/wp-json\/wp\/v2\/media?parent=527499"}],"wp:term":[{"taxonomy":"product_brand","embeddable":true,"href":"https:\/\/nbg.eu\/fi\/wp-json\/wp\/v2\/product_brand?post=527499"},{"taxonomy":"product_cat","embeddable":true,"href":"https:\/\/nbg.eu\/fi\/wp-json\/wp\/v2\/product_cat?post=527499"},{"taxonomy":"product_tag","embeddable":true,"href":"https:\/\/nbg.eu\/fi\/wp-json\/wp\/v2\/product_tag?post=527499"}],"curies":[{"name":"wp","href":"https:\/\/api.w.org\/{rel}","templated":true}]}}