{"id":530416,"date":"2025-09-04T17:31:52","date_gmt":"2025-09-04T14:31:52","guid":{"rendered":"https:\/\/nbg.eu\/product\/strike-industries-overmolded-ultimate-dust-cover-for-223-5-56-mm-black\/"},"modified":"2026-01-21T12:14:40","modified_gmt":"2026-01-21T09:14:40","slug":"strike-industries-overmolded-ultimate-dust-cover-for-223-5-56-mm-black","status":"publish","type":"product","link":"https:\/\/nbg.eu\/fi\/tuote\/strike-industries-overmolded-ultimate-dust-cover-for-223-5-56-mm-black\/","title":{"rendered":"Strike Industries &#8211; Overmolded Ultimate Dust Cover for .223\/5.56 mm &#8211; Black"},"content":{"rendered":"<div class=\"product-description\">\n<h2>Strike Industries &#8211; P\u00e4\u00e4llystetty p\u00f6lysuoja .223\/5.56 mm:lle &#8211; Musta<\/h2>\n<p>Strike Industries p\u00e4\u00e4llystetty p\u00f6lysuoja AR-15:lle. Muotoilu sis\u00e4lt\u00e4\u00e4 kaksoisruiskuvalun ja kumitetun tiivisteen suojaamaan likaa ja vett\u00e4 vastaan. Patenttia odottava &#8221;True Seal&#8221; sis\u00e4huuli tarjoaa tiiviimm\u00e4n suojan kuin perinteiset p\u00f6lysuojat.<\/p>\n<ul>\n<li>Asennus ilman ty\u00f6kaluja ja helppo purkaminen<\/li>\n<li>Sis\u00e4\u00e4nrakennettu s\u00e4\u00e4dett\u00e4v\u00e4 pid\u00e4tinruuvi kulumisen kompensointiin<\/li>\n<li>Hiljainen aktivointi kumitiivisteen ansiosta<\/li>\n<li>Valmistettu SI Polymer Extreme -materiaalista<\/li>\n<li>Ruostumaton ja kest\u00e4v\u00e4<\/li>\n<li>Asennus tai irrotus 5-10 sekunnissa<\/li>\n<\/ul>\n<p>Yhteensopiva AR-15 Mil-Spec ja useimpien billet-yl\u00e4runkojen kanssa, mukaan lukien Aero Precision M4E1. Ei yhteensopiva VLTOR MUR, ZRO Delta, Lantac Enhanced BCG tai Bootleg Four Position Adjustable Carrier -mallien kanssa.<\/p>\n<\/div>\n","protected":false},"excerpt":{"rendered":"<p>Paranneltu AR-15 p\u00f6lysuoja: Hiljainen, nopea asentaa, roskankest\u00e4v\u00e4 tiiviste.<\/p>\n","protected":false},"featured_media":493268,"template":"","meta":{"_acf_changed":false},"product_brand":[14611],"product_cat":[13209,13225,13186],"product_tag":[],"class_list":{"0":"post-530416","1":"product","2":"type-product","3":"status-publish","4":"has-post-thumbnail","6":"product_brand-strike-industries","7":"product_cat-ar-viritys","8":"product_cat-kivaeaeri","9":"product_cat-kivaeaerin-viritys","11":"first","12":"instock","13":"taxable","14":"shipping-taxable","15":"purchasable","16":"product-type-simple"},"acf":[],"_links":{"self":[{"href":"https:\/\/nbg.eu\/fi\/wp-json\/wp\/v2\/product\/530416","targetHints":{"allow":["GET"]}}],"collection":[{"href":"https:\/\/nbg.eu\/fi\/wp-json\/wp\/v2\/product"}],"about":[{"href":"https:\/\/nbg.eu\/fi\/wp-json\/wp\/v2\/types\/product"}],"wp:featuredmedia":[{"embeddable":true,"href":"https:\/\/nbg.eu\/fi\/wp-json\/wp\/v2\/media\/493268"}],"wp:attachment":[{"href":"https:\/\/nbg.eu\/fi\/wp-json\/wp\/v2\/media?parent=530416"}],"wp:term":[{"taxonomy":"product_brand","embeddable":true,"href":"https:\/\/nbg.eu\/fi\/wp-json\/wp\/v2\/product_brand?post=530416"},{"taxonomy":"product_cat","embeddable":true,"href":"https:\/\/nbg.eu\/fi\/wp-json\/wp\/v2\/product_cat?post=530416"},{"taxonomy":"product_tag","embeddable":true,"href":"https:\/\/nbg.eu\/fi\/wp-json\/wp\/v2\/product_tag?post=530416"}],"curies":[{"name":"wp","href":"https:\/\/api.w.org\/{rel}","templated":true}]}}