{"id":531062,"date":"2025-09-04T17:50:56","date_gmt":"2025-09-04T14:50:56","guid":{"rendered":"https:\/\/nbg.eu\/product\/wbp-rogow-mounting-kit-for-enlarged-magazine-latch-ak-akm-ak-74\/"},"modified":"2026-01-21T11:40:20","modified_gmt":"2026-01-21T08:40:20","slug":"wbp-rogow-asennussarja-laajennetulle-lippaslukkolle-ak-akm-ak-74","status":"publish","type":"product","link":"https:\/\/nbg.eu\/fi\/tuote\/wbp-rogow-asennussarja-laajennetulle-lippaslukkolle-ak-akm-ak-74\/","title":{"rendered":"WBP Rog\u00f3w &#8211; Asennussarja laajennetulle lippaslukkolle &#8211; AK \/ AKM \/ AK-74"},"content":{"rendered":"<h2>WBP Rog\u00f3w &#8211; Asennussarja suurennetulle lippaansalvalle &#8211; AK \/ AKM \/ AK-74<\/h2>\n<p>T\u00e4m\u00e4 WBP Rog\u00f3win suurennetun lippaansalvan asennussarja on suunniteltu AK-alustan kiv\u00e4\u00e4reille. Se on helppo asentaa ja sopii erilaisiin AK-perheen kiv\u00e4\u00e4reihin.<\/p>\n<h2>Ominaisuudet:<\/h2>\n<ul>\n<li>Suurennettu pinta-ala lippaan irrottamisen helpottamiseksi<\/li>\n<li>Yhteensopiva suosittujen AK-, AKM- ja AK-74-mallien kanssa<\/li>\n<li>Nopeuttaa lippaan vaihtoa<\/li>\n<li>Sis\u00e4lt\u00e4\u00e4 jousen ja tappinivelen<\/li>\n<li>Valmistettu hapetetusta ter\u00e4ksest\u00e4<\/li>\n<li>Musta viimeistely<\/li>\n<\/ul>\n<p>Mitat: 51 x 24 x 15 mm<br \/>\nPaino: 16 g<\/p>\n<p>P\u00e4ivit\u00e4 AK:n lippaanvapautusmekanismi.<\/p>\n","protected":false},"excerpt":{"rendered":"<p>Suurennettu AK-lippaan salpasarja. Helppo asentaa, parannettu ergonomia. Ter\u00e4st\u00e4, musta.<\/p>\n","protected":false},"featured_media":493601,"template":"","meta":{"_acf_changed":false},"product_brand":[14655],"product_cat":[13163],"product_tag":[],"class_list":{"0":"post-531062","1":"product","2":"type-product","3":"status-publish","4":"has-post-thumbnail","6":"product_brand-wbp-rogow","7":"product_cat-ak-viritys","9":"first","10":"outofstock","11":"taxable","12":"shipping-taxable","13":"purchasable","14":"product-type-simple"},"acf":[],"_links":{"self":[{"href":"https:\/\/nbg.eu\/fi\/wp-json\/wp\/v2\/product\/531062","targetHints":{"allow":["GET"]}}],"collection":[{"href":"https:\/\/nbg.eu\/fi\/wp-json\/wp\/v2\/product"}],"about":[{"href":"https:\/\/nbg.eu\/fi\/wp-json\/wp\/v2\/types\/product"}],"wp:featuredmedia":[{"embeddable":true,"href":"https:\/\/nbg.eu\/fi\/wp-json\/wp\/v2\/media\/493601"}],"wp:attachment":[{"href":"https:\/\/nbg.eu\/fi\/wp-json\/wp\/v2\/media?parent=531062"}],"wp:term":[{"taxonomy":"product_brand","embeddable":true,"href":"https:\/\/nbg.eu\/fi\/wp-json\/wp\/v2\/product_brand?post=531062"},{"taxonomy":"product_cat","embeddable":true,"href":"https:\/\/nbg.eu\/fi\/wp-json\/wp\/v2\/product_cat?post=531062"},{"taxonomy":"product_tag","embeddable":true,"href":"https:\/\/nbg.eu\/fi\/wp-json\/wp\/v2\/product_tag?post=531062"}],"curies":[{"name":"wp","href":"https:\/\/api.w.org\/{rel}","templated":true}]}}