{"id":533960,"date":"2025-09-04T18:48:31","date_gmt":"2025-09-04T15:48:31","guid":{"rendered":"https:\/\/nbg.eu\/product\/ftcs-buttstock-mounting-adapter-picatinny-for-saiga-cerakote-h-146-nr-28\/"},"modified":"2026-01-21T11:40:09","modified_gmt":"2026-01-21T08:40:09","slug":"ftcs-buttstock-mounting-adapter-picatinny-for-saiga-cerakote-h-146-nr-28","status":"publish","type":"product","link":"https:\/\/nbg.eu\/fi\/tuote\/ftcs-buttstock-mounting-adapter-picatinny-for-saiga-cerakote-h-146-nr-28\/","title":{"rendered":"FTCS &#8211; Buttstock Mounting Adapter Picatinny for Saiga &#8211; Cerakote &#8211; H-146 &#8211; Nr. 28"},"content":{"rendered":"<div class=\"product-description\">\n<h2>FTCS &#8211; Per\u00e4n kiinnityssovitin Picatinny-kiskolla Saigalle &#8211; Cerakote H-146<\/h2>\n<p>T\u00e4m\u00e4 per\u00e4n kiinnityssovitin on valmistettu alumiinista ja pinnoitettu Graphite Black H-146 Cerakote-pinnoitteella.<\/p>\n<ul>\n<li>Yhteensopiva Saigan ja vastaavien alustojen kanssa<\/li>\n<li>Mahdollistaa Picatinny-yhteensopivien perien tai vakauttimien kiinnityksen<\/li>\n<li>Ei vaadi lis\u00e4osia asennukseen<\/li>\n<li>Valmistajan logo kaiverrettuna<\/li>\n<li>Mitat: 35 x 31 x 30 mm<\/li>\n<li>Paino: 49 g<\/li>\n<\/ul>\n<p>Soveltuu k\u00e4ytett\u00e4v\u00e4ksi Strike Industries -perien kanssa, kuten SI-FSA-DUAL, SI-FSA-DUAL-STOCK tai SI-FSA-DUAL-STAB.<\/p>\n<\/div>\n","protected":false},"excerpt":{"rendered":"<p>Saigan per\u00e4tukisovitin. Picatinny-kisko. Cerakote H-146. FTCS nro 28.<\/p>\n","protected":false},"featured_media":494444,"template":"","meta":{"_acf_changed":false},"product_brand":[],"product_cat":[13163,13225,13186],"product_tag":[],"class_list":{"0":"post-533960","1":"product","2":"type-product","3":"status-publish","4":"has-post-thumbnail","6":"product_cat-ak-viritys","7":"product_cat-kivaeaeri","8":"product_cat-kivaeaerin-viritys","10":"first","11":"instock","12":"taxable","13":"shipping-taxable","14":"purchasable","15":"product-type-simple"},"acf":[],"_links":{"self":[{"href":"https:\/\/nbg.eu\/fi\/wp-json\/wp\/v2\/product\/533960","targetHints":{"allow":["GET"]}}],"collection":[{"href":"https:\/\/nbg.eu\/fi\/wp-json\/wp\/v2\/product"}],"about":[{"href":"https:\/\/nbg.eu\/fi\/wp-json\/wp\/v2\/types\/product"}],"wp:featuredmedia":[{"embeddable":true,"href":"https:\/\/nbg.eu\/fi\/wp-json\/wp\/v2\/media\/494444"}],"wp:attachment":[{"href":"https:\/\/nbg.eu\/fi\/wp-json\/wp\/v2\/media?parent=533960"}],"wp:term":[{"taxonomy":"product_brand","embeddable":true,"href":"https:\/\/nbg.eu\/fi\/wp-json\/wp\/v2\/product_brand?post=533960"},{"taxonomy":"product_cat","embeddable":true,"href":"https:\/\/nbg.eu\/fi\/wp-json\/wp\/v2\/product_cat?post=533960"},{"taxonomy":"product_tag","embeddable":true,"href":"https:\/\/nbg.eu\/fi\/wp-json\/wp\/v2\/product_tag?post=533960"}],"curies":[{"name":"wp","href":"https:\/\/api.w.org\/{rel}","templated":true}]}}