{"id":534504,"date":"2025-09-04T20:13:16","date_gmt":"2025-09-04T17:13:16","guid":{"rendered":"https:\/\/nbg.eu\/product\/ismi-17-lb-pruzhina-za-glock-17-gl17\/"},"modified":"2026-02-27T15:51:50","modified_gmt":"2026-02-27T12:51:50","slug":"ismi-17-lb-pruzhina-za-glock-17-gl17","status":"publish","type":"product","link":"https:\/\/nbg.eu\/fi\/tuote\/ismi-17-lb-pruzhina-za-glock-17-gl17\/","title":{"rendered":"ISMI 17 lb. \u041f\u0440\u0443\u0436\u0438\u043d\u0430 \u0437\u0430 Glock 17 (GL17)"},"content":{"rendered":"<div class=\"product-description\">\n<h2>ISMI 17 lb. Jousi Glock 17:lle (GL17)<\/h2>\n<p>17 lb:n palautusjousi Glock 17:lle. Valmistettu Yhdysvalloissa ilmailualan standardien mukaisesti. T\u00e4m\u00e4 jousi tarjoaa:<\/p>\n<ul>\n<li>CAD-suunniteltu tarkkaa sopivuutta varten<\/li>\n<li>Valmistettu kromisilikonista, ruostumattomasta ter\u00e4ksest\u00e4 tai kromivanadiumista<\/li>\n<li>L\u00e4mp\u00f6k\u00e4sitelty, kuulapuhallettu ja j\u00e4nnityksenpoisto kest\u00e4vyyden parantamiseksi<\/li>\n<li>Litte\u00e4 lankarakenne sujuvaa toimintaa varten<\/li>\n<li>Sopii tehtaan ohjaustankoon (.250&#8243; tai v\u00e4hemm\u00e4n)<\/li>\n<li>Yhteensopiva mallien Glock 17, 17L, 20, 21, 22, 24, 31, 35 kanssa<\/li>\n<\/ul>\n<p>Korroosionkest\u00e4v\u00e4 jousi, suunniteltu Glock 17:n vaatimuksiin.<\/p>\n<\/div>\n","protected":false},"excerpt":{"rendered":"<p>17 lb rekyylijousi Glock 17:lle. Valmistettu Yhdysvalloissa, kest\u00e4v\u00e4 ja luotettava.<\/p>\n","protected":false},"featured_media":495345,"template":"","meta":{"_acf_changed":false},"product_brand":[],"product_cat":[13193,13171],"product_tag":[],"class_list":{"0":"post-534504","1":"product","2":"type-product","3":"status-publish","4":"has-post-thumbnail","6":"product_cat-jouset","7":"product_cat-pistoolin-osat","9":"first","10":"outofstock","11":"taxable","12":"shipping-taxable","13":"purchasable","14":"product-type-simple"},"acf":[],"_links":{"self":[{"href":"https:\/\/nbg.eu\/fi\/wp-json\/wp\/v2\/product\/534504","targetHints":{"allow":["GET"]}}],"collection":[{"href":"https:\/\/nbg.eu\/fi\/wp-json\/wp\/v2\/product"}],"about":[{"href":"https:\/\/nbg.eu\/fi\/wp-json\/wp\/v2\/types\/product"}],"wp:featuredmedia":[{"embeddable":true,"href":"https:\/\/nbg.eu\/fi\/wp-json\/wp\/v2\/media\/495345"}],"wp:attachment":[{"href":"https:\/\/nbg.eu\/fi\/wp-json\/wp\/v2\/media?parent=534504"}],"wp:term":[{"taxonomy":"product_brand","embeddable":true,"href":"https:\/\/nbg.eu\/fi\/wp-json\/wp\/v2\/product_brand?post=534504"},{"taxonomy":"product_cat","embeddable":true,"href":"https:\/\/nbg.eu\/fi\/wp-json\/wp\/v2\/product_cat?post=534504"},{"taxonomy":"product_tag","embeddable":true,"href":"https:\/\/nbg.eu\/fi\/wp-json\/wp\/v2\/product_tag?post=534504"}],"curies":[{"name":"wp","href":"https:\/\/api.w.org\/{rel}","templated":true}]}}