{"id":535176,"date":"2025-09-04T23:53:22","date_gmt":"2025-09-04T20:53:22","guid":{"rendered":"https:\/\/nbg.eu\/product\/law-tactical-llc-armorers-flange-tool-2019aft\/"},"modified":"2026-01-21T11:58:40","modified_gmt":"2026-01-21T08:58:40","slug":"law-tactical-llc-armorers-flange-tool-2019aft","status":"publish","type":"product","link":"https:\/\/nbg.eu\/fi\/tuote\/law-tactical-llc-armorers-flange-tool-2019aft\/","title":{"rendered":"LAW TACTICAL LLC Armorer&#8217;s Flange Tool (2019AFT)"},"content":{"rendered":"<div class=\"product-description\">\n<h2>LAW TACTICAL LLC Asesep\u00e4n laippaty\u00f6kalu (2019AFT)<\/h2>\n<p>Ty\u00f6kalu Law Tactical taittuvan per\u00e4n adapterin huoltoon. T\u00e4m\u00e4 uudelleenk\u00e4ytett\u00e4v\u00e4 laipan asennus- ja poistoty\u00f6kalu on valmistettu l\u00e4mp\u00f6k\u00e4sitellyst\u00e4 hiiliter\u00e4ksest\u00e4.<\/p>\n<ul>\n<li>Koneistettu kiinte\u00e4st\u00e4 l\u00e4mp\u00f6k\u00e4sitellyst\u00e4 hiiliter\u00e4ksest\u00e4<\/li>\n<li>Suunniteltu pitk\u00e4aikaiseen k\u00e4ytt\u00f6\u00f6n<\/li>\n<li>3\/8&#8243; neli\u00f6p\u00e4\u00e4 momenttiavaimen k\u00e4ytt\u00f6\u00e4 varten<\/li>\n<li>Tarkastettu yksitellen laadun varmistamiseksi<\/li>\n<li>Musta Melonite-pinnoite suojaukseen<\/li>\n<\/ul>\n<p>Ammattitason ty\u00f6kalu asesepille ja harrastajille.<\/p>\n<\/div>\n","protected":false},"excerpt":{"rendered":"<p>Kest\u00e4v\u00e4 ter\u00e4ksinen ty\u00f6kalu Law Tactical -taittuvien per\u00e4n sovittimien laippoihin.<\/p>\n","protected":false},"featured_media":495820,"template":"","meta":{"_acf_changed":false},"product_brand":[14383],"product_cat":[13241],"product_tag":[],"class_list":{"0":"post-535176","1":"product","2":"type-product","3":"status-publish","4":"has-post-thumbnail","6":"product_brand-law-tactical-llc","7":"product_cat-luokittelematon","9":"first","10":"outofstock","11":"taxable","12":"shipping-taxable","13":"purchasable","14":"product-type-simple"},"acf":[],"_links":{"self":[{"href":"https:\/\/nbg.eu\/fi\/wp-json\/wp\/v2\/product\/535176","targetHints":{"allow":["GET"]}}],"collection":[{"href":"https:\/\/nbg.eu\/fi\/wp-json\/wp\/v2\/product"}],"about":[{"href":"https:\/\/nbg.eu\/fi\/wp-json\/wp\/v2\/types\/product"}],"wp:featuredmedia":[{"embeddable":true,"href":"https:\/\/nbg.eu\/fi\/wp-json\/wp\/v2\/media\/495820"}],"wp:attachment":[{"href":"https:\/\/nbg.eu\/fi\/wp-json\/wp\/v2\/media?parent=535176"}],"wp:term":[{"taxonomy":"product_brand","embeddable":true,"href":"https:\/\/nbg.eu\/fi\/wp-json\/wp\/v2\/product_brand?post=535176"},{"taxonomy":"product_cat","embeddable":true,"href":"https:\/\/nbg.eu\/fi\/wp-json\/wp\/v2\/product_cat?post=535176"},{"taxonomy":"product_tag","embeddable":true,"href":"https:\/\/nbg.eu\/fi\/wp-json\/wp\/v2\/product_tag?post=535176"}],"curies":[{"name":"wp","href":"https:\/\/api.w.org\/{rel}","templated":true}]}}