{"id":535501,"date":"2025-09-05T00:00:24","date_gmt":"2025-09-04T21:00:24","guid":{"rendered":"https:\/\/nbg.eu\/product\/rh-504-2-screws-iwb\/"},"modified":"2026-01-21T11:34:53","modified_gmt":"2026-01-21T08:34:53","slug":"rh-504-2-screws-iwb","status":"publish","type":"product","link":"https:\/\/nbg.eu\/fi\/tuote\/rh-504-2-screws-iwb\/","title":{"rendered":"RH 504-2 Screws IWB"},"content":{"rendered":"<h1>RH 504-2 Ruuvit IWB &#8211; Varaosasarja IWB-koteloille<\/h1>\n<p>RH 504-2 Ruuvit IWB -varaosasarja on suunniteltu Black Trident IWB -koteloille.<\/p>\n<h2>Sarjan sis\u00e4lt\u00f6:<\/h2>\n<ul>\n<li>4 x 9mm ruuvia holkeilla ja v\u00e4likappaleilla<\/li>\n<li>4 x 3mm v\u00e4likappaletta<\/li>\n<li>4 x 6mm ruuvia<\/li>\n<li>4 x 4,7mm holkkia<\/li>\n<\/ul>\n<p>Yhteensopiva Viking-, Quasimodo- ja Guardian-kotelomallien kanssa.<\/p>\n<p><strong>Vinkki:<\/strong> Suosittelemme k\u00e4ytt\u00e4m\u00e4\u00e4n ruuviliimaa (myyd\u00e4\u00e4n erikseen) varusteiden kiinnitt\u00e4miseen.<\/p>\n<p>Tilaa RH 504-2 Ruuvit IWB -sarja pit\u00e4\u00e4ksesi kotelosi kunnossa.<\/p>\n","protected":false},"excerpt":{"rendered":"<p>Korvaava ruuvisarja Black Trident IWB-koteloille. Sis\u00e4lt\u00e4\u00e4 16 osaa.<\/p>\n","protected":false},"featured_media":0,"template":"","meta":{"_acf_changed":false},"product_brand":[11633],"product_cat":[13206],"product_tag":[],"class_list":{"0":"post-535501","1":"product","2":"type-product","3":"status-publish","5":"product_brand-rh-holsters","6":"product_cat-kotelotarvikkeet","8":"first","9":"instock","10":"taxable","11":"shipping-taxable","12":"purchasable","13":"product-type-simple"},"acf":[],"_links":{"self":[{"href":"https:\/\/nbg.eu\/fi\/wp-json\/wp\/v2\/product\/535501","targetHints":{"allow":["GET"]}}],"collection":[{"href":"https:\/\/nbg.eu\/fi\/wp-json\/wp\/v2\/product"}],"about":[{"href":"https:\/\/nbg.eu\/fi\/wp-json\/wp\/v2\/types\/product"}],"wp:attachment":[{"href":"https:\/\/nbg.eu\/fi\/wp-json\/wp\/v2\/media?parent=535501"}],"wp:term":[{"taxonomy":"product_brand","embeddable":true,"href":"https:\/\/nbg.eu\/fi\/wp-json\/wp\/v2\/product_brand?post=535501"},{"taxonomy":"product_cat","embeddable":true,"href":"https:\/\/nbg.eu\/fi\/wp-json\/wp\/v2\/product_cat?post=535501"},{"taxonomy":"product_tag","embeddable":true,"href":"https:\/\/nbg.eu\/fi\/wp-json\/wp\/v2\/product_tag?post=535501"}],"curies":[{"name":"wp","href":"https:\/\/api.w.org\/{rel}","templated":true}]}}