{"id":535929,"date":"2025-09-05T00:03:25","date_gmt":"2025-09-04T21:03:25","guid":{"rendered":"https:\/\/nbg.eu\/product\/utg-pro-monolithic-m-lok-handguard-for-mp5k\/"},"modified":"2026-01-21T12:27:14","modified_gmt":"2026-01-21T09:27:14","slug":"utg-pro-monolithic-m-lok-handguard-for-mp5k","status":"publish","type":"product","link":"https:\/\/nbg.eu\/fi\/tuote\/utg-pro-monolithic-m-lok-handguard-for-mp5k\/","title":{"rendered":"UTG PRO?\u00ae MONOLITHIC M-LOK\u00ae HANDGUARD FOR MP5K"},"content":{"rendered":"<div class=\"product-description\">\n<h2>UTG PRO\u00ae MONOLIITTINEN M-LOK\u00ae K\u00c4SITUKI MP5K:LLE<\/h2>\n<p>UTG PRO\u00ae Monoliittinen M-LOK\u00ae k\u00e4situki MP5K:lle tarjoaa:<\/p>\n<ul>\n<li>Alumiinirakenne<\/li>\n<li>M-LOK\u00ae yhteensopivat kiinnityskohdat lis\u00e4varusteille<\/li>\n<li>Matalaprofiilinen muotoilu<\/li>\n<li>Helppo asennus ilman asesep\u00e4n ty\u00f6t\u00e4<\/li>\n<li>Parantaa l\u00e4mm\u00f6n haihtumista<\/li>\n<li>Valmistettu Yhdysvalloissa, elinik\u00e4inen takuu<\/li>\n<\/ul>\n<p>UTG PRO\u00ae Monoliittinen M-LOK\u00ae k\u00e4situki sopii lainvalvontaviranomaisille, kilpa-ampujille ja aseiden harrastajille.<\/p>\n<\/div>\n","protected":false},"excerpt":{"rendered":"<p>UTG PRO M-LOK k\u00e4situki: Tyylik\u00e4s, kest\u00e4v\u00e4 p\u00e4ivitys MP5K:lle.<\/p>\n","protected":false},"featured_media":745240,"template":"","meta":{"_acf_changed":false},"product_brand":[14411],"product_cat":[14796,13239,13225,13186],"product_tag":[],"class_list":{"0":"post-535929","1":"product","2":"type-product","3":"status-publish","4":"has-post-thumbnail","6":"product_brand-leapers-inc","7":"product_cat-kasisuojat","8":"product_cat-kiskot","9":"product_cat-kivaeaeri","10":"product_cat-kivaeaerin-viritys","12":"first","13":"instock","14":"taxable","15":"shipping-taxable","16":"purchasable","17":"product-type-simple"},"acf":[],"_links":{"self":[{"href":"https:\/\/nbg.eu\/fi\/wp-json\/wp\/v2\/product\/535929","targetHints":{"allow":["GET"]}}],"collection":[{"href":"https:\/\/nbg.eu\/fi\/wp-json\/wp\/v2\/product"}],"about":[{"href":"https:\/\/nbg.eu\/fi\/wp-json\/wp\/v2\/types\/product"}],"wp:featuredmedia":[{"embeddable":true,"href":"https:\/\/nbg.eu\/fi\/wp-json\/wp\/v2\/media\/745240"}],"wp:attachment":[{"href":"https:\/\/nbg.eu\/fi\/wp-json\/wp\/v2\/media?parent=535929"}],"wp:term":[{"taxonomy":"product_brand","embeddable":true,"href":"https:\/\/nbg.eu\/fi\/wp-json\/wp\/v2\/product_brand?post=535929"},{"taxonomy":"product_cat","embeddable":true,"href":"https:\/\/nbg.eu\/fi\/wp-json\/wp\/v2\/product_cat?post=535929"},{"taxonomy":"product_tag","embeddable":true,"href":"https:\/\/nbg.eu\/fi\/wp-json\/wp\/v2\/product_tag?post=535929"}],"curies":[{"name":"wp","href":"https:\/\/api.w.org\/{rel}","templated":true}]}}