{"id":536041,"date":"2025-09-05T00:03:25","date_gmt":"2025-09-04T21:03:25","guid":{"rendered":"https:\/\/nbg.eu\/product\/utg-pro-monolithic-m-lok-handguard-for-mp5-extended-length\/"},"modified":"2026-02-27T15:51:13","modified_gmt":"2026-02-27T12:51:13","slug":"utg-pro-monolithic-m-lok-handguard-for-mp5-extended-length","status":"publish","type":"product","link":"https:\/\/nbg.eu\/fi\/tuote\/utg-pro-monolithic-m-lok-handguard-for-mp5-extended-length\/","title":{"rendered":"UTG PRO\u00ae Monolithic M-LOK\u00ae Handguard, for MP5\u00ae, Extended Length"},"content":{"rendered":"<div class=\"product-description\">\n<h2>UTG PRO\u00ae Monoliittinen M-LOK\u00ae K\u00e4situki MP5\u00ae:lle, Pidennetty Pituus<\/h2>\n<p>MP5\u00ae:n p\u00e4ivitys UTG PRO\u00ae Monoliittisella M-LOK\u00ae K\u00e4situella. T\u00e4m\u00e4 pidennetty k\u00e4situki sis\u00e4lt\u00e4\u00e4:<\/p>\n<ul>\n<li>Alumiinirakenne<\/li>\n<li>M-LOK\u00ae yhteensopivat kiinnityskohdat lis\u00e4varusteille<\/li>\n<li>Pidennetty pituus<\/li>\n<li>Monoliittinen muotoilu<\/li>\n<li>Asennus mukana tulevilla tarvikkeilla<\/li>\n<li>L\u00e4mp\u00f6\u00e4 haihduttavat ominaisuudet<\/li>\n<\/ul>\n<p>T\u00e4m\u00e4 k\u00e4situki muuttaa MP5\u00ae:n muokattavaksi alustaksi. UTG PRO\u00ae Monoliittinen M-LOK\u00ae K\u00e4situki.<\/p>\n<\/div>\n","protected":false},"excerpt":{"rendered":"<p>UTG PRO\u00ae Jatkettu M-LOK\u00ae K\u00e4situki MP5\u00ae:lle: Kest\u00e4v\u00e4, monik\u00e4ytt\u00f6inen, tarkkuussuunniteltu.<\/p>\n","protected":false},"featured_media":745408,"template":"","meta":{"_acf_changed":false},"product_brand":[14411],"product_cat":[14796,13239,13225,13186],"product_tag":[],"class_list":{"0":"post-536041","1":"product","2":"type-product","3":"status-publish","4":"has-post-thumbnail","6":"product_brand-leapers-inc","7":"product_cat-kasisuojat","8":"product_cat-kiskot","9":"product_cat-kivaeaeri","10":"product_cat-kivaeaerin-viritys","12":"first","13":"instock","14":"taxable","15":"shipping-taxable","16":"purchasable","17":"product-type-simple"},"acf":[],"_links":{"self":[{"href":"https:\/\/nbg.eu\/fi\/wp-json\/wp\/v2\/product\/536041","targetHints":{"allow":["GET"]}}],"collection":[{"href":"https:\/\/nbg.eu\/fi\/wp-json\/wp\/v2\/product"}],"about":[{"href":"https:\/\/nbg.eu\/fi\/wp-json\/wp\/v2\/types\/product"}],"wp:featuredmedia":[{"embeddable":true,"href":"https:\/\/nbg.eu\/fi\/wp-json\/wp\/v2\/media\/745408"}],"wp:attachment":[{"href":"https:\/\/nbg.eu\/fi\/wp-json\/wp\/v2\/media?parent=536041"}],"wp:term":[{"taxonomy":"product_brand","embeddable":true,"href":"https:\/\/nbg.eu\/fi\/wp-json\/wp\/v2\/product_brand?post=536041"},{"taxonomy":"product_cat","embeddable":true,"href":"https:\/\/nbg.eu\/fi\/wp-json\/wp\/v2\/product_cat?post=536041"},{"taxonomy":"product_tag","embeddable":true,"href":"https:\/\/nbg.eu\/fi\/wp-json\/wp\/v2\/product_tag?post=536041"}],"curies":[{"name":"wp","href":"https:\/\/api.w.org\/{rel}","templated":true}]}}