{"id":536256,"date":"2025-09-05T00:15:54","date_gmt":"2025-09-04T21:15:54","guid":{"rendered":"https:\/\/nbg.eu\/product\/dillon-aluminum-roller-handle\/"},"modified":"2026-01-21T11:59:38","modified_gmt":"2026-01-21T08:59:38","slug":"dillon-aluminum-roller-handle","status":"publish","type":"product","link":"https:\/\/nbg.eu\/fi\/tuote\/dillon-aluminum-roller-handle\/","title":{"rendered":"Dillon Aluminum Roller Handle"},"content":{"rendered":"<div class=\"product-description\">\n<h2>Dillon Alumiininen Rullakahva<\/h2>\n<p>Dillon Precision -lis\u00e4varustekahva. T\u00e4m\u00e4 kevyt alumiininen rullakahva on suunniteltu parantamaan mukavuutta ja tehokkuutta pitkiss\u00e4 uudelleenlatausistunnoissa.<\/p>\n<ul>\n<li>Yhteensopiva RL550, XL750 ja 650 -lataajien kanssa<\/li>\n<li>V\u00e4hent\u00e4\u00e4 k\u00e4ytt\u00e4j\u00e4n v\u00e4symyst\u00e4<\/li>\n<li>Helpottaa nallien asettamista<\/li>\n<li>Kest\u00e4v\u00e4 alumiinirakenne<\/li>\n<li>Saatavana Dillonin sinisess\u00e4 v\u00e4riss\u00e4<\/li>\n<\/ul>\n<p>T\u00e4m\u00e4 lis\u00e4varuste helpottaa uudelleenlatausprosessia.<\/p>\n<\/div>\n","protected":false},"excerpt":{"rendered":"<p>Ergonominen alumiininen rullauskahva helpompaan lataamiseen. Sopii RL550\/XL750\/650-malleihin.<\/p>\n","protected":false},"featured_media":496386,"template":"","meta":{"_acf_changed":false},"product_brand":[14334],"product_cat":[13200,13211],"product_tag":[],"class_list":{"0":"post-536256","1":"product","2":"type-product","3":"status-publish","4":"has-post-thumbnail","6":"product_brand-dillon-precision","7":"product_cat-latauksen-lisaevarusteet","8":"product_cat-lataustarvikkeet","10":"first","11":"outofstock","12":"taxable","13":"shipping-taxable","14":"purchasable","15":"product-type-simple"},"acf":[],"_links":{"self":[{"href":"https:\/\/nbg.eu\/fi\/wp-json\/wp\/v2\/product\/536256","targetHints":{"allow":["GET"]}}],"collection":[{"href":"https:\/\/nbg.eu\/fi\/wp-json\/wp\/v2\/product"}],"about":[{"href":"https:\/\/nbg.eu\/fi\/wp-json\/wp\/v2\/types\/product"}],"wp:featuredmedia":[{"embeddable":true,"href":"https:\/\/nbg.eu\/fi\/wp-json\/wp\/v2\/media\/496386"}],"wp:attachment":[{"href":"https:\/\/nbg.eu\/fi\/wp-json\/wp\/v2\/media?parent=536256"}],"wp:term":[{"taxonomy":"product_brand","embeddable":true,"href":"https:\/\/nbg.eu\/fi\/wp-json\/wp\/v2\/product_brand?post=536256"},{"taxonomy":"product_cat","embeddable":true,"href":"https:\/\/nbg.eu\/fi\/wp-json\/wp\/v2\/product_cat?post=536256"},{"taxonomy":"product_tag","embeddable":true,"href":"https:\/\/nbg.eu\/fi\/wp-json\/wp\/v2\/product_tag?post=536256"}],"curies":[{"name":"wp","href":"https:\/\/api.w.org\/{rel}","templated":true}]}}