{"id":536366,"date":"2025-09-05T00:16:15","date_gmt":"2025-09-04T21:16:15","guid":{"rendered":"https:\/\/nbg.eu\/product\/ar-15-a2-pistol-grip\/"},"modified":"2026-01-21T11:34:07","modified_gmt":"2026-01-21T08:34:07","slug":"ar-15-a2-pistol-grip","status":"publish","type":"product","link":"https:\/\/nbg.eu\/fi\/tuote\/ar-15-a2-pistol-grip\/","title":{"rendered":"AR-15 A2 PISTOL GRIP"},"content":{"rendered":"<h1>CZ Shadow 2 Orange &#8211; Kilpailupistooli<\/h1>\n<p>CZ Shadow 2 Orange -pistoolissa on seuraavat ominaisuudet:<\/p>\n<ul>\n<li>Tehtaalla asennettu piipun holkki<\/li>\n<li>S\u00e4\u00e4detty liipaisin lyhyell\u00e4 palautuksella<\/li>\n<li>K\u00e4sin sovitettu luisti ja runko<\/li>\n<li>Kahvat ja pidennetty lippaanvapautin<\/li>\n<li>S\u00e4\u00e4dett\u00e4v\u00e4 lippaanvapautin kolmella asetuksella<\/li>\n<li>Nitridi-pintak\u00e4sittely ja lis\u00e4pinnoite rungossa<\/li>\n<li>Ohuet alumiinikahvat kuvioidulla pinnalla<\/li>\n<li>Valokuituetut\u00e4ht\u00e4in ja s\u00e4\u00e4dett\u00e4v\u00e4 HAJO-takat\u00e4ht\u00e4in<\/li>\n<li>Molempik\u00e4tinen varmistin<\/li>\n<\/ul>\n<p>9mm Luger -kaliiperi, 17+1 patruunan kapasiteetti, 46,5 unssin ter\u00e4srunkoinen pistooli kilpa-ampujille.<\/p>\n","protected":false},"excerpt":{"rendered":"<p>Klassinen AR-15-kahva. Ergonominen muotoilu. Kest\u00e4v\u00e4 polymeerinen rakenne.<\/p>\n","protected":false},"featured_media":496409,"template":"","meta":{"_acf_changed":false},"product_brand":[],"product_cat":[13225,13186],"product_tag":[],"class_list":{"0":"post-536366","1":"product","2":"type-product","3":"status-publish","4":"has-post-thumbnail","6":"product_cat-kivaeaeri","7":"product_cat-kivaeaerin-viritys","9":"first","10":"outofstock","11":"taxable","12":"shipping-taxable","13":"purchasable","14":"product-type-simple"},"acf":[],"_links":{"self":[{"href":"https:\/\/nbg.eu\/fi\/wp-json\/wp\/v2\/product\/536366","targetHints":{"allow":["GET"]}}],"collection":[{"href":"https:\/\/nbg.eu\/fi\/wp-json\/wp\/v2\/product"}],"about":[{"href":"https:\/\/nbg.eu\/fi\/wp-json\/wp\/v2\/types\/product"}],"wp:featuredmedia":[{"embeddable":true,"href":"https:\/\/nbg.eu\/fi\/wp-json\/wp\/v2\/media\/496409"}],"wp:attachment":[{"href":"https:\/\/nbg.eu\/fi\/wp-json\/wp\/v2\/media?parent=536366"}],"wp:term":[{"taxonomy":"product_brand","embeddable":true,"href":"https:\/\/nbg.eu\/fi\/wp-json\/wp\/v2\/product_brand?post=536366"},{"taxonomy":"product_cat","embeddable":true,"href":"https:\/\/nbg.eu\/fi\/wp-json\/wp\/v2\/product_cat?post=536366"},{"taxonomy":"product_tag","embeddable":true,"href":"https:\/\/nbg.eu\/fi\/wp-json\/wp\/v2\/product_tag?post=536366"}],"curies":[{"name":"wp","href":"https:\/\/api.w.org\/{rel}","templated":true}]}}