{"id":537867,"date":"2025-09-05T17:25:45","date_gmt":"2025-09-05T14:25:45","guid":{"rendered":"https:\/\/nbg.eu\/product\/sons-of-liberty-gun-works-ar-15-bolt-catch-spring\/"},"modified":"2026-01-21T11:44:38","modified_gmt":"2026-01-21T08:44:38","slug":"sons-of-liberty-gun-works-ar-15-lukon-kiinnitin-jousi","status":"publish","type":"product","link":"https:\/\/nbg.eu\/fi\/tuote\/sons-of-liberty-gun-works-ar-15-lukon-kiinnitin-jousi\/","title":{"rendered":"SONS OF LIBERTY GUN WORKS AR-15 LUKON KIINNITIN JOUSI"},"content":{"rendered":"<div class=\"product-description\">\n<h2>SONS OF LIBERTY GUN WORKS AR-15 LUKONPID\u00c4TTIMEN JOUSI (10 kpl pakkaus)<\/h2>\n<p>AR-15:n lukonpid\u00e4ttimen jousi. Valmistettu Yhdysvalloissa, t\u00e4m\u00e4 osa varmistaa aseen lukonpid\u00e4ttimen mekanismin toiminnan.<\/p>\n<h2>Ominaisuudet:<\/h2>\n<ul>\n<li>Suunniteltu AR-15 alustoille<\/li>\n<li>Kest\u00e4v\u00e4 rakenne<\/li>\n<li>Varmistaa lukonpid\u00e4ttimen toiminnan<\/li>\n<li>Valmistettu Yhdysvalloissa<\/li>\n<li>Myyd\u00e4\u00e4n 10 kappaleen pakkauksessa<\/li>\n<\/ul>\n<p>Tuotetiedot:<\/p>\n<ul>\n<li>Paino: 0,01 lbs (noin 4,5 g)<\/li>\n<\/ul>\n<p>AR-15 lukonpid\u00e4ttimen jousi.<\/p>\n<\/div>\n","protected":false},"excerpt":{"rendered":"<p>Yhdysvalloissa valmistettu AR-15-lukitussalvan jousi. V\u00e4ltt\u00e4m\u00e4t\u00f6n, kest\u00e4v\u00e4 varaosa.<\/p>\n","protected":false},"featured_media":496931,"template":"","meta":{"_acf_changed":false},"product_brand":[14571],"product_cat":[13193,13175],"product_tag":[],"class_list":{"0":"post-537867","1":"product","2":"type-product","3":"status-publish","4":"has-post-thumbnail","6":"product_brand-sons-of-liberty-gun-works","7":"product_cat-jouset","8":"product_cat-kmr-osat","10":"first","11":"instock","12":"taxable","13":"shipping-taxable","14":"purchasable","15":"product-type-simple"},"acf":[],"_links":{"self":[{"href":"https:\/\/nbg.eu\/fi\/wp-json\/wp\/v2\/product\/537867","targetHints":{"allow":["GET"]}}],"collection":[{"href":"https:\/\/nbg.eu\/fi\/wp-json\/wp\/v2\/product"}],"about":[{"href":"https:\/\/nbg.eu\/fi\/wp-json\/wp\/v2\/types\/product"}],"wp:featuredmedia":[{"embeddable":true,"href":"https:\/\/nbg.eu\/fi\/wp-json\/wp\/v2\/media\/496931"}],"wp:attachment":[{"href":"https:\/\/nbg.eu\/fi\/wp-json\/wp\/v2\/media?parent=537867"}],"wp:term":[{"taxonomy":"product_brand","embeddable":true,"href":"https:\/\/nbg.eu\/fi\/wp-json\/wp\/v2\/product_brand?post=537867"},{"taxonomy":"product_cat","embeddable":true,"href":"https:\/\/nbg.eu\/fi\/wp-json\/wp\/v2\/product_cat?post=537867"},{"taxonomy":"product_tag","embeddable":true,"href":"https:\/\/nbg.eu\/fi\/wp-json\/wp\/v2\/product_tag?post=537867"}],"curies":[{"name":"wp","href":"https:\/\/api.w.org\/{rel}","templated":true}]}}