{"id":538079,"date":"2025-09-05T17:27:03","date_gmt":"2025-09-05T14:27:03","guid":{"rendered":"https:\/\/nbg.eu\/product\/colt-ar-15-stock-assy-collapsible-oem-blk\/"},"modified":"2026-01-21T11:34:53","modified_gmt":"2026-01-21T08:34:53","slug":"colt-ar-15-stock-assy-collapsible-oem-blk","status":"publish","type":"product","link":"https:\/\/nbg.eu\/fi\/tuote\/colt-ar-15-stock-assy-collapsible-oem-blk\/","title":{"rendered":"COLT AR-15 Stock Assy Collapsible OEM BLK"},"content":{"rendered":"<h1>COLT AR-15 Per\u00e4tuki Kokoonpano Taittuva OEM Musta<\/h1>\n<p>COLT AR-15 Per\u00e4tuki Kokoonpano Taittuva OEM Musta. T\u00e4m\u00e4 komponentti tarjoaa:<\/p>\n<ul>\n<li>Yhteensopivuus AR-15, M16 ja AR-15\/M4 mallien kanssa<\/li>\n<li>Taittuva rakenne s\u00e4ilytyst\u00e4 ja kuljetusta varten<\/li>\n<li>Musta mattapinta<\/li>\n<li>Kest\u00e4v\u00e4 komposiittirakenne<\/li>\n<li>OEM-laadunvarmistus<\/li>\n<\/ul>\n<p>T\u00e4m\u00e4 per\u00e4tuki tarjoaa monipuolisuutta ja mukavuutta. S\u00e4\u00e4dett\u00e4v\u00e4 pituus mahdollistaa k\u00e4sittelyn eri tilanteissa.<\/p>\n<p>Tekniset tiedot:<\/p>\n<ul>\n<li>Paino: 0,181 kg<\/li>\n<li>Mitat: 157 mm x 130 mm x 28 mm<\/li>\n<li>Valmistettu Yhdysvalloissa<\/li>\n<li>Yhdysvaltain vientiluokitus: 0A501.y.1<\/li>\n<\/ul>\n<p>COLT:n per\u00e4tuki AR-15 aseeseen.<\/p>\n","protected":false},"excerpt":{"rendered":"<p>Kokoontaittuva AR-15-per\u00e4n kokoonpano. Alkuper\u00e4inen musta, matta viimeistely.<\/p>\n","protected":false},"featured_media":496977,"template":"","meta":{"_acf_changed":false},"product_brand":[],"product_cat":[13221,13186],"product_tag":[],"class_list":{"0":"post-538079","1":"product","2":"type-product","3":"status-publish","4":"has-post-thumbnail","6":"product_cat-kivaeaerin-tuet","7":"product_cat-kivaeaerin-viritys","9":"first","10":"outofstock","11":"taxable","12":"shipping-taxable","13":"purchasable","14":"product-type-simple"},"acf":[],"_links":{"self":[{"href":"https:\/\/nbg.eu\/fi\/wp-json\/wp\/v2\/product\/538079","targetHints":{"allow":["GET"]}}],"collection":[{"href":"https:\/\/nbg.eu\/fi\/wp-json\/wp\/v2\/product"}],"about":[{"href":"https:\/\/nbg.eu\/fi\/wp-json\/wp\/v2\/types\/product"}],"wp:featuredmedia":[{"embeddable":true,"href":"https:\/\/nbg.eu\/fi\/wp-json\/wp\/v2\/media\/496977"}],"wp:attachment":[{"href":"https:\/\/nbg.eu\/fi\/wp-json\/wp\/v2\/media?parent=538079"}],"wp:term":[{"taxonomy":"product_brand","embeddable":true,"href":"https:\/\/nbg.eu\/fi\/wp-json\/wp\/v2\/product_brand?post=538079"},{"taxonomy":"product_cat","embeddable":true,"href":"https:\/\/nbg.eu\/fi\/wp-json\/wp\/v2\/product_cat?post=538079"},{"taxonomy":"product_tag","embeddable":true,"href":"https:\/\/nbg.eu\/fi\/wp-json\/wp\/v2\/product_tag?post=538079"}],"curies":[{"name":"wp","href":"https:\/\/api.w.org\/{rel}","templated":true}]}}