{"id":538424,"date":"2025-09-05T17:36:50","date_gmt":"2025-09-05T14:36:50","guid":{"rendered":"https:\/\/nbg.eu\/product\/ar-15-m16-quick-detach-receiver-end-plate\/"},"modified":"2026-01-21T12:35:08","modified_gmt":"2026-01-21T09:35:08","slug":"ar-15-m16-quick-detach-receiver-end-plate","status":"publish","type":"product","link":"https:\/\/nbg.eu\/fi\/tuote\/ar-15-m16-quick-detach-receiver-end-plate\/","title":{"rendered":"AR-15\/M16 QUICK DETACH RECEIVER END PLATE"},"content":{"rendered":"<div class=\"product-description\">\n<h2>AR-15\/M16 BCMGUNFIGHTER QD-p\u00e4\u00e4tylevyy<\/h2>\n<p>AR-15 tai M16 -aseeseen sopiva BCMGUNFIGHTER Quick Detach (QD) -p\u00e4\u00e4tylevy. T\u00e4m\u00e4 lis\u00e4varuste on suunniteltu lis\u00e4\u00e4m\u00e4\u00e4n aseen monik\u00e4ytt\u00f6isyytt\u00e4 ja kest\u00e4vyytt\u00e4.<\/p>\n<ul>\n<li>Valmistettu ter\u00e4ksest\u00e4 kest\u00e4vyytt\u00e4 varten<\/li>\n<li>Sis\u00e4lt\u00e4\u00e4 sis\u00e4\u00e4nrakennetun Quick Disconnect (QD) -kiinnityspisteen<\/li>\n<li>Yhteensopiva AR-15 ja AR-308 -alustojen kanssa<\/li>\n<li>Mahdollistaa kiinnitt\u00e4misen turvallista asennusta varten<\/li>\n<li>Valmistettu Yhdysvalloissa<\/li>\n<li>Saatavana mustana<\/li>\n<\/ul>\n<p>BCMGUNFIGHTER QD -p\u00e4\u00e4tylevy mahdollistaa hihnojen nopean kiinnityksen ja irrotuksen, parantaen kiv\u00e4\u00e4rin k\u00e4sittely\u00e4 ja monik\u00e4ytt\u00f6isyytt\u00e4 eri tilanteissa. T\u00e4m\u00e4 on olennainen osa AR-15 tai M16 -aseen p\u00e4ivitt\u00e4miseen.<\/p>\n<\/div>\n","protected":false},"excerpt":{"rendered":"<p>Ter\u00e4ksinen QD-p\u00e4\u00e4tylevyAR-15\/M16:lle. Valmistettu Yhdysvalloissa, niitattava malli.<\/p>\n","protected":false},"featured_media":497155,"template":"","meta":{"_acf_changed":false},"product_brand":[],"product_cat":[13186],"product_tag":[],"class_list":{"0":"post-538424","1":"product","2":"type-product","3":"status-publish","4":"has-post-thumbnail","6":"product_cat-kivaeaerin-viritys","8":"first","9":"instock","10":"taxable","11":"shipping-taxable","12":"purchasable","13":"product-type-simple"},"acf":[],"_links":{"self":[{"href":"https:\/\/nbg.eu\/fi\/wp-json\/wp\/v2\/product\/538424","targetHints":{"allow":["GET"]}}],"collection":[{"href":"https:\/\/nbg.eu\/fi\/wp-json\/wp\/v2\/product"}],"about":[{"href":"https:\/\/nbg.eu\/fi\/wp-json\/wp\/v2\/types\/product"}],"wp:featuredmedia":[{"embeddable":true,"href":"https:\/\/nbg.eu\/fi\/wp-json\/wp\/v2\/media\/497155"}],"wp:attachment":[{"href":"https:\/\/nbg.eu\/fi\/wp-json\/wp\/v2\/media?parent=538424"}],"wp:term":[{"taxonomy":"product_brand","embeddable":true,"href":"https:\/\/nbg.eu\/fi\/wp-json\/wp\/v2\/product_brand?post=538424"},{"taxonomy":"product_cat","embeddable":true,"href":"https:\/\/nbg.eu\/fi\/wp-json\/wp\/v2\/product_cat?post=538424"},{"taxonomy":"product_tag","embeddable":true,"href":"https:\/\/nbg.eu\/fi\/wp-json\/wp\/v2\/product_tag?post=538424"}],"curies":[{"name":"wp","href":"https:\/\/api.w.org\/{rel}","templated":true}]}}