{"id":538709,"date":"2025-09-05T17:36:57","date_gmt":"2025-09-05T14:36:57","guid":{"rendered":"https:\/\/nbg.eu\/product\/aero-precision-receiver-extension-end-plate-for-ar-15-black\/"},"modified":"2026-01-21T12:01:59","modified_gmt":"2026-01-21T09:01:59","slug":"aero-precision-receiver-extension-end-plate-for-ar-15-black","status":"publish","type":"product","link":"https:\/\/nbg.eu\/fi\/tuote\/aero-precision-receiver-extension-end-plate-for-ar-15-black\/","title":{"rendered":"AERO PRECISION RECEIVER EXTENSION END PLATE FOR AR-15 BLACK"},"content":{"rendered":"<div class=\"product-description\">\n<h1>AERO PRECISION VASTAANOTINPUTKEN P\u00c4\u00c4TYLEVY AR-15:LLE, MUSTA<\/h1>\n<p>Aero Precision vastaanotinputken p\u00e4\u00e4tylevy. T\u00e4m\u00e4 komponentti on v\u00e4ltt\u00e4m\u00e4t\u00f6n s\u00e4\u00e4dett\u00e4vill\u00e4 perill\u00e4 varustetuille karbiineille, yhdist\u00e4en puskuriputken ja vastaanottimen.<\/p>\n<ul>\n<li>Valmistettu Yhdysvalloissa<\/li>\n<li>Yhteensopiva AR-15 ja AR-308 alustojen kanssa<\/li>\n<li>Suunniteltu karbiinin puskuriputkille<\/li>\n<li>Valmistettu ter\u00e4ksest\u00e4<\/li>\n<li>Musta viimeistely<\/li>\n<li>Varmistaa oikean kohdistuksen ja vakauden<\/li>\n<\/ul>\n<p>T\u00e4m\u00e4 p\u00e4\u00e4tylevy on olennainen AR-15 komponentti, joka tarjoaa luotettavuutta ja suorituskyky\u00e4.<\/p>\n<\/div>\n","protected":false},"excerpt":{"rendered":"<p>Mil-spec AR-15 karbiinikiv\u00e4\u00e4rin per\u00e4levyke. Valmistettu Yhdysvalloissa, musta ter\u00e4s.<\/p>\n","protected":false},"featured_media":497270,"template":"","meta":{"_acf_changed":false},"product_brand":[],"product_cat":[13186],"product_tag":[],"class_list":{"0":"post-538709","1":"product","2":"type-product","3":"status-publish","4":"has-post-thumbnail","6":"product_cat-kivaeaerin-viritys","8":"first","9":"outofstock","10":"taxable","11":"shipping-taxable","12":"purchasable","13":"product-type-simple"},"acf":[],"_links":{"self":[{"href":"https:\/\/nbg.eu\/fi\/wp-json\/wp\/v2\/product\/538709","targetHints":{"allow":["GET"]}}],"collection":[{"href":"https:\/\/nbg.eu\/fi\/wp-json\/wp\/v2\/product"}],"about":[{"href":"https:\/\/nbg.eu\/fi\/wp-json\/wp\/v2\/types\/product"}],"wp:featuredmedia":[{"embeddable":true,"href":"https:\/\/nbg.eu\/fi\/wp-json\/wp\/v2\/media\/497270"}],"wp:attachment":[{"href":"https:\/\/nbg.eu\/fi\/wp-json\/wp\/v2\/media?parent=538709"}],"wp:term":[{"taxonomy":"product_brand","embeddable":true,"href":"https:\/\/nbg.eu\/fi\/wp-json\/wp\/v2\/product_brand?post=538709"},{"taxonomy":"product_cat","embeddable":true,"href":"https:\/\/nbg.eu\/fi\/wp-json\/wp\/v2\/product_cat?post=538709"},{"taxonomy":"product_tag","embeddable":true,"href":"https:\/\/nbg.eu\/fi\/wp-json\/wp\/v2\/product_tag?post=538709"}],"curies":[{"name":"wp","href":"https:\/\/api.w.org\/{rel}","templated":true}]}}