{"id":539114,"date":"2025-09-05T17:38:06","date_gmt":"2025-09-05T14:38:06","guid":{"rendered":"https:\/\/nbg.eu\/product\/ar-15-extractor-pin\/"},"modified":"2026-01-21T11:33:27","modified_gmt":"2026-01-21T08:33:27","slug":"ar-15-extractor-pin","status":"publish","type":"product","link":"https:\/\/nbg.eu\/fi\/tuote\/ar-15-extractor-pin\/","title":{"rendered":"AR-15 EXTRACTOR PIN"},"content":{"rendered":"<h1>BRN AR-15 ulosvetotappi, musta<\/h1>\n<p>BRN AR-15 ulosvetotappi on suunniteltu AR-15\/M16-kiv\u00e4\u00e4rien alkuper\u00e4isten valmistajan m\u00e4\u00e4ritysten mukaisesti.<\/p>\n<h2>Ominaisuudet:<\/h2>\n<ul>\n<li>Valmistettu Yhdysvalloissa<\/li>\n<li>Ikuinen takuu<\/li>\n<li>Fosfaattipinnoite<\/li>\n<li>Musta v\u00e4ri<\/li>\n<li>Valmistettu ter\u00e4ksest\u00e4<\/li>\n<li>Sopii AR-15-alustoihin<\/li>\n<\/ul>\n<p>T\u00e4m\u00e4 osa on tarkoitettu aseen huoltoon tai p\u00e4ivitt\u00e4miseen. Se on valmistettu Yhdysvalloissa ja sill\u00e4 on Brownellsin elinik\u00e4inen takuu.<\/p>\n<p><strong>Tuotetiedot:<\/strong> Brownells #100040958 | MFR #AZT-M4-556ST016 | UPC 050806029637<\/p>\n","protected":false},"excerpt":{"rendered":"<p>OEM AR-15\/M16 vaihto-osan ulosvetimen tappi. Musta, USA:ssa valmistettu, elinik\u00e4inen takuu.<\/p>\n","protected":false},"featured_media":497339,"template":"","meta":{"_acf_changed":false},"product_brand":[],"product_cat":[13186],"product_tag":[],"class_list":{"0":"post-539114","1":"product","2":"type-product","3":"status-publish","4":"has-post-thumbnail","6":"product_cat-kivaeaerin-viritys","8":"first","9":"instock","10":"taxable","11":"shipping-taxable","12":"purchasable","13":"product-type-simple"},"acf":[],"_links":{"self":[{"href":"https:\/\/nbg.eu\/fi\/wp-json\/wp\/v2\/product\/539114","targetHints":{"allow":["GET"]}}],"collection":[{"href":"https:\/\/nbg.eu\/fi\/wp-json\/wp\/v2\/product"}],"about":[{"href":"https:\/\/nbg.eu\/fi\/wp-json\/wp\/v2\/types\/product"}],"wp:featuredmedia":[{"embeddable":true,"href":"https:\/\/nbg.eu\/fi\/wp-json\/wp\/v2\/media\/497339"}],"wp:attachment":[{"href":"https:\/\/nbg.eu\/fi\/wp-json\/wp\/v2\/media?parent=539114"}],"wp:term":[{"taxonomy":"product_brand","embeddable":true,"href":"https:\/\/nbg.eu\/fi\/wp-json\/wp\/v2\/product_brand?post=539114"},{"taxonomy":"product_cat","embeddable":true,"href":"https:\/\/nbg.eu\/fi\/wp-json\/wp\/v2\/product_cat?post=539114"},{"taxonomy":"product_tag","embeddable":true,"href":"https:\/\/nbg.eu\/fi\/wp-json\/wp\/v2\/product_tag?post=539114"}],"curies":[{"name":"wp","href":"https:\/\/api.w.org\/{rel}","templated":true}]}}