{"id":539248,"date":"2025-09-05T17:38:16","date_gmt":"2025-09-05T14:38:16","guid":{"rendered":"https:\/\/nbg.eu\/product\/zero-compromise-optic-zc527-10mil-mpct2x\/"},"modified":"2026-01-21T11:29:43","modified_gmt":"2026-01-21T08:29:43","slug":"zero-compromise-optic-zc527-10mil-mpct2x","status":"publish","type":"product","link":"https:\/\/nbg.eu\/fi\/tuote\/zero-compromise-optic-zc527-10mil-mpct2x\/","title":{"rendered":"Zero Compromise Optic ZC527 10MIL MPCT2X"},"content":{"rendered":"<h1>Zero Compromise Optic ZC527 10MIL MPCT2X<\/h1>\n<p>ZC527 on kiikarit\u00e4ht\u00e4in, jonka pituus on 387mm ja paino 1122g. Se tarjoaa seuraavat ominaisuudet:<\/p>\n<ul>\n<li>35 mil korkeudens\u00e4\u00e4t\u00f6<\/li>\n<li>20 mil sivuttaiss\u00e4\u00e4t\u00f6<\/li>\n<li>7m\/100m n\u00e4k\u00f6kentt\u00e4<\/li>\n<li>Hyv\u00e4 valonl\u00e4p\u00e4isy<\/li>\n<li>Tarkka erottelukyky<\/li>\n<\/ul>\n<p>ZC527 on valmistettu laadukkaista materiaaleista. Saatavana vakioviimeistelyll\u00e4 tai FDE-v\u00e4rill\u00e4 (flat dark earth).<\/p>\n<p>Zero Compromise Optic ZC527 on kiikarit\u00e4ht\u00e4in ampumiseen.<\/p>\n","protected":false},"excerpt":{"rendered":"<p>Korkealaatuinen kiikarit\u00e4ht\u00e4in: Vertaansa vailla oleva kirkkaus, laaja n\u00e4k\u00f6kentt\u00e4, tarkat s\u00e4\u00e4d\u00f6t.<\/p>\n","protected":false},"featured_media":497385,"template":"","meta":{"_acf_changed":false},"product_brand":[15187],"product_cat":[13189,13176],"product_tag":[],"class_list":{"0":"post-539248","1":"product","2":"type-product","3":"status-publish","4":"has-post-thumbnail","6":"product_brand-zero-compromise-optics","7":"product_cat-suurennetut-optiikka","8":"product_cat-taehtaeaeminen","10":"first","11":"outofstock","12":"taxable","13":"shipping-taxable","14":"purchasable","15":"product-type-simple"},"acf":[],"_links":{"self":[{"href":"https:\/\/nbg.eu\/fi\/wp-json\/wp\/v2\/product\/539248","targetHints":{"allow":["GET"]}}],"collection":[{"href":"https:\/\/nbg.eu\/fi\/wp-json\/wp\/v2\/product"}],"about":[{"href":"https:\/\/nbg.eu\/fi\/wp-json\/wp\/v2\/types\/product"}],"wp:featuredmedia":[{"embeddable":true,"href":"https:\/\/nbg.eu\/fi\/wp-json\/wp\/v2\/media\/497385"}],"wp:attachment":[{"href":"https:\/\/nbg.eu\/fi\/wp-json\/wp\/v2\/media?parent=539248"}],"wp:term":[{"taxonomy":"product_brand","embeddable":true,"href":"https:\/\/nbg.eu\/fi\/wp-json\/wp\/v2\/product_brand?post=539248"},{"taxonomy":"product_cat","embeddable":true,"href":"https:\/\/nbg.eu\/fi\/wp-json\/wp\/v2\/product_cat?post=539248"},{"taxonomy":"product_tag","embeddable":true,"href":"https:\/\/nbg.eu\/fi\/wp-json\/wp\/v2\/product_tag?post=539248"}],"curies":[{"name":"wp","href":"https:\/\/api.w.org\/{rel}","templated":true}]}}