{"id":539384,"date":"2025-09-05T17:38:17","date_gmt":"2025-09-05T14:38:17","guid":{"rendered":"https:\/\/nbg.eu\/product\/zco-mount\/"},"modified":"2026-01-21T11:38:41","modified_gmt":"2026-01-21T08:38:41","slug":"zco-mount","status":"publish","type":"product","link":"https:\/\/nbg.eu\/fi\/tuote\/zco-mount\/","title":{"rendered":"ZCO Mount"},"content":{"rendered":"<div class=\"product-description\">\n<h1>ZCO Lohkokiinnitys: Tarkkuusvalmistettu ammattik\u00e4ytt\u00f6\u00f6n tarkoitetuille kiikarit\u00e4ht\u00e4imille<\/h1>\n<p>ZCO lohkokiinnityksess\u00e4 on 0Mil \/ 6Mil kallistusvaihtoehdot. Valmistettu It\u00e4vallassa CNC-jyrsint\u00e4tekniikalla ZCO kiikarit\u00e4ht\u00e4imille.<\/p>\n<ul>\n<li>Valmistettu EN AW-7075 alumiinista anodisoitupinnoitteella<\/li>\n<li>Taitettava vatupassi (kiinnitys vasemmalle tai oikealle)<\/li>\n<li>Integroitu kangasnauhan kiinnitys<\/li>\n<li>Sis\u00e4lt\u00e4\u00e4 kiilapalat t\u00e4ht\u00e4imen kohdistamiseen<\/li>\n<li>Mukana tarvittavat Torx-k\u00e4rjet<\/li>\n<\/ul>\n<p>ZCO lohkokiinnitys on suunniteltu yhdist\u00e4m\u00e4\u00e4n lujuus, tarkkuus ja monipuolisuus.<\/p>\n<\/div>\n","protected":false},"excerpt":{"rendered":"<p>Precision ZCO-jalusta: Ammattitasoinen, CNC-koneistettu, sis\u00e4\u00e4nrakennetulla vesivaa&#8217;alla.<\/p>\n","protected":false},"featured_media":497523,"template":"","meta":{"_acf_changed":false},"product_brand":[15187],"product_cat":[14889,13176],"product_tag":[],"class_list":{"0":"post-539384","1":"product","2":"type-product","3":"status-publish","4":"has-post-thumbnail","6":"product_brand-zero-compromise-optics","7":"product_cat-mounts-fi","8":"product_cat-taehtaeaeminen","10":"first","11":"outofstock","12":"taxable","13":"shipping-taxable","14":"purchasable","15":"product-type-simple"},"acf":[],"_links":{"self":[{"href":"https:\/\/nbg.eu\/fi\/wp-json\/wp\/v2\/product\/539384","targetHints":{"allow":["GET"]}}],"collection":[{"href":"https:\/\/nbg.eu\/fi\/wp-json\/wp\/v2\/product"}],"about":[{"href":"https:\/\/nbg.eu\/fi\/wp-json\/wp\/v2\/types\/product"}],"wp:featuredmedia":[{"embeddable":true,"href":"https:\/\/nbg.eu\/fi\/wp-json\/wp\/v2\/media\/497523"}],"wp:attachment":[{"href":"https:\/\/nbg.eu\/fi\/wp-json\/wp\/v2\/media?parent=539384"}],"wp:term":[{"taxonomy":"product_brand","embeddable":true,"href":"https:\/\/nbg.eu\/fi\/wp-json\/wp\/v2\/product_brand?post=539384"},{"taxonomy":"product_cat","embeddable":true,"href":"https:\/\/nbg.eu\/fi\/wp-json\/wp\/v2\/product_cat?post=539384"},{"taxonomy":"product_tag","embeddable":true,"href":"https:\/\/nbg.eu\/fi\/wp-json\/wp\/v2\/product_tag?post=539384"}],"curies":[{"name":"wp","href":"https:\/\/api.w.org\/{rel}","templated":true}]}}