{"id":539764,"date":"2025-09-05T17:40:49","date_gmt":"2025-09-05T14:40:49","guid":{"rendered":"https:\/\/nbg.eu\/product\/scope-mount-30mm-vortex-pro-series-low-pr30-l\/"},"modified":"2026-01-21T12:26:39","modified_gmt":"2026-01-21T09:26:39","slug":"scope-mount-30mm-vortex-pro-series-low-pr30-l","status":"publish","type":"product","link":"https:\/\/nbg.eu\/fi\/tuote\/scope-mount-30mm-vortex-pro-series-low-pr30-l\/","title":{"rendered":"Scope mount 30mm Vortex Pro Series LOW PR30-l"},"content":{"rendered":"<h1>Vortex Pro 30mm Matalat (0.90&#8243;) Kiikarit\u00e4ht\u00e4imen Renkaat PR30-L<\/h1>\n<p>Vortex Pro -sarjan 30mm matalat renkaat kiikarit\u00e4ht\u00e4imen kiinnitt\u00e4miseen. Valmistettu lentokoneissa k\u00e4ytett\u00e4v\u00e4st\u00e4 6061-alumiinista.<\/p>\n<h2>Ominaisuudet:<\/h2>\n<ul>\n<li>Kova anodisoitu matta musta pinta<\/li>\n<li>Laserilla kaiverretut kiristysmomenttitiedot<\/li>\n<li>#8 kiinnittimet<\/li>\n<li>Integroitu rekyyliura<\/li>\n<li>Yhteensopiva Weaver- ja Picatinny-kiskojen kanssa<\/li>\n<li>Paino 1.58 unssia<\/li>\n<\/ul>\n<p>Vortex Pro PR30-L -renkaat varmistavat kiikarit\u00e4ht\u00e4imen pysymisen paikallaan. Sopii laadukkaita tuotteita etsiville mets\u00e4st\u00e4jille.<\/p>\n","protected":false},"excerpt":{"rendered":"<p>Kest\u00e4v\u00e4t 30 mm:n matalat kiikarit\u00e4ht\u00e4imen renkaat Weaver\/Picatinny-kiskoille. Tarkkuusty\u00f6stetty.<\/p>\n","protected":false},"featured_media":497569,"template":"","meta":{"_acf_changed":false},"product_brand":[11957],"product_cat":[13176,13201],"product_tag":[],"class_list":{"0":"post-539764","1":"product","2":"type-product","3":"status-publish","4":"has-post-thumbnail","6":"product_brand-vortex","7":"product_cat-taehtaeaeminen","8":"product_cat-taehtaeyksen-lisaevarusteet","10":"first","11":"outofstock","12":"taxable","13":"shipping-taxable","14":"purchasable","15":"product-type-simple"},"acf":[],"_links":{"self":[{"href":"https:\/\/nbg.eu\/fi\/wp-json\/wp\/v2\/product\/539764","targetHints":{"allow":["GET"]}}],"collection":[{"href":"https:\/\/nbg.eu\/fi\/wp-json\/wp\/v2\/product"}],"about":[{"href":"https:\/\/nbg.eu\/fi\/wp-json\/wp\/v2\/types\/product"}],"wp:featuredmedia":[{"embeddable":true,"href":"https:\/\/nbg.eu\/fi\/wp-json\/wp\/v2\/media\/497569"}],"wp:attachment":[{"href":"https:\/\/nbg.eu\/fi\/wp-json\/wp\/v2\/media?parent=539764"}],"wp:term":[{"taxonomy":"product_brand","embeddable":true,"href":"https:\/\/nbg.eu\/fi\/wp-json\/wp\/v2\/product_brand?post=539764"},{"taxonomy":"product_cat","embeddable":true,"href":"https:\/\/nbg.eu\/fi\/wp-json\/wp\/v2\/product_cat?post=539764"},{"taxonomy":"product_tag","embeddable":true,"href":"https:\/\/nbg.eu\/fi\/wp-json\/wp\/v2\/product_tag?post=539764"}],"curies":[{"name":"wp","href":"https:\/\/api.w.org\/{rel}","templated":true}]}}