{"id":539875,"date":"2025-09-05T17:40:49","date_gmt":"2025-09-05T14:40:49","guid":{"rendered":"https:\/\/nbg.eu\/product\/badger-ordnance-c1-coaxial-laser-integration-fixture-9-slot-rail-black-700-20b\/"},"modified":"2026-01-21T12:07:04","modified_gmt":"2026-01-21T09:07:04","slug":"badger-ordnance-c1-coaxial-laser-integration-fixture-9-slot-rail-black-700-20b","status":"publish","type":"product","link":"https:\/\/nbg.eu\/fi\/tuote\/badger-ordnance-c1-coaxial-laser-integration-fixture-9-slot-rail-black-700-20b\/","title":{"rendered":"BADGER ORDNANCE C1 COAXIAL LASER INTEGRATION FIXTURE 9 SLOT RAIL BLACK (700-20B)"},"content":{"rendered":"<div class=\"product-description\">\n<h2>BADGER ORDNANCE C1 KOAKSIAALINEN LASERINTEGROINTIKIINNIKE 9 URAN KISKO MUSTA (700-20B)<\/h2>\n<p>Badger Ordnance 9-uran CLIF (Koaksiaalinen laserintegrointikiinnike) on suunniteltu k\u00e4ytett\u00e4v\u00e4ksi Badgerin Condition One -kiinnikkeiden kanssa. Se mahdollistaa aseeseen kiinnitett\u00e4vien laseret\u00e4isyysmittareiden liitt\u00e4misen.<\/p>\n<ul>\n<li>Yhteensopiva ARC:n kanssa lasereiden ja et\u00e4isyysmittareiden kiinnitt\u00e4miseksi optiikan yl\u00e4puolelle<\/li>\n<li>Kiinnittyy ilman C1-lis\u00e4varusterenkaansuojuksen poistamista, s\u00e4ilytt\u00e4en p\u00e4\u00e4optiikan alkuper\u00e4isen kohdistuksen<\/li>\n<li>9-urainen kiskorakenne erilaisia kiinnitysmahdollisuuksia varten<\/li>\n<li>Musta viimeistely<\/li>\n<li>Osanumero: 700-20B<\/li>\n<\/ul>\n<\/div>\n","protected":false},"excerpt":{"rendered":"<p>BADGER ORDNANCE C1 CLIF: 9-paikkainen kisko optiikkaan integroitavalle laserille.<\/p>\n","protected":false},"featured_media":497592,"template":"","meta":{"_acf_changed":false},"product_brand":[11084],"product_cat":[14889,13176,13201],"product_tag":[],"class_list":{"0":"post-539875","1":"product","2":"type-product","3":"status-publish","4":"has-post-thumbnail","6":"product_brand-badger-ordnance","7":"product_cat-mounts-fi","8":"product_cat-taehtaeaeminen","9":"product_cat-taehtaeyksen-lisaevarusteet","11":"first","12":"instock","13":"taxable","14":"shipping-taxable","15":"purchasable","16":"product-type-simple"},"acf":[],"_links":{"self":[{"href":"https:\/\/nbg.eu\/fi\/wp-json\/wp\/v2\/product\/539875","targetHints":{"allow":["GET"]}}],"collection":[{"href":"https:\/\/nbg.eu\/fi\/wp-json\/wp\/v2\/product"}],"about":[{"href":"https:\/\/nbg.eu\/fi\/wp-json\/wp\/v2\/types\/product"}],"wp:featuredmedia":[{"embeddable":true,"href":"https:\/\/nbg.eu\/fi\/wp-json\/wp\/v2\/media\/497592"}],"wp:attachment":[{"href":"https:\/\/nbg.eu\/fi\/wp-json\/wp\/v2\/media?parent=539875"}],"wp:term":[{"taxonomy":"product_brand","embeddable":true,"href":"https:\/\/nbg.eu\/fi\/wp-json\/wp\/v2\/product_brand?post=539875"},{"taxonomy":"product_cat","embeddable":true,"href":"https:\/\/nbg.eu\/fi\/wp-json\/wp\/v2\/product_cat?post=539875"},{"taxonomy":"product_tag","embeddable":true,"href":"https:\/\/nbg.eu\/fi\/wp-json\/wp\/v2\/product_tag?post=539875"}],"curies":[{"name":"wp","href":"https:\/\/api.w.org\/{rel}","templated":true}]}}