{"id":540016,"date":"2025-09-05T17:41:43","date_gmt":"2025-09-05T14:41:43","guid":{"rendered":"https:\/\/nbg.eu\/product\/dillon-750-650-550-machine-strong-mount\/"},"modified":"2026-01-21T12:05:05","modified_gmt":"2026-01-21T09:05:05","slug":"dillon-750-650-550-machine-strong-mount","status":"publish","type":"product","link":"https:\/\/nbg.eu\/fi\/tuote\/dillon-750-650-550-machine-strong-mount\/","title":{"rendered":"Dillon 750\/650\/550 Machine Strong Mount"},"content":{"rendered":"<h2>Dillon 750\/650\/550 -koneen jalusta<\/h2>\n<p>Dillon 750\/650\/550 -jalusta on lis\u00e4varuste, joka on suunniteltu parantamaan latauspenkki\u00e4. Se tarjoaa paremman mukavuuden ja vakauden Dillon-puristimelle.<\/p>\n<ul>\n<li>Yhteensopiva RL550-, RL550B-, RL550C-, XL650- ja XL750-mallien kanssa<\/li>\n<li>Nostaa puristimen korkeutta 21,5 cm ergonomian parantamiseksi<\/li>\n<li>Leve\u00e4mpi pohja v\u00e4hent\u00e4\u00e4 t\u00e4rin\u00e4\u00e4 ja huojuntaa tarkkaa latausta varten<\/li>\n<li>Suositellaan kaikille 550-, 650- ja 750-lataajille<\/li>\n<\/ul>\n<p>Jalustan lis\u00e4tty korkeus ja suurempi pohja luovat mukavamman k\u00e4ytt\u00f6asennon ja v\u00e4hent\u00e4v\u00e4t puristimen liikett\u00e4. T\u00e4m\u00e4 vakaus on t\u00e4rke\u00e4\u00e4 tasalaatuisten latausten saavuttamiseksi. T\u00e4m\u00e4 Dillonin lis\u00e4varuste parantaa latausasetelmaa.<\/p>\n","protected":false},"excerpt":{"rendered":"<p>Kohota ja vakauta Dillon-puristimesi parantaaksesi lataustoimenpiteiden mukavuutta.<\/p>\n","protected":false},"featured_media":497615,"template":"","meta":{"_acf_changed":false},"product_brand":[14334],"product_cat":[13200,13211,13158],"product_tag":[],"class_list":{"0":"post-540016","1":"product","2":"type-product","3":"status-publish","4":"has-post-thumbnail","6":"product_brand-dillon-precision","7":"product_cat-latauksen-lisaevarusteet","8":"product_cat-lataustarvikkeet","11":"first","12":"outofstock","13":"taxable","14":"shipping-taxable","15":"purchasable","16":"product-type-simple"},"acf":[],"_links":{"self":[{"href":"https:\/\/nbg.eu\/fi\/wp-json\/wp\/v2\/product\/540016","targetHints":{"allow":["GET"]}}],"collection":[{"href":"https:\/\/nbg.eu\/fi\/wp-json\/wp\/v2\/product"}],"about":[{"href":"https:\/\/nbg.eu\/fi\/wp-json\/wp\/v2\/types\/product"}],"wp:featuredmedia":[{"embeddable":true,"href":"https:\/\/nbg.eu\/fi\/wp-json\/wp\/v2\/media\/497615"}],"wp:attachment":[{"href":"https:\/\/nbg.eu\/fi\/wp-json\/wp\/v2\/media?parent=540016"}],"wp:term":[{"taxonomy":"product_brand","embeddable":true,"href":"https:\/\/nbg.eu\/fi\/wp-json\/wp\/v2\/product_brand?post=540016"},{"taxonomy":"product_cat","embeddable":true,"href":"https:\/\/nbg.eu\/fi\/wp-json\/wp\/v2\/product_cat?post=540016"},{"taxonomy":"product_tag","embeddable":true,"href":"https:\/\/nbg.eu\/fi\/wp-json\/wp\/v2\/product_tag?post=540016"}],"curies":[{"name":"wp","href":"https:\/\/api.w.org\/{rel}","templated":true}]}}