{"id":540257,"date":"2025-09-05T17:42:22","date_gmt":"2025-09-05T14:42:22","guid":{"rendered":"https:\/\/nbg.eu\/product\/ameriglo-range-fo-sight-set-for-glock\/"},"modified":"2026-01-21T12:29:16","modified_gmt":"2026-01-21T09:29:16","slug":"ameriglo-range-fo-sight-set-for-glock","status":"publish","type":"product","link":"https:\/\/nbg.eu\/fi\/tuote\/ameriglo-range-fo-sight-set-for-glock\/","title":{"rendered":"AMERIGLO RANGE FO SIGHT SET FOR GLOCK"},"content":{"rendered":"<div class=\"product-description\">\n<h2>AMERIGLO T\u00c4HT\u00c4INSARJA GLOCKILLE<\/h2>\n<p>T\u00e4ht\u00e4insarja Glock G5 9mm\/.40 Kaliiberi -aseelle. T\u00e4m\u00e4 t\u00e4ht\u00e4insarja on suunniteltu parantamaan ampumatarkkuutta ja kohteen havaitsemista.<\/p>\n<ul>\n<li>Yhteensopiva Glock 19 Gen 5 ja Glock 23 Gen 5 -mallien kanssa<\/li>\n<li>Valmistettu ter\u00e4ksest\u00e4<\/li>\n<li>Musta pinta<\/li>\n<li>Neliskulmainen hahlo parantaa t\u00e4ht\u00e4inkuvaa<\/li>\n<li>Uritettu pinta v\u00e4hent\u00e4\u00e4 heijastuksia<\/li>\n<li>Kevyt, painaa 0,313 paunaa<\/li>\n<\/ul>\n<p>N\u00e4m\u00e4 t\u00e4ht\u00e4imet tarjoavat luotettavuutta ja suorituskyky\u00e4 ampumaradalla ja taktisissa tilanteissa. Helppo asentaa ja kest\u00e4v\u00e4 rakenne. AMERIGLO t\u00e4ht\u00e4insarja on p\u00e4ivitys Glock-aseelle.<\/p>\n<\/div>\n","protected":false},"excerpt":{"rendered":"<p>Musta hammastettu t\u00e4ht\u00e4insarja Glock G5 9mm\/.40 -aseisiin, ter\u00e4srakenne.<\/p>\n","protected":false},"featured_media":497801,"template":"","meta":{"_acf_changed":false},"product_brand":[],"product_cat":[13195,13171,13176,13201],"product_tag":[],"class_list":{"0":"post-540257","1":"product","2":"type-product","3":"status-publish","4":"has-post-thumbnail","6":"product_cat-pistooli","7":"product_cat-pistoolin-osat","8":"product_cat-taehtaeaeminen","9":"product_cat-taehtaeyksen-lisaevarusteet","11":"first","12":"outofstock","13":"taxable","14":"shipping-taxable","15":"purchasable","16":"product-type-simple"},"acf":[],"_links":{"self":[{"href":"https:\/\/nbg.eu\/fi\/wp-json\/wp\/v2\/product\/540257","targetHints":{"allow":["GET"]}}],"collection":[{"href":"https:\/\/nbg.eu\/fi\/wp-json\/wp\/v2\/product"}],"about":[{"href":"https:\/\/nbg.eu\/fi\/wp-json\/wp\/v2\/types\/product"}],"wp:featuredmedia":[{"embeddable":true,"href":"https:\/\/nbg.eu\/fi\/wp-json\/wp\/v2\/media\/497801"}],"wp:attachment":[{"href":"https:\/\/nbg.eu\/fi\/wp-json\/wp\/v2\/media?parent=540257"}],"wp:term":[{"taxonomy":"product_brand","embeddable":true,"href":"https:\/\/nbg.eu\/fi\/wp-json\/wp\/v2\/product_brand?post=540257"},{"taxonomy":"product_cat","embeddable":true,"href":"https:\/\/nbg.eu\/fi\/wp-json\/wp\/v2\/product_cat?post=540257"},{"taxonomy":"product_tag","embeddable":true,"href":"https:\/\/nbg.eu\/fi\/wp-json\/wp\/v2\/product_tag?post=540257"}],"curies":[{"name":"wp","href":"https:\/\/api.w.org\/{rel}","templated":true}]}}