{"id":540607,"date":"2025-09-05T17:42:22","date_gmt":"2025-09-05T14:42:22","guid":{"rendered":"https:\/\/nbg.eu\/product\/lyman-pro-trim-die\/"},"modified":"2026-01-21T11:45:39","modified_gmt":"2026-01-21T08:45:39","slug":"lyman-pro-trim-die","status":"publish","type":"product","link":"https:\/\/nbg.eu\/fi\/tuote\/lyman-pro-trim-die\/","title":{"rendered":"Lyman Pro Trim Die"},"content":{"rendered":"<div class=\"product-description\">\n<h2>Lyman Pro Trim -muotit<\/h2>\n<p>Lyman Pro Trim -muotit on valmistettu Yhdysvalloissa. N\u00e4m\u00e4 muotit sis\u00e4lt\u00e4v\u00e4t:<\/p>\n<ul>\n<li>Ruostumattomasta ter\u00e4ksest\u00e4 valmistettu rakenne<\/li>\n<li>7\/8-14 alakierre, yhteensopiva kaikkien Lyman, Mark 7 ja muiden latauspuristimien kanssa<\/li>\n<li>13\/16-20 yl\u00e4kierre, suunniteltu Lymanin puristimeen kiinnitett\u00e4v\u00e4lle trimmerille ja muille vaihtoehdoille<\/li>\n<li>Elinik\u00e4inen k\u00e4ytt\u00f6takuu materiaalien ja valmistuksen ansiosta<\/li>\n<\/ul>\n<p>Lyman Pro Trim -muotit tarjoavat tarkkuutta ja monipuolisuutta latausv\u00e4lineiss\u00e4. Muotit tarjoavat laadun ja yhteensopivuuden, jota tarvitaan johdonmukaisiin ja tarkkoihin tuloksiin.<\/p>\n<\/div>\n","protected":false},"excerpt":{"rendered":"<p>Tarkasti valmistettu yhdysvaltalainen ruostumattomasta ter\u00e4ksest\u00e4 tehty hylsyn trimmausty\u00f6kalu. Yhteensopiva puristimen kanssa.<\/p>\n","protected":false},"featured_media":497825,"template":"","meta":{"_acf_changed":false},"product_brand":[11270],"product_cat":[13200,13211],"product_tag":[],"class_list":{"0":"post-540607","1":"product","2":"type-product","3":"status-publish","4":"has-post-thumbnail","6":"product_brand-doublealpha","7":"product_cat-latauksen-lisaevarusteet","8":"product_cat-lataustarvikkeet","10":"first","11":"outofstock","12":"taxable","13":"shipping-taxable","14":"purchasable","15":"product-type-simple"},"acf":[],"_links":{"self":[{"href":"https:\/\/nbg.eu\/fi\/wp-json\/wp\/v2\/product\/540607","targetHints":{"allow":["GET"]}}],"collection":[{"href":"https:\/\/nbg.eu\/fi\/wp-json\/wp\/v2\/product"}],"about":[{"href":"https:\/\/nbg.eu\/fi\/wp-json\/wp\/v2\/types\/product"}],"wp:featuredmedia":[{"embeddable":true,"href":"https:\/\/nbg.eu\/fi\/wp-json\/wp\/v2\/media\/497825"}],"wp:attachment":[{"href":"https:\/\/nbg.eu\/fi\/wp-json\/wp\/v2\/media?parent=540607"}],"wp:term":[{"taxonomy":"product_brand","embeddable":true,"href":"https:\/\/nbg.eu\/fi\/wp-json\/wp\/v2\/product_brand?post=540607"},{"taxonomy":"product_cat","embeddable":true,"href":"https:\/\/nbg.eu\/fi\/wp-json\/wp\/v2\/product_cat?post=540607"},{"taxonomy":"product_tag","embeddable":true,"href":"https:\/\/nbg.eu\/fi\/wp-json\/wp\/v2\/product_tag?post=540607"}],"curies":[{"name":"wp","href":"https:\/\/api.w.org\/{rel}","templated":true}]}}