{"id":540711,"date":"2025-09-05T17:42:23","date_gmt":"2025-09-05T14:42:23","guid":{"rendered":"https:\/\/nbg.eu\/product\/zco-throw-lever\/"},"modified":"2026-01-21T11:39:58","modified_gmt":"2026-01-21T08:39:58","slug":"zco-throw-lever","status":"publish","type":"product","link":"https:\/\/nbg.eu\/fi\/tuote\/zco-throw-lever\/","title":{"rendered":"ZCO &#8211; Throw Lever"},"content":{"rendered":"<h1>ZCO &#8211; Vipuvipu<\/h1>\n<p>ZCO Vipuvipu on suunniteltu Zero Compromise Optic -tarkkuuskiv\u00e4\u00e4rikaukoputkille. T\u00e4m\u00e4 lis\u00e4varuste integroituu kaukoputken okulaarikoteloon ja mahdollistaa nopean suurennoksen s\u00e4\u00e4d\u00f6n.<\/p>\n<h2>Ominaisuudet:<\/h2>\n<ul>\n<li>Valmistettu yhdest\u00e4 kappaleesta 7075-T6 alumiinia<\/li>\n<li>Hiekkapuhallettu ja kovanodisoitu kest\u00e4vyyden parantamiseksi<\/li>\n<li>Yksinkertainen asentaa<\/li>\n<li>S\u00e4\u00e4dett\u00e4v\u00e4 asento kaukoputken s\u00e4\u00e4t\u00f6renkaassa<\/li>\n<li>Sopii ulkon\u00e4\u00f6lt\u00e4\u00e4n ZCO-kaukoputkiin<\/li>\n<\/ul>\n<p>ZCO Vipuvipu mahdollistaa nopeammat suurennoksen muutokset ja paremman hallinnan.<\/p>\n","protected":false},"excerpt":{"rendered":"<p>ZCO-vipuvipu: Nopea suurennoksen s\u00e4\u00e4t\u00f6 tarkkuuskiikareihin.<\/p>\n","protected":false},"featured_media":497848,"template":"","meta":{"_acf_changed":false},"product_brand":[15187],"product_cat":[13189,13176,13201],"product_tag":[],"class_list":{"0":"post-540711","1":"product","2":"type-product","3":"status-publish","4":"has-post-thumbnail","6":"product_brand-zero-compromise-optics","7":"product_cat-suurennetut-optiikka","8":"product_cat-taehtaeaeminen","9":"product_cat-taehtaeyksen-lisaevarusteet","11":"first","12":"instock","13":"taxable","14":"shipping-taxable","15":"purchasable","16":"product-type-simple"},"acf":[],"_links":{"self":[{"href":"https:\/\/nbg.eu\/fi\/wp-json\/wp\/v2\/product\/540711","targetHints":{"allow":["GET"]}}],"collection":[{"href":"https:\/\/nbg.eu\/fi\/wp-json\/wp\/v2\/product"}],"about":[{"href":"https:\/\/nbg.eu\/fi\/wp-json\/wp\/v2\/types\/product"}],"wp:featuredmedia":[{"embeddable":true,"href":"https:\/\/nbg.eu\/fi\/wp-json\/wp\/v2\/media\/497848"}],"wp:attachment":[{"href":"https:\/\/nbg.eu\/fi\/wp-json\/wp\/v2\/media?parent=540711"}],"wp:term":[{"taxonomy":"product_brand","embeddable":true,"href":"https:\/\/nbg.eu\/fi\/wp-json\/wp\/v2\/product_brand?post=540711"},{"taxonomy":"product_cat","embeddable":true,"href":"https:\/\/nbg.eu\/fi\/wp-json\/wp\/v2\/product_cat?post=540711"},{"taxonomy":"product_tag","embeddable":true,"href":"https:\/\/nbg.eu\/fi\/wp-json\/wp\/v2\/product_tag?post=540711"}],"curies":[{"name":"wp","href":"https:\/\/api.w.org\/{rel}","templated":true}]}}