{"id":547272,"date":"2025-09-05T18:17:28","date_gmt":"2025-09-05T15:17:28","guid":{"rendered":"https:\/\/nbg.eu\/product\/armazone-viper-fts\/"},"modified":"2026-01-21T11:40:18","modified_gmt":"2026-01-21T08:40:18","slug":"armazone-viper-fts","status":"publish","type":"product","link":"https:\/\/nbg.eu\/fi\/tuote\/armazone-viper-fts\/","title":{"rendered":"Armazone Viper FTS"},"content":{"rendered":"<div class=\"product-description\">\n<h2>Armazone Viper FTS -adapteri<\/h2>\n<p>Armazone Viper FTS -adapteri on tarkoitettu y\u00f6n\u00e4k\u00f6- tai l\u00e4mp\u00f6kuvauslaitteiden kiinnitt\u00e4miseen Picatinny- tai Weaver-jalustaan. T\u00e4m\u00e4 adapteri tarjoaa seuraavat ominaisuudet:<\/p>\n<ul>\n<li>L\u00e4mp\u00f6kuvauslaitteiden nopea kiinnitys<\/li>\n<li>Yhteensopivuus p\u00e4iv\u00e4kiikarien n\u00e4k\u00f6kent\u00e4n kanssa<\/li>\n<li>Nopea k\u00e4ytt\u00f6 erilaisissa ampumatilanteissa<\/li>\n<li>Yhteensopiva sek\u00e4 Picatinny- ett\u00e4 Weaver-jalustojen kanssa<\/li>\n<li>Kest\u00e4v\u00e4 rakenne kentt\u00e4k\u00e4ytt\u00f6\u00f6n<\/li>\n<\/ul>\n<p>Armazone Viper FTS -adapteri sopii taktisiin toimintoihin, mets\u00e4stykseen ja urheiluammuntaan. Se mahdollistaa optiikan k\u00e4yt\u00f6n h\u00e4m\u00e4r\u00e4ss\u00e4 ja pime\u00e4ss\u00e4.<\/p>\n<\/div>\n","protected":false},"excerpt":{"rendered":"<p>Armazone Viper FTS: Pikakiinnitysadapteri l\u00e4mp\u00f6-\/pime\u00e4n\u00e4k\u00f6laitteille.<\/p>\n","protected":false},"featured_media":499305,"template":"","meta":{"_acf_changed":false},"product_brand":[14248],"product_cat":[13196,14889,13176,13201],"product_tag":[],"class_list":{"0":"post-547272","1":"product","2":"type-product","3":"status-publish","4":"has-post-thumbnail","6":"product_brand-armazone","7":"product_cat-laempoekamera","8":"product_cat-mounts-fi","9":"product_cat-taehtaeaeminen","10":"product_cat-taehtaeyksen-lisaevarusteet","12":"first","13":"instock","14":"taxable","15":"shipping-taxable","16":"purchasable","17":"product-type-simple"},"acf":[],"_links":{"self":[{"href":"https:\/\/nbg.eu\/fi\/wp-json\/wp\/v2\/product\/547272","targetHints":{"allow":["GET"]}}],"collection":[{"href":"https:\/\/nbg.eu\/fi\/wp-json\/wp\/v2\/product"}],"about":[{"href":"https:\/\/nbg.eu\/fi\/wp-json\/wp\/v2\/types\/product"}],"wp:featuredmedia":[{"embeddable":true,"href":"https:\/\/nbg.eu\/fi\/wp-json\/wp\/v2\/media\/499305"}],"wp:attachment":[{"href":"https:\/\/nbg.eu\/fi\/wp-json\/wp\/v2\/media?parent=547272"}],"wp:term":[{"taxonomy":"product_brand","embeddable":true,"href":"https:\/\/nbg.eu\/fi\/wp-json\/wp\/v2\/product_brand?post=547272"},{"taxonomy":"product_cat","embeddable":true,"href":"https:\/\/nbg.eu\/fi\/wp-json\/wp\/v2\/product_cat?post=547272"},{"taxonomy":"product_tag","embeddable":true,"href":"https:\/\/nbg.eu\/fi\/wp-json\/wp\/v2\/product_tag?post=547272"}],"curies":[{"name":"wp","href":"https:\/\/api.w.org\/{rel}","templated":true}]}}