{"id":575076,"date":"2025-10-10T12:34:49","date_gmt":"2025-10-10T09:34:49","guid":{"rendered":"https:\/\/nbg.eu\/product\/grips-kmr-l-modular-brass\/"},"modified":"2026-04-16T16:49:17","modified_gmt":"2026-04-16T13:49:17","slug":"kahvat-kmr-l-modulaarinen-messinki","status":"publish","type":"product","link":"https:\/\/nbg.eu\/fi\/tuote\/kahvat-kmr-l-modulaarinen-messinki\/","title":{"rendered":"KMR Kahvat L Modular Messinki"},"content":{"rendered":"<h2>GRIPS KMR L MODULAR BRASS<\/h2>\n<p><strong>Viite:<\/strong> 0611-04101-0316<\/p>\n<p>GRIPS KMR L MODULAR BRASS on t\u00e4ysikokoinen kahva KMR:lle ilman magwelli\u00e4. Modulaarinen pinta mahdollistaa mukautetun otteen.<\/p>\n<h2>Yhteensopivat aseet:<\/h2>\n<ul>\n<li>KMR L-02 SPECTRA (2024 eteenp\u00e4in)<\/li>\n<li>KMR L-02 SPECTRA (vuoteen 2023 asti)<\/li>\n<li>KMR L-02 UMBRA<\/li>\n<li>KMR L-02 UMBRA (2024 eteenp\u00e4in)<\/li>\n<li>KMR L-02 UMBRA (vuoteen 2023 asti)<\/li>\n<\/ul>\n<p>T\u00e4m\u00e4 kahva on suunniteltu KMR:n k\u00e4sittelyn parantamiseen.<\/p>\n","protected":false},"excerpt":{"rendered":"<p>T\u00e4ysikokoinen modulaarinen messinkikahva KMR L-02 SPECTRA\/UMBRA-malleille.<\/p>\n","protected":false},"featured_media":575116,"template":"","meta":{"_acf_changed":false},"product_brand":[11494],"product_cat":[13175,14875],"product_tag":[],"class_list":{"0":"post-575076","1":"product","2":"type-product","3":"status-publish","4":"has-post-thumbnail","6":"product_brand-kmr-precision","7":"product_cat-kmr-osat","8":"product_cat-pistol-grips-fi","10":"first","11":"instock","12":"taxable","13":"shipping-taxable","14":"purchasable","15":"product-type-simple"},"acf":[],"_links":{"self":[{"href":"https:\/\/nbg.eu\/fi\/wp-json\/wp\/v2\/product\/575076","targetHints":{"allow":["GET"]}}],"collection":[{"href":"https:\/\/nbg.eu\/fi\/wp-json\/wp\/v2\/product"}],"about":[{"href":"https:\/\/nbg.eu\/fi\/wp-json\/wp\/v2\/types\/product"}],"wp:featuredmedia":[{"embeddable":true,"href":"https:\/\/nbg.eu\/fi\/wp-json\/wp\/v2\/media\/575116"}],"wp:attachment":[{"href":"https:\/\/nbg.eu\/fi\/wp-json\/wp\/v2\/media?parent=575076"}],"wp:term":[{"taxonomy":"product_brand","embeddable":true,"href":"https:\/\/nbg.eu\/fi\/wp-json\/wp\/v2\/product_brand?post=575076"},{"taxonomy":"product_cat","embeddable":true,"href":"https:\/\/nbg.eu\/fi\/wp-json\/wp\/v2\/product_cat?post=575076"},{"taxonomy":"product_tag","embeddable":true,"href":"https:\/\/nbg.eu\/fi\/wp-json\/wp\/v2\/product_tag?post=575076"}],"curies":[{"name":"wp","href":"https:\/\/api.w.org\/{rel}","templated":true}]}}